{"id":116619,"date":"2026-01-04T00:00:00","date_gmt":"2026-01-03T23:00:00","guid":{"rendered":"http:\/\/gpl-love.com\/fr\/produit\/superio-job-board-wordpress-theme\/"},"modified":"2026-04-10T18:41:44","modified_gmt":"2026-04-10T16:41:44","slug":"superio-job-board-wordpress-theme","status":"publish","type":"product","link":"https:\/\/gpl-love.com\/fr\/produit\/superio-job-board-wordpress-theme\/","title":{"rendered":"Superio Job Board WordPress Theme 1.3.34"},"content":{"rendered":"<h3>Superio Job Board WordPress Theme Traits<\/h3>\n<p>Le th\u00e8me WordPress du Board Board, r\u00e9put\u00e9 pour sa nature formidable et multiforme, s&rsquo;av\u00e8re \u00eatre une solution exemplaire lorsqu&rsquo;il s&rsquo;agit de fabriquer des sites d&#8217;emploi sophistiqu\u00e9s et des sites Web de recrutement. Poss\u00e9dant une gamme diversifi\u00e9e d&rsquo;options et de fonctionnalit\u00e9s personnalisables, qui comprennent un assortiment de listes d&#8217;emplois, une fonctionnalit\u00e9 de recherche avanc\u00e9e et des profils de membres complets, ce th\u00e8me r\u00e9pond ind\u00e9niablement aux besoins et aux aspirations des entreprises, des recruteurs et des demandeurs d&#8217;emploi. De plus, sa r\u00e9activit\u00e9 in\u00e9gal\u00e9e garantit une exp\u00e9rience esth\u00e9tique et sans couture dans toutes sortes d&rsquo;appareils. Avec sa conception impeccablement poli et son interface intuitivement navigable, le th\u00e8me WordPress du Board Board de Supero appara\u00eet comme un choix sans \u00e9quivoque pour ceux qui cherchent \u00e0 \u00e9tablir un conseil d&#8217;emploi sup\u00e9rieur ou un site de recrutement de qualit\u00e9 in\u00e9gal\u00e9e.<\/p>\n<ul>\n<li>Options de configuration et de personnalisation faciles pour afficher les publications<\/li>\n<li>Options de mise en page multiples pour les listes d&#8217;emplois et les pages de travaux uniques<\/li>\n<li>Int\u00e9gration avec des plugins populaires du conseil d&#8217;emploi tels que WP Job Manager et le gestionnaire de CV<\/li>\n<li>Formulaires d&rsquo;application personnalisables et syst\u00e8me de suivi des candidats<\/li>\n<li>Option pour les alertes d&#8217;emploi et les recherches enregistr\u00e9es pour les utilisateurs<\/li>\n<li>Conception r\u00e9active pour la compatibilit\u00e9 avec tous les appareils<\/li>\n<li>Partage des m\u00e9dias sociaux int\u00e9gr\u00e9s et compatibilit\u00e9 avec les plateformes de m\u00e9dias sociaux populaires<\/li>\n<li>Optimisation du r\u00e9f\u00e9rencement pour un meilleur classement des moteurs de recherche<\/li>\n<li>Option pour les forfaits d&#8217;emploi bas\u00e9s sur l&rsquo;abonnement pour les employeurs<\/li>\n<li>Options de filtrage de recherche avanc\u00e9es pour les demandeurs d&#8217;emploi.<\/li>\n<\/ul>\n","protected":false},"excerpt":{"rendered":"<p>Le th\u00e8me WordPress du Board Board Superio s&rsquo;av\u00e8re \u00eatre la quintessence d&rsquo;un recours formidable en ce qui concerne la cr\u00e9ation d&rsquo;un site Web exquis de l&rsquo;office professionnel. Impr\u00e9gn\u00e9 d&rsquo;un assortiment de fonctionnalit\u00e9s de pointe, allant des widgets sur mesure aux formulaires de soumission frontale, ainsi que des options de gestion de la liste d&#8217;emplois et de la pointe de la technologie, ce th\u00e8me ph\u00e9nom\u00e9nal est con\u00e7u avec une \u00e9l\u00e9gante et contemporaine \u00e9l\u00e9gante et contemporaine esth\u00e9tique qui est pleinement \u00e0 l&rsquo;\u00e9coute de toutes les tailles d&rsquo;\u00e9cran, garantissant ainsi une exp\u00e9rience utilisateur sans faille. En vertu de ce th\u00e8me remarquable, la cr\u00e9ation de postes d&#8217;emploi est rendue remarquablement sans effort, aboutissant \u00e0 la livraison d&rsquo;un voyage de chasse d&#8217;emploi in\u00e9gal\u00e9 vers vos utilisateurs ch\u00e9ris. Embrassez le th\u00e8me WordPress du Board Board Supero aujourd&rsquo;hui et propulsez votre conseil d&rsquo;administration \u00e0 des hauteurs de succ\u00e8s in\u00e9gal\u00e9es.<\/p>\n","protected":false},"featured_media":145425,"comment_status":"open","ping_status":"open","template":"","meta":[],"product_brand":[2433],"product_cat":[1516,1212,1213],"product_tag":[1366],"class_list":{"0":"post-116619","1":"product","2":"type-product","3":"status-publish","4":"has-post-thumbnail","6":"product_brand-themeforest","7":"product_cat-entreprise","8":"product_cat-themes","9":"product_cat-wordpress-themes","10":"product_tag-themeforest","11":"member-discount","12":"discount-restricted","14":"first","15":"instock","16":"sale","17":"downloadable","18":"virtual","19":"sold-individually","20":"purchasable","21":"product-type-simple"},"_links":{"self":[{"href":"https:\/\/gpl-love.com\/fr\/wp-json\/wp\/v2\/product\/116619","targetHints":{"allow":["GET"]}}],"collection":[{"href":"https:\/\/gpl-love.com\/fr\/wp-json\/wp\/v2\/product"}],"about":[{"href":"https:\/\/gpl-love.com\/fr\/wp-json\/wp\/v2\/types\/product"}],"replies":[{"embeddable":true,"href":"https:\/\/gpl-love.com\/fr\/wp-json\/wp\/v2\/comments?post=116619"}],"wp:featuredmedia":[{"embeddable":true,"href":"https:\/\/gpl-love.com\/fr\/wp-json\/wp\/v2\/media\/145425"}],"wp:attachment":[{"href":"https:\/\/gpl-love.com\/fr\/wp-json\/wp\/v2\/media?parent=116619"}],"wp:term":[{"taxonomy":"product_brand","embeddable":true,"href":"https:\/\/gpl-love.com\/fr\/wp-json\/wp\/v2\/product_brand?post=116619"},{"taxonomy":"product_cat","embeddable":true,"href":"https:\/\/gpl-love.com\/fr\/wp-json\/wp\/v2\/product_cat?post=116619"},{"taxonomy":"product_tag","embeddable":true,"href":"https:\/\/gpl-love.com\/fr\/wp-json\/wp\/v2\/product_tag?post=116619"}],"curies":[{"name":"wp","href":"https:\/\/api.w.org\/{rel}","templated":true}]}}