{"id":116617,"date":"2022-04-17T00:00:00","date_gmt":"2022-04-16T22:00:00","guid":{"rendered":"http:\/\/gpl-love.com\/fr\/produit\/hostinza-isometric-domain-et-whmcs-web-hosting-wordpress-theme\/"},"modified":"2026-03-20T23:19:42","modified_gmt":"2026-03-20T22:19:42","slug":"hostinza-isometric-domain-et-whmcs-web-hosting-wordpress-theme","status":"publish","type":"product","link":"https:\/\/gpl-love.com\/fr\/produit\/hostinza-isometric-domain-et-whmcs-web-hosting-wordpress-theme\/","title":{"rendered":"Hostinza Isometric Domain et Whmcs Web Hosting WordPress Theme 2.9.4"},"content":{"rendered":"<h3>Hostinza Isometric Domain et Whmcs Web Hosting WordPress Theme Traits<\/h3>\n<p>Le domaine isom\u00e9trique Hostinza et le th\u00e8me WordPress d&rsquo;h\u00e9bergement Web WHMCS sont une solution d&rsquo;h\u00e9bergement Web incroyablement polyvalente et compl\u00e8te qui r\u00e9pond aux besoins des petites et grandes entreprises. Avec une gamme de fonctionnalit\u00e9s avanc\u00e9es, ce th\u00e8me rationalise sans effort les t\u00e2ches souvent complexes de l&rsquo;enregistrement du domaine, de l&rsquo;h\u00e9bergement, de la facturation et de la gestion des clients. Gr\u00e2ce \u00e0 son int\u00e9gration transparente avec WHMCS, le th\u00e8me assure un syst\u00e8me automatis\u00e9 et efficace pour g\u00e9rer la gestion, la facturation et la facturation des clients. De plus, sa conception \u00e9l\u00e9gante et r\u00e9active garantit une exp\u00e9rience visuellement attrayante sur tous les appareils. Pour am\u00e9liorer encore son attrait, le th\u00e8me fournit une pl\u00e9thore d&rsquo;options personnalisables pour l&rsquo;image de marque et la personnalisation. En r\u00e9sum\u00e9, Hostinza sert d&rsquo;outil influent qui simplifie le processus d&rsquo;h\u00e9bergement Web, permettant aux entreprises de se concentrer avec diligence sur la fourniture de services de haute qualit\u00e9 \u00e0 leurs pr\u00e9cieux clients.<\/p>\n<ul>\n<li>Design isom\u00e9trique accrocheur et moderne<\/li>\n<li>Construit avec Bootstrap 4 Framework pour la r\u00e9activit\u00e9 et la flexibilit\u00e9<\/li>\n<li>Compatible avec WHMCS, la principale plateforme d&rsquo;automatisation d&rsquo;h\u00e9bergement Web<\/li>\n<li>Int\u00e9gration pratique avec WordPress pour une gestion de contenu facile<\/li>\n<li>14 dispositions de page d&rsquo;accueil pr\u00e9-construites au choix<\/li>\n<li>Tables de tarification personnalisables pour pr\u00e9senter des plans d&rsquo;h\u00e9bergement<\/li>\n<li>50+ pages uniques, y compris les FAQ, \u00e0 propos de nous et des pages de service<\/li>\n<li>Compatibilit\u00e9 sans couture avec des plugins populaires comme Slider Revolution et Contact Form 7<\/li>\n<li>Panneau d&rsquo;options de th\u00e8me avanc\u00e9 pour une personnalisation facile<\/li>\n<li>Options d&rsquo;en-t\u00eate et de pied de page multiples pour un attrait visuel am\u00e9lior\u00e9<\/li>\n<li>Code optimis\u00e9 SEO pour am\u00e9liorer le classement des moteurs de recherche<\/li>\n<li>Support client de haute qualit\u00e9 pour un d\u00e9pannage rapide et efficace.<\/li>\n<\/ul>\n","protected":false},"excerpt":{"rendered":"<p>Hostinza, un th\u00e8me WordPress d&rsquo;h\u00e9bergement Web int\u00e9gr\u00e9, poss\u00e8de une disposition isom\u00e9trique de pointe et une int\u00e9gration WHMC sans couture, ce qui en fait le choix id\u00e9al pour les fournisseurs d&rsquo;h\u00e9bergement cherchant \u00e0 \u00e9tablir une pr\u00e9sence en ligne robuste et \u00e0 offrir une exp\u00e9rience d&rsquo;h\u00e9bergement Web in\u00e9gal\u00e9e \u00e0 sa client\u00e8le estim\u00e9e. En utilisant Hostinza, vous pouvez pr\u00e9senter sans effort votre gamme compl\u00e8te de plans et d&rsquo;options de tarification, g\u00e9rer efficacement les comptes clients, traiter de mani\u00e8re transparente les transactions de paiement et g\u00e9rer efficacement les demandes des clients ou les billets de support, le tout dans la commodit\u00e9 d&rsquo;un tableau de bord singulier et convivial. Que vous soyez un entrepreneur en herbe qui se lance dans votre premi\u00e8re entreprise d&rsquo;h\u00e9bergement ou un professionnel chevronn\u00e9 g\u00e9rant une entreprise d&rsquo;h\u00e9bergement florissante, soyez assur\u00e9 qu&rsquo;Hostinza englobe tous les outils et fonctionnalit\u00e9s n\u00e9cessaires pour assurer votre succ\u00e8s remarquable dans l&rsquo;industrie.<\/p>\n","protected":false},"featured_media":144189,"comment_status":"open","ping_status":"open","template":"","meta":[],"product_brand":[2433],"product_cat":[1516,1212,1213],"product_tag":[1366],"class_list":{"0":"post-116617","1":"product","2":"type-product","3":"status-publish","4":"has-post-thumbnail","6":"product_brand-themeforest","7":"product_cat-entreprise","8":"product_cat-themes","9":"product_cat-wordpress-themes","10":"product_tag-themeforest","11":"member-discount","12":"discount-restricted","14":"first","15":"instock","16":"sale","17":"downloadable","18":"virtual","19":"sold-individually","20":"purchasable","21":"product-type-simple"},"_links":{"self":[{"href":"https:\/\/gpl-love.com\/fr\/wp-json\/wp\/v2\/product\/116617","targetHints":{"allow":["GET"]}}],"collection":[{"href":"https:\/\/gpl-love.com\/fr\/wp-json\/wp\/v2\/product"}],"about":[{"href":"https:\/\/gpl-love.com\/fr\/wp-json\/wp\/v2\/types\/product"}],"replies":[{"embeddable":true,"href":"https:\/\/gpl-love.com\/fr\/wp-json\/wp\/v2\/comments?post=116617"}],"wp:featuredmedia":[{"embeddable":true,"href":"https:\/\/gpl-love.com\/fr\/wp-json\/wp\/v2\/media\/144189"}],"wp:attachment":[{"href":"https:\/\/gpl-love.com\/fr\/wp-json\/wp\/v2\/media?parent=116617"}],"wp:term":[{"taxonomy":"product_brand","embeddable":true,"href":"https:\/\/gpl-love.com\/fr\/wp-json\/wp\/v2\/product_brand?post=116617"},{"taxonomy":"product_cat","embeddable":true,"href":"https:\/\/gpl-love.com\/fr\/wp-json\/wp\/v2\/product_cat?post=116617"},{"taxonomy":"product_tag","embeddable":true,"href":"https:\/\/gpl-love.com\/fr\/wp-json\/wp\/v2\/product_tag?post=116617"}],"curies":[{"name":"wp","href":"https:\/\/api.w.org\/{rel}","templated":true}]}}