{"id":116577,"date":"2026-01-24T00:00:00","date_gmt":"2026-01-23T23:00:00","guid":{"rendered":"http:\/\/gpl-love.com\/fr\/produit\/woocommerce-lead-time\/"},"modified":"2026-04-10T18:47:10","modified_gmt":"2026-04-10T16:47:10","slug":"woocommerce-lead-time","status":"publish","type":"product","link":"https:\/\/gpl-love.com\/fr\/produit\/woocommerce-lead-time\/","title":{"rendered":"WooCommerce Lead Time 2.2.0"},"content":{"rendered":"<h3>WooCommerce Lead Time Traits<\/h3>\n<p>Le plugin de d\u00e9lai de plomb WooCommerce est un outil incroyablement robuste et efficace qui a \u00e9t\u00e9 sp\u00e9cifiquement d\u00e9velopp\u00e9 pour aider les propri\u00e9taires de magasins de commerce \u00e9lectronique dans la gestion efficace et efficace de leur livraison de produits. Ce plugin indispensable vous permet de sp\u00e9cifier sans effort et avec pr\u00e9cision le d\u00e9lai de livraison pour chaque produit individuel de votre magasin. Ce faisant, il garantit que vos pr\u00e9cieux clients sont pleinement inform\u00e9s et bien conscients du d\u00e9lai de livraison estim\u00e9 avant de finaliser leur achat. Que votre magasin se concentre sur la vente de produits physiques tangibles ou de t\u00e9l\u00e9chargements num\u00e9riques, cet outil remarquable rationalise sans effort votre processus de r\u00e9alisation de la commande, entra\u00eenant une satisfaction accrue du client et des exp\u00e9riences d&rsquo;achat globales am\u00e9lior\u00e9es. Sans aucun doute, le plugin de d\u00e9lai de plomb WooCommerce est une n\u00e9cessit\u00e9 absolue pour tout propri\u00e9taire de magasin de commerce \u00e9lectronique qui s&rsquo;engage \u00e0 offrir une exp\u00e9rience d&rsquo;achat sans couture et sans tracas sans tracas \u00e0 leurs clients estim\u00e9s.<\/p>\n<ul>\n<li>Fournit un d\u00e9lai estim\u00e9 pour la livraison de produits dans WooCommerce Store<\/li>\n<li>Param\u00e8tres de d\u00e9lai personnalisables pour les produits ou cat\u00e9gories de produits individuels<\/li>\n<li>Capacit\u00e9 \u00e0 d\u00e9finir le d\u00e9lai en fonction de la disponibilit\u00e9 des produits ou de la distance d&rsquo;exp\u00e9dition<\/li>\n<li>Option pour afficher le d\u00e9lai de livraison sur les pages de produits pour les clients \u00e0 voir<\/li>\n<li>Aide \u00e0 g\u00e9rer les attentes des clients pour l&rsquo;ex\u00e9cution des commandes<\/li>\n<li>Compatible avec la plupart des th\u00e8mes et plugins WooCommerce<\/li>\n<li>Facile \u00e0 installer et \u00e0 utiliser avec une interface conviviale<\/li>\n<li>Gave le temps et r\u00e9duit les erreurs en automatisant les calculs de d\u00e9lai de livraison.<\/li>\n<\/ul>\n","protected":false},"excerpt":{"rendered":"<p>Le plugin de d\u00e9lai de livraison WooCommerce est un outil incroyablement robuste qui enrichit consid\u00e9rablement la fonctionnalit\u00e9 de votre boutique en ligne en fournissant une date de livraison approximative pour chaque produit individuel. Cette caract\u00e9ristique ing\u00e9nieuse facilite consid\u00e9rablement le processus de planification des clients, garantissant que leurs commandes arrivent ponctuellement. En utilisant ce plugin, en \u00e9tablissant sans effort des d\u00e9lais de livraison pour chaque produit devient une r\u00e9alit\u00e9, permettant la personnalisation des notifications de livraison pour garantir que vos clients pr\u00e9cieux re\u00e7oivent des informations pr\u00e9cises et fiables. Que votre boutique en ligne se sp\u00e9cialise dans la distribution des produits tangibles ou intangibles, soyez assur\u00e9 que le d\u00e9lai de livraison WooCommerce pr\u00e9sente la solution ultime pour rationaliser votre syst\u00e8me de gestion des commandes, conduisant finalement \u00e0 un taux de satisfaction client.<\/p>\n","protected":false},"featured_media":145909,"comment_status":"open","ping_status":"open","template":"","meta":[],"product_brand":[2518],"product_cat":[1182,1223,1181],"product_tag":[1619],"class_list":{"0":"post-116577","1":"product","2":"type-product","3":"status-publish","4":"has-post-thumbnail","6":"product_brand-barn2","7":"product_cat-commerce-electronique-plugins","8":"product_cat-personnalisation-commerce-electronique-plugins","9":"product_cat-plugins","10":"product_tag-barn2","11":"member-discount","12":"discount-restricted","14":"first","15":"instock","16":"sale","17":"downloadable","18":"virtual","19":"sold-individually","20":"purchasable","21":"product-type-simple"},"_links":{"self":[{"href":"https:\/\/gpl-love.com\/fr\/wp-json\/wp\/v2\/product\/116577","targetHints":{"allow":["GET"]}}],"collection":[{"href":"https:\/\/gpl-love.com\/fr\/wp-json\/wp\/v2\/product"}],"about":[{"href":"https:\/\/gpl-love.com\/fr\/wp-json\/wp\/v2\/types\/product"}],"replies":[{"embeddable":true,"href":"https:\/\/gpl-love.com\/fr\/wp-json\/wp\/v2\/comments?post=116577"}],"wp:featuredmedia":[{"embeddable":true,"href":"https:\/\/gpl-love.com\/fr\/wp-json\/wp\/v2\/media\/145909"}],"wp:attachment":[{"href":"https:\/\/gpl-love.com\/fr\/wp-json\/wp\/v2\/media?parent=116577"}],"wp:term":[{"taxonomy":"product_brand","embeddable":true,"href":"https:\/\/gpl-love.com\/fr\/wp-json\/wp\/v2\/product_brand?post=116577"},{"taxonomy":"product_cat","embeddable":true,"href":"https:\/\/gpl-love.com\/fr\/wp-json\/wp\/v2\/product_cat?post=116577"},{"taxonomy":"product_tag","embeddable":true,"href":"https:\/\/gpl-love.com\/fr\/wp-json\/wp\/v2\/product_tag?post=116577"}],"curies":[{"name":"wp","href":"https:\/\/api.w.org\/{rel}","templated":true}]}}