{"id":116575,"date":"2026-02-18T00:00:00","date_gmt":"2026-02-17T23:00:00","guid":{"rendered":"http:\/\/gpl-love.com\/fr\/produit\/woocommerce-advanced-notifications\/"},"modified":"2026-04-10T18:46:00","modified_gmt":"2026-04-10T16:46:00","slug":"woocommerce-advanced-notifications","status":"publish","type":"product","link":"https:\/\/gpl-love.com\/fr\/produit\/woocommerce-advanced-notifications\/","title":{"rendered":"WooCommerce Advanced Notifications 1.6.5"},"content":{"rendered":"<h3>WooCommerce Advanced Notifications Traits<\/h3>\n<p>WooCommerce Advanced Notifications est un plugin extr\u00eamement avantageux qui vous offre la possibilit\u00e9 de rester mis \u00e0 jour sur la myriade d&rsquo;activit\u00e9s se transformant dans votre estim\u00e9 Emporium virtuel. En vous profitant de ce plugin inestimable, vous \u00eates autoris\u00e9 \u00e0 \u00e9tablir sans effort un syst\u00e8me par lequel les notifications se mat\u00e9rialisent rapidement dans votre domaine personnel chaque fois que divers \u00e9v\u00e9nements importants se d\u00e9ploient sur votre site Web, que ce soit l&rsquo;av\u00e8nement de nouvelles ordres, de l&rsquo;\u00e9puisement du stock ou de la lamentation \u00e9ventualit\u00e9 de l&rsquo;indisponibilit\u00e9 d&rsquo;un produit. De plus, vous poss\u00e9dez la capacit\u00e9 de fa\u00e7onner des notifications sur mesure qui r\u00e9pondent \u00e0 vos exigences sp\u00e9cifiques, garantissant ainsi que vous connaissez bien une circonstance particuli\u00e8re n\u00e9cessitant votre attention individuelle. Ce plugin poss\u00e8de un degr\u00e9 d&rsquo;adaptabilit\u00e9 in\u00e9gal\u00e9, avec une v\u00e9ritable corne d&rsquo;abondance de types de notification \u00e0 votre disposition, y compris, mais sans s&rsquo;y limiter, le courrier \u00e9lectronique, le service de messagerie court et les notifications push. Par cons\u00e9quent, \u00e0 l&rsquo;aide de notifications avanc\u00e9es WooCommerce, vous poss\u00e9derez une compr\u00e9hension in\u00e9branlable de tous les \u00e9v\u00e9nements saillants qui se prolongent sur votre site Web estim\u00e9, facilitant ainsi votre ascension sans entrave \u00e0 l&rsquo;ACME du succ\u00e8s entrepreneurial par la prise de d\u00e9cision judicieuse.<\/p>\n<ul>\n<li>Fournit des notifications avanc\u00e9es pour les magasins WooCommerce<\/li>\n<li>Permet aux utilisateurs de cr\u00e9er des mod\u00e8les personnalis\u00e9s pour les e-mails et les notifications SMS<\/li>\n<li>Permet la messagerie personnalis\u00e9e en fonction de l&rsquo;\u00e9tat de la commande, du type de client et d&rsquo;autres facteurs<\/li>\n<li>S&rsquo;int\u00e8gre \u00e0 des services de messagerie populaires tels que Gmail et MailChimp<\/li>\n<li>Envoie des notifications pour divers \u00e9v\u00e9nements tels que de nouvelles commandes, des mises \u00e0 jour des commandes et des rapports programm\u00e9s<\/li>\n<li>Offre des notifications en temps r\u00e9el pour assurer la communication des clients en temps opportun<\/li>\n<li>Facile \u00e0 configurer et \u00e0 g\u00e9rer via l&rsquo;interface du plugin WooCommerce<\/li>\n<li>Fournit une documentation et un soutien approfondis de l&rsquo;\u00e9quipe des d\u00e9veloppeurs<\/li>\n<li>Am\u00e9liore l&rsquo;exp\u00e9rience client globale en fournissant des mises \u00e0 jour opportunes et pertinentes via plusieurs canaux.<\/li>\n<\/ul>\n","protected":false},"excerpt":{"rendered":"<p>WooCommerce Advanced Notifications est un plugin extr\u00eamement puissant qui vous accorde la possibilit\u00e9 de fabriquer des notifications par e-mail personnalis\u00e9es pour votre boutique WooCommerce. En utilisant ce plugin, vous avez sans effort les moyens de d\u00e9p\u00eacher les notifications de messagerie automatis\u00e9es \u00e0 vos clients estim\u00e9s lorsque leurs commandes sont trait\u00e9es, exp\u00e9di\u00e9es ou livr\u00e9es. De plus, vous poss\u00e9dez la capacit\u00e9 de forger des mod\u00e8les de messagerie sur mesure pour une myriade de statuts de commande et de cat\u00e9gories de produits, et vous pouvez m\u00eame configurer des rappels de messagerie pour poursuivre habilement une client\u00e8le potentielle qui n&rsquo;a pas encore finalis\u00e9 leur achat. Par cons\u00e9quent, ce plugin illustre la quintessence de l&rsquo;absence d&rsquo;importance pour les propri\u00e9taires des magasins WooCommerce qui aspirent \u00e0 am\u00e9liorer leurs correspondances clients et \u00e0 renforcer leurs performances de vente.<\/p>\n","protected":false},"featured_media":145795,"comment_status":"open","ping_status":"open","template":"","meta":[],"product_brand":[2440],"product_cat":[1182,1223,1181],"product_tag":[1398],"class_list":{"0":"post-116575","1":"product","2":"type-product","3":"status-publish","4":"has-post-thumbnail","6":"product_brand-woocommerce","7":"product_cat-commerce-electronique-plugins","8":"product_cat-personnalisation-commerce-electronique-plugins","9":"product_cat-plugins","10":"product_tag-woocommerce","11":"member-discount","12":"discount-restricted","14":"first","15":"instock","16":"sale","17":"downloadable","18":"virtual","19":"sold-individually","20":"purchasable","21":"product-type-simple"},"_links":{"self":[{"href":"https:\/\/gpl-love.com\/fr\/wp-json\/wp\/v2\/product\/116575","targetHints":{"allow":["GET"]}}],"collection":[{"href":"https:\/\/gpl-love.com\/fr\/wp-json\/wp\/v2\/product"}],"about":[{"href":"https:\/\/gpl-love.com\/fr\/wp-json\/wp\/v2\/types\/product"}],"replies":[{"embeddable":true,"href":"https:\/\/gpl-love.com\/fr\/wp-json\/wp\/v2\/comments?post=116575"}],"wp:featuredmedia":[{"embeddable":true,"href":"https:\/\/gpl-love.com\/fr\/wp-json\/wp\/v2\/media\/145795"}],"wp:attachment":[{"href":"https:\/\/gpl-love.com\/fr\/wp-json\/wp\/v2\/media?parent=116575"}],"wp:term":[{"taxonomy":"product_brand","embeddable":true,"href":"https:\/\/gpl-love.com\/fr\/wp-json\/wp\/v2\/product_brand?post=116575"},{"taxonomy":"product_cat","embeddable":true,"href":"https:\/\/gpl-love.com\/fr\/wp-json\/wp\/v2\/product_cat?post=116575"},{"taxonomy":"product_tag","embeddable":true,"href":"https:\/\/gpl-love.com\/fr\/wp-json\/wp\/v2\/product_tag?post=116575"}],"curies":[{"name":"wp","href":"https:\/\/api.w.org\/{rel}","templated":true}]}}