{"id":116573,"date":"2026-02-05T00:00:00","date_gmt":"2026-02-04T23:00:00","guid":{"rendered":"http:\/\/gpl-love.com\/fr\/produit\/woocommerce-table-rate-shipping\/"},"modified":"2026-03-20T23:48:11","modified_gmt":"2026-03-20T22:48:11","slug":"woocommerce-table-rate-shipping","status":"publish","type":"product","link":"https:\/\/gpl-love.com\/fr\/produit\/woocommerce-table-rate-shipping\/","title":{"rendered":"WooCommerce Table Rate Shipping 3.6.1"},"content":{"rendered":"<h3>WooCommerce Table Rate Shipping Traits<\/h3>\n<p>Le plugin d&rsquo;exp\u00e9dition des tarifs de table WooCommerce est un outil d&rsquo;exp\u00e9dition extr\u00eamement puissant qui permet aux entreprises d&rsquo;\u00e9tablir sans effort les tarifs d&rsquo;exp\u00e9dition fond\u00e9s sur une gamme diversifi\u00e9e de facteurs, englobant le poids, le prix et l&#8217;emplacement. En utilisant ce plugin ing\u00e9nieux, les entreprises ont la capacit\u00e9 de configurer des r\u00e9glementations d&rsquo;exp\u00e9dition complexes subordonn\u00e9es \u00e0 des zones distinctes, des cours d&rsquo;exp\u00e9dition et des cat\u00e9gories de produits. De plus, ce plugin remarquable \u00e9tend le soutien \u00e0 la livraison locale et internationale, tout en offrant des tarifs d&rsquo;exp\u00e9dition en temps r\u00e9el provenant de transporteurs renomm\u00e9s tels que USPS, FedEx et UPS. Par cons\u00e9quent, les entreprises tirant parti du plugin d&rsquo;exp\u00e9dition de tarifs de table WooCommerce peuvent fournir leur client\u00e8le estim\u00e9e avec des d\u00e9penses d&rsquo;exp\u00e9dition impeccablement pr\u00e9cises et enti\u00e8rement transparentes, augmentant ainsi efficacement la satisfaction des clients et favorisant la croissance exponentielle des ventes.<\/p>\n<ul>\n<li>Plugin d&rsquo;exp\u00e9dition avanc\u00e9 pour WooCommerce<\/li>\n<li>Permet aux propri\u00e9taires de magasins de configurer et de personnaliser les tarifs d&rsquo;exp\u00e9dition en fonction de divers crit\u00e8res<\/li>\n<li>Prend en charge plusieurs options d&rsquo;exp\u00e9dition, notamment le poids, la quantit\u00e9, la destination, et plus encore<\/li>\n<li>Offre des options de tarification flexibles, telles que le taux d&rsquo;article, le taux de pourcentage et le taux forfaitaire<\/li>\n<li>Permet la cr\u00e9ation de zones d&rsquo;exp\u00e9dition personnalis\u00e9es et d&rsquo;exp\u00e9dition en classe<\/li>\n<li>Int\u00e9gre parfaitement avec WooCommerce et d&rsquo;autres plugins<\/li>\n<li>Permet les calculs d&rsquo;exp\u00e9dition en temps r\u00e9el et le suivi des informations<\/li>\n<li>Fournit des options d&rsquo;exp\u00e9dition conviviales et de la transparence des prix<\/li>\n<li>Offre une interface conviviale pour une configuration et une gestion faciles des tarifs d&rsquo;exp\u00e9dition<\/li>\n<li>Am\u00e9liore l&rsquo;exp\u00e9rience client et augmente les conversions en optimisant le processus d&rsquo;exp\u00e9dition.<\/li>\n<\/ul>\n","protected":false},"excerpt":{"rendered":"<p>L&rsquo;extension d&rsquo;exp\u00e9dition de tarifs de table WooCommerce est un outil d&rsquo;exp\u00e9dition extr\u00eamement robuste et percutant qui vous permet d&rsquo;\u00e9tablir des tables de taux personnalis\u00e9es fond\u00e9es sur une myriade de crit\u00e8res, notamment le poids, le volume, la destination et la classe d&rsquo;exp\u00e9dition. Ce plugin vous offre la capacit\u00e9 de g\u00e9n\u00e9rer une gamme illimit\u00e9e de m\u00e9thodes d&rsquo;exp\u00e9dition, chacune \u00e9quip\u00e9e de tarifs et de r\u00e9glementations distincts, facilitant ainsi la gestion transparente des sc\u00e9narios d&rsquo;exp\u00e9dition complexes. L&rsquo;interface conviviale acc\u00e9l\u00e8re la configuration des taux en quelques minutes, tandis que l&rsquo;avantage suppl\u00e9mentaire de la cr\u00e9ation et de l&rsquo;importation de tables de taux CSV amplifie encore la flexibilit\u00e9. Que vous pr\u00e9siiez une boutique en ligne diminutive ou une vaste plate-forme de commerce \u00e9lectronique, l&rsquo;indispensabilit\u00e9 de l&rsquo;exp\u00e9dition de tarif de table WooCommerce en tant que ressource indispensable pour superviser vos alternatives d&rsquo;exp\u00e9dition ne peut pas \u00eatre surestim\u00e9e.<\/p>\n","protected":false},"featured_media":146050,"comment_status":"open","ping_status":"open","template":"","meta":[],"product_brand":[2440],"product_cat":[1183,1182,1181],"product_tag":[1398],"class_list":{"0":"post-116573","1":"product","2":"type-product","3":"status-publish","4":"has-post-thumbnail","6":"product_brand-woocommerce","7":"product_cat-administration","8":"product_cat-commerce-electronique-plugins","9":"product_cat-plugins","10":"product_tag-woocommerce","11":"member-discount","12":"discount-restricted","14":"first","15":"instock","16":"sale","17":"downloadable","18":"virtual","19":"sold-individually","20":"purchasable","21":"product-type-simple"},"_links":{"self":[{"href":"https:\/\/gpl-love.com\/fr\/wp-json\/wp\/v2\/product\/116573","targetHints":{"allow":["GET"]}}],"collection":[{"href":"https:\/\/gpl-love.com\/fr\/wp-json\/wp\/v2\/product"}],"about":[{"href":"https:\/\/gpl-love.com\/fr\/wp-json\/wp\/v2\/types\/product"}],"replies":[{"embeddable":true,"href":"https:\/\/gpl-love.com\/fr\/wp-json\/wp\/v2\/comments?post=116573"}],"wp:featuredmedia":[{"embeddable":true,"href":"https:\/\/gpl-love.com\/fr\/wp-json\/wp\/v2\/media\/146050"}],"wp:attachment":[{"href":"https:\/\/gpl-love.com\/fr\/wp-json\/wp\/v2\/media?parent=116573"}],"wp:term":[{"taxonomy":"product_brand","embeddable":true,"href":"https:\/\/gpl-love.com\/fr\/wp-json\/wp\/v2\/product_brand?post=116573"},{"taxonomy":"product_cat","embeddable":true,"href":"https:\/\/gpl-love.com\/fr\/wp-json\/wp\/v2\/product_cat?post=116573"},{"taxonomy":"product_tag","embeddable":true,"href":"https:\/\/gpl-love.com\/fr\/wp-json\/wp\/v2\/product_tag?post=116573"}],"curies":[{"name":"wp","href":"https:\/\/api.w.org\/{rel}","templated":true}]}}