{"id":116509,"date":"2025-05-01T00:00:00","date_gmt":"2025-04-30T22:00:00","guid":{"rendered":"http:\/\/gpl-love.com\/fr\/produit\/eform-wordpress-form-builder\/"},"modified":"2026-03-20T23:03:00","modified_gmt":"2026-03-20T22:03:00","slug":"eform-wordpress-form-builder","status":"publish","type":"product","link":"https:\/\/gpl-love.com\/fr\/produit\/eform-wordpress-form-builder\/","title":{"rendered":"eForm WordPress Form Builder 4.19.0"},"content":{"rendered":"<h3>eForm WordPress Form Builder Traits<\/h3>\n<p>EForm WordPress Form Builder est un outil tr\u00e8s avanc\u00e9 et sophistiqu\u00e9 qui vous offre la capacit\u00e9 de g\u00e9n\u00e9rer et de personnaliser sans effort des formulaires pour votre site Web. Ce plugin exceptionnel propose une interface glisser-d\u00e9poser conviviale, vous permettant d&rsquo;incorporer de mani\u00e8re transparente des champs, d&rsquo;adapter l&rsquo;apparence du formulaire et m\u00eame d&rsquo;\u00e9tablir des workflows complexes pour rationaliser les soumissions de formulaire. En outre, le plugin prend notamment en charge les formulaires de plusieurs pages, la logique conditionnelle, ainsi que l&rsquo;int\u00e9gration avec des outils de marketing par e-mail populaires. De plus, EFORM fournit g\u00e9n\u00e9reusement une collection assortie de mod\u00e8les pour vous aider \u00e0 commencer votre processus de cr\u00e9ation de formulaire, parall\u00e8lement \u00e0 une vaste gamme d&rsquo;outils d&rsquo;analyse et de rapports int\u00e9gr\u00e9s, id\u00e9al pour surveiller efficacement les soumissions de formulaires et discerner les mod\u00e8les \u00e9mergents. Que votre exigence concerne la cr\u00e9ation de formulaires de contact simples ou de formulaires d&rsquo;enregistrement \u00e9labor\u00e9s, EFORM appara\u00eet sans aucun doute comme un outil incroyablement polyvalent et formidable, vous permettant efficacement d&rsquo;atteindre vos objectifs avec une vitesse et une facilit\u00e9 remarquables.<\/p>\n<ul>\n<li>Cr\u00e9ez facilement des formulaires personnalis\u00e9s pour votre site Web WordPress.<\/li>\n<li>Le g\u00e9n\u00e9rateur de formulaire de glisser-d\u00e9poser permet d&rsquo;ajouter des champs et des sections simples.<\/li>\n<li>Choisissez parmi une vari\u00e9t\u00e9 de types de champs, y compris des zones de texte, des cases \u00e0 cocher, des boutons radio, etc.<\/li>\n<li>Personnalisez la conception et la disposition de vos formulaires pour correspondre \u00e0 la marque de votre site Web.<\/li>\n<li>ENCHEDEZ DIRECTEMENT DES FORMES DANS VOTRE SITE WORDPRESS ou Partagez-les via une URL unique.<\/li>\n<li>Recevez des notifications par e-mail lorsque de nouvelles soumissions de formulaires sont re\u00e7ues.<\/li>\n<li>Envoyez automatiquement les e-mails de confirmation aux utilisateurs qui soumettent des formulaires.<\/li>\n<li>Ajoutez une logique conditionnelle \u00e0 vos formulaires pour afficher ou masquer les champs en fonction de l&rsquo;entr\u00e9e utilisateur.<\/li>\n<li>Int\u00e9grez aux plates-formes de marketing par e-mail populaires et CRM, telles que MailChimp et Salesforce.<\/li>\n<li>Prise en charge des formulaires de plusieurs pages, des t\u00e9l\u00e9chargements de fichiers et des fonctionnalit\u00e9s plus avanc\u00e9es.<\/li>\n<\/ul>\n","protected":false},"excerpt":{"rendered":"<p>Eform WordPress Form Builder est un plugin incroyablement robuste et tr\u00e8s adaptable qui a la capacit\u00e9 remarquable de transformer votre site Web WordPress ordinaire en une plate-forme de cr\u00e9ation de formulaires exceptionnellement polyvalente et compl\u00e8te. Ce plugin ph\u00e9nom\u00e9nal, connu sous le nom d&rsquo;Eform, vous permet de fa\u00e7onner et de personnaliser sans effort un assortiment de formes, de sondages, de questionnaires, de quiz et de sondages sur mesure qui capturent parfaitement des donn\u00e9es dans une myriade de formats divers et extr\u00eamement dynamiques, d&rsquo;encombrant du texte, des nombres, des dates, Fichiers, m\u00e9dias et bien plus encore. \u00c9tonnamment, EFORM profite m\u00eame une vaste gamme de mod\u00e8les pr\u00e9d\u00e9finis m\u00e9ticuleusement con\u00e7us, de th\u00e8mes captivants, un vaste r\u00e9pertoire d&rsquo;\u00e9l\u00e9ments de forme et une abondance d&rsquo;options de personnalisation fascinantes, qui sont sans aucun doute facilit\u00e9 par votre capacit\u00e9 sans couture et sans couture \u00e0 la m\u00e9ticulement et \u00e0 la mode impeccablement impeccablement et sans couture \u00e0 la m\u00e9ticulement et \u00e0 la mode impeccablement impeccablement et sans couture \u00e0 de m\u00e9ticulement et \u00e0 la mode impeccablement impeccablement et sans couture \u00e0 de m\u00e9ticulement et \u00e0 la mode impeccablement impeccablement et sans couture \u00e0 \u00e0 la Tailor et \u00e0 la mode m\u00e9ticuleusement impeccablement et \u00e0 la mode impeccablement sans couture et sans couture \u00e0 Mettilely Tailor and Fashion impeccablement Des formes d&rsquo;apparence professionnelle qui s&rsquo;alignent impeccablement et correspondent harmonieusement \u00e0 vos exigences et sp\u00e9cifications individualis\u00e9es uniques. Des formulaires de contact simplistes et \u00e9l\u00e9mentaires con\u00e7us pour se connecter et \u00e9tablir sans effort les connexions inestimables avec votre client\u00e8le estim\u00e9e, jusqu&rsquo;\u00e0 les enqu\u00eates consid\u00e9rablement plus complexes et multiformes qui ont admirablement acquis les donn\u00e9es vitales et les id\u00e9es indispensables qui sont n\u00e9cessaires pour faire de mani\u00e8re concurrentiellement et judicieusement des d\u00e9cisions \u00e9clair\u00e9es et am\u00e9lior\u00e9 par la suite et optimiser la qualit\u00e9 et le calibre des services et des offres que vous livrez \u00e0 vos clients estim\u00e9s, Eform est la solution ultime qui vous permettra sans aucun doute et irr\u00e9futable de vous procurer et d&rsquo;obtenir sans aucun doute les donn\u00e9es que vous et irr\u00e9futable vous besoin urgent. Moreover, with its astoundingly intuitive and user-friendly drag-and-drop interface that is ingeniously and ingeniously designed, eForm truly and genuinely ensures that absolutely anyone, regardless of their prior coding knowledge or expertise, can effortlessly, promptly, and confidently construct and Publiez un assortiment extraordinaire de formes captivantes et innovantes qui sont parfaitement et impeccablement adapt\u00e9es et personnalis\u00e9es pour r\u00e9pondre \u00e0 leurs pr\u00e9f\u00e9rences uniques et \u00e0 leurs demandes distinctives. Il n&rsquo;y a vraiment pas de meilleur moment que le pr\u00e9sent pour saisir cette opportunit\u00e9 extraordinaire et acqu\u00e9rir une EForm aujourd&rsquo;hui, vous permettant ainsi de commencer rapidement et rapidement la t\u00e2che inestimable et importante de la collecte avec diligence et m\u00e9ticuleusement et accumuler des donn\u00e9es de mani\u00e8re significative, plus compl\u00e8te et plus perspicace que qui provient directement et exclusivement de votre site WordPress bien-aim\u00e9 et ch\u00e9ri.<\/p>\n","protected":false},"featured_media":143682,"comment_status":"open","ping_status":"open","template":"","meta":[],"product_brand":[2435],"product_cat":[1191,1181,1186],"product_tag":[1231],"class_list":{"0":"post-116509","1":"product","2":"type-product","3":"status-publish","4":"has-post-thumbnail","6":"product_brand-codecanyon","7":"product_cat-formes","8":"product_cat-plugins","9":"product_cat-wordpress-plugins","10":"product_tag-codecanyon","11":"member-discount","12":"discount-restricted","14":"first","15":"instock","16":"sale","17":"downloadable","18":"virtual","19":"sold-individually","20":"purchasable","21":"product-type-simple"},"_links":{"self":[{"href":"https:\/\/gpl-love.com\/fr\/wp-json\/wp\/v2\/product\/116509","targetHints":{"allow":["GET"]}}],"collection":[{"href":"https:\/\/gpl-love.com\/fr\/wp-json\/wp\/v2\/product"}],"about":[{"href":"https:\/\/gpl-love.com\/fr\/wp-json\/wp\/v2\/types\/product"}],"replies":[{"embeddable":true,"href":"https:\/\/gpl-love.com\/fr\/wp-json\/wp\/v2\/comments?post=116509"}],"wp:featuredmedia":[{"embeddable":true,"href":"https:\/\/gpl-love.com\/fr\/wp-json\/wp\/v2\/media\/143682"}],"wp:attachment":[{"href":"https:\/\/gpl-love.com\/fr\/wp-json\/wp\/v2\/media?parent=116509"}],"wp:term":[{"taxonomy":"product_brand","embeddable":true,"href":"https:\/\/gpl-love.com\/fr\/wp-json\/wp\/v2\/product_brand?post=116509"},{"taxonomy":"product_cat","embeddable":true,"href":"https:\/\/gpl-love.com\/fr\/wp-json\/wp\/v2\/product_cat?post=116509"},{"taxonomy":"product_tag","embeddable":true,"href":"https:\/\/gpl-love.com\/fr\/wp-json\/wp\/v2\/product_tag?post=116509"}],"curies":[{"name":"wp","href":"https:\/\/api.w.org\/{rel}","templated":true}]}}