{"id":116507,"date":"2025-04-29T00:00:00","date_gmt":"2025-04-28T22:00:00","guid":{"rendered":"http:\/\/gpl-love.com\/fr\/produit\/finale-woocommerce-sales-countdown-timer-et-discount-plugin\/"},"modified":"2026-03-20T23:05:51","modified_gmt":"2026-03-20T22:05:51","slug":"finale-woocommerce-sales-countdown-timer-et-discount-plugin","status":"publish","type":"product","link":"https:\/\/gpl-love.com\/fr\/produit\/finale-woocommerce-sales-countdown-timer-et-discount-plugin\/","title":{"rendered":"Finale WooCommerce Sales Countdown Timer et Discount Plugin 2.22.1"},"content":{"rendered":"<h3>Finale WooCommerce Sales Countdown Timer et Discount Plugin Traits<\/h3>\n<p>La finale du compte \u00e0 rebours de WooCommerce Countdown et le plugin de r\u00e9duction est un outil incroyablement robuste et efficace qui sert \u00e0 am\u00e9liorer consid\u00e9rablement les performances des d\u00e9taillants en ligne en augmentant profond\u00e9ment leurs ventes, en amplifiant l&rsquo;urgence ressentie par les clients potentiels et en cultivant un sentiment d&rsquo;urgence palpable parmi eux. Dot\u00e9 d&rsquo;une interface incroyablement conviviale, ce plugin permet aux propri\u00e9taires de magasins de mani\u00e8re transparente la possibilit\u00e9 d&rsquo;incorporer sans effort des minuteries \u00e0 rebours dans leurs sites Web, favorisant ainsi brillamment un sens accru de la sensibilit\u00e9 au temps au sein des clients, car ils se rappellent constamment la fen\u00eatre d&rsquo;opportunit\u00e9 toujours en constante \u00e9volution de l&rsquo;opportunit\u00e9 des opportunit\u00e9s. pour capitaliser sur les remises s\u00e9duisantes. Gr\u00e2ce \u00e0 ce plugin extraordinaire, les propri\u00e9taires de magasins re\u00e7oivent la capacit\u00e9 extraordinaire d&rsquo;\u00e9tablir et de mettre en \u0153uvre une gamme diversifi\u00e9e de remises et d&rsquo;offres, y compris, mais sans s&rsquo;y limiter . Non seulement ce plugin impressionnant facilite une augmentation sans \u00e9quivoque des ventes, mais elle engendre \u00e9galement magistralement un profond sentiment d&rsquo;alcool et d&rsquo;urgence, augmentant ainsi \u00e0 merveille l&rsquo;exp\u00e9rience d&rsquo;achat globale pour tous les clients assez chanceux pour y participer.<\/p>\n<ul>\n<li>Affiche un compte \u00e0 rebours pour les ventes et les r\u00e9ductions sur votre boutique WooCommerce<\/li>\n<li>Options de conception et de style personnalisables pour le compte \u00e0 rebours<\/li>\n<li>Option pour afficher le prix de vente et le pourcentage de r\u00e9duction<\/li>\n<li>Options de planification flexibles pour d\u00e9finir la p\u00e9riode de vente et de r\u00e9duction<\/li>\n<li>Option d&rsquo;afficher le compte \u00e0 rebours uniquement pour des produits ou des cat\u00e9gories de produits sp\u00e9cifiques<\/li>\n<li>Retrait automatique du compte \u00e0 rebours une fois que la p\u00e9riode de vente ou de r\u00e9duction s&rsquo;est termin\u00e9e<\/li>\n<li>Stimule le trafic du site et le taux de conversion en cr\u00e9ant de l&rsquo;urgence et en encourageant les achats rapides<\/li>\n<li>Facile \u00e0 installer et \u00e0 utiliser sans aucune connaissance de codage requise<\/li>\n<li>Compatible avec tous les principaux navigateurs Web et appareils mobiles<\/li>\n<li>Prix \u200b\u200babordables sans abonnements mensuels ou annuels<\/li>\n<\/ul>\n","protected":false},"excerpt":{"rendered":"<p>Le compte \u00e0 rebours de ventes et le plugin de r\u00e9duction de WooCommerce final, qui est un outil incroyablement robuste et puissant, est sp\u00e9cialement con\u00e7u pour les entreprises de commerce \u00e9lectronique qui souhaitent am\u00e9liorer leurs ventes et augmenter l&rsquo;engagement des clients. Ce plugin exceptionnel vous permet de g\u00e9n\u00e9rer sans effort des minuteries \u00e0 compte \u00e0 rebours personnalis\u00e9es, qui mettent efficacement la dur\u00e9e pr\u00e9cise restante jusqu&rsquo;\u00e0 l&rsquo;aboutissement d&rsquo;une vente ou d&rsquo;une promotion. De plus, il vous permet \u00e9galement de mettre en \u0153uvre des remises attrayantes sur divers produits au cours de cette p\u00e9riode critique, stimulant et incitant ainsi les acheteurs potentiels. De plus, le plugin s&rsquo;int\u00e8gre de mani\u00e8re transparente \u00e0 votre magasin WooCommerce existant, offrant une exp\u00e9rience transparente et sans tracas, et peut \u00eatre personnalis\u00e9e sans effort pour s&rsquo;aligner parfaitement avec votre marque unique. En tirant parti des capacit\u00e9s remarquables de la finale du compte \u00e0 rebours de vente WooCommerce et du plugin de r\u00e9duction, vous avez la capacit\u00e9 remarquable de cr\u00e9er une atmosph\u00e8re d&rsquo;urgence qui am\u00e9liore consid\u00e9rablement les ventes et amplifie par la suite votre flux de revenus.<\/p>\n","protected":false},"featured_media":143867,"comment_status":"open","ping_status":"open","template":"","meta":[],"product_brand":[2549],"product_cat":[1182,1223,1181],"product_tag":[2219],"class_list":{"0":"post-116507","1":"product","2":"type-product","3":"status-publish","4":"has-post-thumbnail","6":"product_brand-xl-plugins","7":"product_cat-commerce-electronique-plugins","8":"product_cat-personnalisation-commerce-electronique-plugins","9":"product_cat-plugins","10":"product_tag-xl-plugins","11":"member-discount","12":"discount-restricted","14":"first","15":"instock","16":"sale","17":"downloadable","18":"virtual","19":"sold-individually","20":"purchasable","21":"product-type-simple"},"_links":{"self":[{"href":"https:\/\/gpl-love.com\/fr\/wp-json\/wp\/v2\/product\/116507","targetHints":{"allow":["GET"]}}],"collection":[{"href":"https:\/\/gpl-love.com\/fr\/wp-json\/wp\/v2\/product"}],"about":[{"href":"https:\/\/gpl-love.com\/fr\/wp-json\/wp\/v2\/types\/product"}],"replies":[{"embeddable":true,"href":"https:\/\/gpl-love.com\/fr\/wp-json\/wp\/v2\/comments?post=116507"}],"wp:featuredmedia":[{"embeddable":true,"href":"https:\/\/gpl-love.com\/fr\/wp-json\/wp\/v2\/media\/143867"}],"wp:attachment":[{"href":"https:\/\/gpl-love.com\/fr\/wp-json\/wp\/v2\/media?parent=116507"}],"wp:term":[{"taxonomy":"product_brand","embeddable":true,"href":"https:\/\/gpl-love.com\/fr\/wp-json\/wp\/v2\/product_brand?post=116507"},{"taxonomy":"product_cat","embeddable":true,"href":"https:\/\/gpl-love.com\/fr\/wp-json\/wp\/v2\/product_cat?post=116507"},{"taxonomy":"product_tag","embeddable":true,"href":"https:\/\/gpl-love.com\/fr\/wp-json\/wp\/v2\/product_tag?post=116507"}],"curies":[{"name":"wp","href":"https:\/\/api.w.org\/{rel}","templated":true}]}}