{"id":116505,"date":"2025-12-04T00:00:00","date_gmt":"2025-12-03T23:00:00","guid":{"rendered":"http:\/\/gpl-love.com\/fr\/produit\/freelancers-wordpress-theme-the-ark\/"},"modified":"2026-04-18T06:30:40","modified_gmt":"2026-04-18T04:30:40","slug":"freelancers-wordpress-theme-the-ark","status":"publish","type":"product","link":"https:\/\/gpl-love.com\/fr\/produit\/freelancers-wordpress-theme-the-ark\/","title":{"rendered":"Freelancers WordPress Th\u00e8me The Ark 1.74.0"},"content":{"rendered":"<h3>Freelancers WordPress Th\u00e8me The Ark Traits<\/h3>\n<p>Le th\u00e8me WordPress des pigistes connus sous le nom d&rsquo;Ark se pr\u00e9sente comme la quintessence d&rsquo;une solution pour les personnes qui cherchent \u00e0 \u00e9tablir une plate-forme en ligne qui d\u00e9gage le professionnalisme et met en valeur une esth\u00e9tique de qualit\u00e9 sup\u00e9rieure. Offrant une vaste gamme de dispositions personnalisables et une s\u00e9lection diversifi\u00e9e de mod\u00e8les pr\u00e9d\u00e9finis, ce th\u00e8me r\u00e9pond aux besoins et aux d\u00e9sirs des pigistes qui aspirent \u00e0 pr\u00e9senter leur travail de mani\u00e8re visuellement captivante, facilitant ainsi l&rsquo;attraction de clients potentiels. En outre, l&rsquo;ARK poss\u00e8de une optimisation inh\u00e9rente aux moteurs de recherche, un attribut qui contribue in\u00e9vitablement \u00e0 l&rsquo;\u00e9l\u00e9vation du classement de votre site Web sur les pages de r\u00e9sultats des moteurs de recherche sacr\u00e9. En plus de cela, le th\u00e8me excelle en fournissant aux utilisateurs une interface conviviale qui est intuitivement navigable, accompagn\u00e9e d&rsquo;un \u00e9ventail de fonctionnalit\u00e9s avanc\u00e9es qui permettent la personnalisation de votre site en fonction de vos pr\u00e9f\u00e9rences personnelles. Dans l&rsquo;ensemble, l&rsquo;Arche est un th\u00e8me WordPress in\u00e9gal\u00e9 qui est impr\u00e9gn\u00e9 de puissantes capacit\u00e9s, assurant la cr\u00e9ation d&rsquo;une pr\u00e9sence en ligne raffin\u00e9e et professionnelle qui ne laissera pas une impression durable sur ses t\u00e9l\u00e9spectateurs.<\/p>\n<ul>\n<li>Th\u00e8me WordPress personnalisable con\u00e7u pour les pigistes et autres professionnels de la cr\u00e9ation<\/li>\n<li>Comprend plus de 300 pages de d\u00e9monstration pr\u00e9d\u00e9finies et plus de 200 \u00e9l\u00e9ments pr\u00e9d\u00e9finis pour aider les utilisateurs \u00e0 cr\u00e9er rapidement un site Web unique et professionnel<\/li>\n<li>Dispose d&rsquo;un design propre et moderne qui est adapt\u00e9 aux mobiles et optimis\u00e9 pour les moteurs de recherche<\/li>\n<li>Livr\u00e9 avec un constructeur de glisser-d\u00e9poser intuitif qui permet aux utilisateurs de personnaliser facilement leur site sans aucune comp\u00e9tence de codage<\/li>\n<li>Offre une gamme de fonctionnalit\u00e9s avanc\u00e9es telles que le d\u00e9filement de parallaxe, les arri\u00e8re-plans vid\u00e9o et les effets d&rsquo;animation pour aider les utilisateurs \u00e0 cr\u00e9er du contenu engageant<\/li>\n<li>Comprend un panneau d&rsquo;options de th\u00e8me puissant qui permet aux utilisateurs de g\u00e9rer facilement les param\u00e8tres de leur site, le r\u00e9f\u00e9rencement et les performances de leur site<\/li>\n<li>Disponible en plusieurs langues et offre un excellent support et documentation pour aider les utilisateurs \u00e0 d\u00e9marrer rapidement<\/li>\n<li>S&rsquo;int\u00e8gre parfaitement aux outils tiers populaires tels que WooCommerce, WPFORMS et Slider Revolution, permettant aux utilisateurs d&rsquo;ajouter des fonctionnalit\u00e9s, des formulaires et des curseurs de commerce \u00e9lectronique \u00e0 leur site<\/li>\n<li>Parfait pour les pigistes et les professionnels de la cr\u00e9ation qui cherchent \u00e0 pr\u00e9senter leur travail et \u00e0 attirer de nouveaux clients.<\/li>\n<\/ul>\n","protected":false},"excerpt":{"rendered":"<p>Le th\u00e8me WordPress Freelancers, connu sous le nom de The Ark, est un th\u00e8me au design raffin\u00e9 et d&rsquo;une polyvalence remarquable, sp\u00e9cialement con\u00e7u pour les freelances. Il propose plus de 300 pages de d\u00e9monstration pr\u00e9-con\u00e7ues et une impressionnante s\u00e9lection de 20 pages d&rsquo;accueil pr\u00e9d\u00e9finies, offrant ainsi aux utilisateurs une gamme incroyablement diversifi\u00e9e d&rsquo;options de personnalisation. De plus, ces options sont non seulement enti\u00e8rement responsives, mais aussi optimis\u00e9es pour une performance optimale sur tous les appareils. The Ark offre \u00e9galement un constructeur de pages par glisser-d\u00e9poser exceptionnellement intuitif, permettant de cr\u00e9er facilement et rapidement des pages uniques et captivantes. Il est \u00e9galement dot\u00e9 d&rsquo;une vaste collection de plus de 200 blocs pr\u00e9d\u00e9finis, renfor\u00e7ant encore la flexibilit\u00e9 et la cr\u00e9ativit\u00e9 des utilisateurs. The Ark s&rsquo;int\u00e8gre parfaitement avec des plugins tr\u00e8s populaires tels que WooCommerce et Contact Form 7, permettant ainsi d&rsquo;int\u00e9grer facilement des fonctionnalit\u00e9s essentielles \u00e0 votre site web. En r\u00e9sum\u00e9, The Ark est la solution id\u00e9ale pour tout freelance souhaitant pr\u00e9senter son travail de mani\u00e8re sophistiqu\u00e9e et esth\u00e9tique.<\/p>\n","protected":false},"featured_media":143929,"comment_status":"open","ping_status":"open","template":"","meta":[],"product_brand":[2433],"product_cat":[1516,1212,1213],"product_tag":[1366],"class_list":{"0":"post-116505","1":"product","2":"type-product","3":"status-publish","4":"has-post-thumbnail","6":"product_brand-themeforest","7":"product_cat-entreprise","8":"product_cat-themes","9":"product_cat-wordpress-themes","10":"product_tag-themeforest","11":"member-discount","12":"discount-restricted","14":"first","15":"instock","16":"sale","17":"downloadable","18":"virtual","19":"sold-individually","20":"purchasable","21":"product-type-simple"},"_links":{"self":[{"href":"https:\/\/gpl-love.com\/fr\/wp-json\/wp\/v2\/product\/116505","targetHints":{"allow":["GET"]}}],"collection":[{"href":"https:\/\/gpl-love.com\/fr\/wp-json\/wp\/v2\/product"}],"about":[{"href":"https:\/\/gpl-love.com\/fr\/wp-json\/wp\/v2\/types\/product"}],"replies":[{"embeddable":true,"href":"https:\/\/gpl-love.com\/fr\/wp-json\/wp\/v2\/comments?post=116505"}],"wp:featuredmedia":[{"embeddable":true,"href":"https:\/\/gpl-love.com\/fr\/wp-json\/wp\/v2\/media\/143929"}],"wp:attachment":[{"href":"https:\/\/gpl-love.com\/fr\/wp-json\/wp\/v2\/media?parent=116505"}],"wp:term":[{"taxonomy":"product_brand","embeddable":true,"href":"https:\/\/gpl-love.com\/fr\/wp-json\/wp\/v2\/product_brand?post=116505"},{"taxonomy":"product_cat","embeddable":true,"href":"https:\/\/gpl-love.com\/fr\/wp-json\/wp\/v2\/product_cat?post=116505"},{"taxonomy":"product_tag","embeddable":true,"href":"https:\/\/gpl-love.com\/fr\/wp-json\/wp\/v2\/product_tag?post=116505"}],"curies":[{"name":"wp","href":"https:\/\/api.w.org\/{rel}","templated":true}]}}