{"id":116503,"date":"2021-12-22T00:00:00","date_gmt":"2021-12-21T23:00:00","guid":{"rendered":"http:\/\/gpl-love.com\/fr\/produit\/file-renaming-on-upload-pro\/"},"modified":"2026-03-20T23:05:47","modified_gmt":"2026-03-20T22:05:47","slug":"file-renaming-on-upload-pro","status":"publish","type":"product","link":"https:\/\/gpl-love.com\/fr\/produit\/file-renaming-on-upload-pro\/","title":{"rendered":"File Renaming on Upload Pro 1.3.2"},"content":{"rendered":"<h3>File Renaming on Upload Pro Traits<\/h3>\n<p>Le renommage des fichiers sur T\u00e9l\u00e9chargement Pro est une solution logicielle incroyablement robuste et tr\u00e8s efficace qui sert \u00e0 simplifier et \u00e0 am\u00e9liorer consid\u00e9rablement le processus global de gestion des fichiers en offrant un large \u00e9ventail d&rsquo;options hautement personnalisables pour les noms de fichiers. Cet outil exceptionnel accorde \u00e0 ses utilisateurs la capacit\u00e9 remarquable de modifier et de modifier sans effort les noms de fichiers au moment pr\u00e9cis du t\u00e9l\u00e9chargement, diminuant ainsi consid\u00e9rablement la probabilit\u00e9 de rencontrer des noms de fichiers en double et de renforcer simultan\u00e9ment l&rsquo;organisation et de comprendre tout son syst\u00e8me de fichiers. Arborant un assortiment de fonctionnalit\u00e9s vraiment exceptionnelles, telles que ses remarquables capacit\u00e9s automatis\u00e9es automatis\u00e9es, ses pr\u00e9fixes et suffixes personnalis\u00e9s tr\u00e8s polyvalents et adaptables, ainsi que ses fonctionnalit\u00e9s de renommage en vrac extraordinaires, le renomm\u00e9e de fichiers sur le t\u00e9l\u00e9chargement est sans aucun doute comme un outil indispensable et absolument essentiel Pour les personnes qui se retrouvent fr\u00e9quemment aux prises avec un immense volume de fichiers. Que vous soyez un photographe accompli et professionnel, un graphiste hautement qualifi\u00e9, ou m\u00eame juste une personne qui cherche activement \u00e0 optimiser et \u00e0 am\u00e9liorer l&rsquo;efficacit\u00e9 et l&rsquo;efficacit\u00e9 globales de vos pratiques de gestion de fichiers, cette solution logicielle extraordinaire offre fi\u00e8rement une v\u00e9ritable exception exceptionnelle et une solution remarquablement intuitive pour rationaliser de mani\u00e8re transparente l&rsquo;int\u00e9gralit\u00e9 du processus de changement de nom de fichier d&rsquo;une mani\u00e8re \u00e0 la fois tr\u00e8s cons\u00e9cutive et exceptionnellement conviviale.<\/p>\n<ul>\n<li>Renommez rapidement et facilement les fichiers lors du t\u00e9l\u00e9chargement sur votre site Web<\/li>\n<li>\u00c9liminez le besoin de renommer manuel ou de syst\u00e8mes de gestion de fichiers compliqu\u00e9s<\/li>\n<li>S\u00e9lectionnez parmi une vari\u00e9t\u00e9 d&rsquo;options de changement de nom, notamment en ajoutant des pr\u00e9fixes, des suffixes et des horaires de date \/ horaire<\/li>\n<li>Organisez vos fichiers plus efficacement avec les conventions de d\u00e9nomination personnalis\u00e9es<\/li>\n<li>Compatible avec un large \u00e9ventail de types de fichiers, des images aux documents en passant par les vid\u00e9os<\/li>\n<li>L&rsquo;interface intuitive permet \u00e0 quiconque d&rsquo;utiliser facilement, quel que soit le niveau de comp\u00e9tence technique<\/li>\n<li>Gagnez du temps et augmentez la productivit\u00e9 en rationalisant votre processus de gestion des fichiers<\/li>\n<li>Fiable et s\u00e9curis\u00e9, avec tout le renommage des fichiers qui se d\u00e9roule localement sur votre serveur<\/li>\n<li>Les options flexibles vous permettent de personnaliser le processus de renomm\u00e9e pour r\u00e9pondre au mieux \u00e0 vos besoins sp\u00e9cifiques<\/li>\n<li>Support complet fourni, avec une documentation facile \u00e0 suivre et un service client r\u00e9actif.<\/li>\n<\/ul>\n","protected":false},"excerpt":{"rendered":"<p>En utilisant l&rsquo;incroyable fonctionnalit\u00e9 de renomm\u00e9e de fichiers sur T\u00e9l\u00e9chargement Pro, vous avez la capacit\u00e9 remarquable de modifier sans effort et rapidement les noms de vos fichiers pendant le processus de t\u00e9l\u00e9chargement sur votre site Web ou serveur estim\u00e9. Cette proc\u00e9dure remarquablement efficace et simplifi\u00e9e facilite finalement le maintien d&rsquo;un syst\u00e8me de fichiers organis\u00e9 et sans effort navigable, vous \u00e9pargnant ainsi le temps pr\u00e9cieux et l&rsquo;aggravation inutile. Les options inh\u00e9rentes int\u00e9gr\u00e9es dans cet outil de pointe vous permettent d&rsquo;exercer une autorit\u00e9 et une discr\u00e9tion compl\u00e8tes sur les conventions de d\u00e9nomination sp\u00e9cifiques que vous choisissez d&#8217;employer. Que vous soyez un photographe accompli, un blogueur prolifique ou un d\u00e9veloppeur Web chevronn\u00e9, l&rsquo;indispensabilit\u00e9 du renommage des fichiers sur Upload Pro en termes d&rsquo;optimisation de l&rsquo;efficacit\u00e9 de vos efforts de gestion de fichiers ne peut pas \u00eatre surestim\u00e9e.<\/p>\n","protected":false},"featured_media":143863,"comment_status":"open","ping_status":"open","template":"","meta":[],"product_brand":[2548],"product_cat":[1335,1181,1186],"product_tag":[2218],"class_list":{"0":"post-116503","1":"product","2":"type-product","3":"status-publish","4":"has-post-thumbnail","6":"product_brand-wp-factory","7":"product_cat-seo","8":"product_cat-plugins","9":"product_cat-wordpress-plugins","10":"product_tag-wp-factory","11":"member-discount","12":"discount-restricted","14":"first","15":"instock","16":"sale","17":"downloadable","18":"virtual","19":"sold-individually","20":"purchasable","21":"product-type-simple"},"_links":{"self":[{"href":"https:\/\/gpl-love.com\/fr\/wp-json\/wp\/v2\/product\/116503","targetHints":{"allow":["GET"]}}],"collection":[{"href":"https:\/\/gpl-love.com\/fr\/wp-json\/wp\/v2\/product"}],"about":[{"href":"https:\/\/gpl-love.com\/fr\/wp-json\/wp\/v2\/types\/product"}],"replies":[{"embeddable":true,"href":"https:\/\/gpl-love.com\/fr\/wp-json\/wp\/v2\/comments?post=116503"}],"wp:featuredmedia":[{"embeddable":true,"href":"https:\/\/gpl-love.com\/fr\/wp-json\/wp\/v2\/media\/143863"}],"wp:attachment":[{"href":"https:\/\/gpl-love.com\/fr\/wp-json\/wp\/v2\/media?parent=116503"}],"wp:term":[{"taxonomy":"product_brand","embeddable":true,"href":"https:\/\/gpl-love.com\/fr\/wp-json\/wp\/v2\/product_brand?post=116503"},{"taxonomy":"product_cat","embeddable":true,"href":"https:\/\/gpl-love.com\/fr\/wp-json\/wp\/v2\/product_cat?post=116503"},{"taxonomy":"product_tag","embeddable":true,"href":"https:\/\/gpl-love.com\/fr\/wp-json\/wp\/v2\/product_tag?post=116503"}],"curies":[{"name":"wp","href":"https:\/\/api.w.org\/{rel}","templated":true}]}}