{"id":116496,"date":"2025-09-29T00:00:00","date_gmt":"2025-09-28T22:00:00","guid":{"rendered":"http:\/\/gpl-love.com\/fr\/produit\/exclusive-addons-elementor-pro\/"},"modified":"2026-03-20T23:03:19","modified_gmt":"2026-03-20T22:03:19","slug":"exclusive-addons-elementor-pro","status":"publish","type":"product","link":"https:\/\/gpl-love.com\/fr\/produit\/exclusive-addons-elementor-pro\/","title":{"rendered":"Exclusive Addons pour Elementor Pro 1.5.9.3"},"content":{"rendered":"<h3>Exclusive Addons pour Elementor Pro Traits<\/h3>\n<p>Elementor Pro exclusif Addons, un outil incroyablement puissant, sert \u00e0 am\u00e9liorer les capacit\u00e9s de Elementor, qui est largement reconnue comme l&rsquo;un des plugins de cr\u00e9ation de pages les plus populaires pour WordPress. En incorporant ce module compl\u00e9mentaire dans votre arsenal, les utilisateurs ont acc\u00e8s \u00e0 une vaste gamme de fonctionnalit\u00e9s qui sont malheureusement absentes dans la version standard de Elementor. Ceux-ci englobent des widgets avanc\u00e9s, des mod\u00e8les pr\u00e9-con\u00e7us m\u00e9ticuleusement con\u00e7us et une pl\u00e9thore d&rsquo;autres outils indispensables qui facilitent sans effort la cr\u00e9ation de sites Web exquis et sur mesure. Que vous vous vulliez un fond de d\u00e9veloppement Web novice ou chevronn\u00e9, les addons exclusifs Elementor Pro se r\u00e9v\u00e9lent sans aucun doute un atout inestimable, en aidant dans la conservation du temps pr\u00e9cieux et en vous accordant la capacit\u00e9 de produire des sites Web visuellement frappants avec une facilit\u00e9 consomm\u00e9e. Par cons\u00e9quent, si vous aspirez \u00e0 \u00e9lever la qualit\u00e9 de votre site Web \u00e0 des hauteurs sans pr\u00e9c\u00e9dent, il serait tr\u00e8s prudent de saisir cette opportunit\u00e9 et de donner aux addons exclusifs Elementor Pro un tourbillon sans d\u00e9lai.<\/p>\n<ul>\n<li>Addons exclusifs pour le g\u00e9n\u00e9rateur de page Elementor Pro<\/li>\n<li>Interface visuelle intuitive pour une personnalisation facile<\/li>\n<li>Biblioth\u00e8que \u00e9tendue de widgets et mod\u00e8les premium<\/li>\n<li>Designs d&rsquo;aspect professionnel pour tout type de site Web<\/li>\n<li>Codage de haute qualit\u00e9 pour des performances optimis\u00e9es<\/li>\n<li>Mises \u00e0 jour r\u00e9guli\u00e8res et nouvelles fonctionnalit\u00e9s pour la valeur continue<\/li>\n<li>\u00c9quipe de soutien d\u00e9di\u00e9e \u00e0 l&rsquo;aide et aux conseils<\/li>\n<li>Compatibilit\u00e9 avec les principaux th\u00e8mes et plugins WordPress<\/li>\n<li>Options de prix abordables pour les particuliers et les agences<\/li>\n<li>Garantie de satisfaction \u00e0 100% pour la confiance des clients.<\/li>\n<\/ul>\n","protected":false},"excerpt":{"rendered":"<p>Elementor Pro Exclusive Addons, une collection compl\u00e8te d&rsquo;outils puissants, sert \u00e0 amplifier la fonctionnalit\u00e9 d&rsquo;Elementor, un g\u00e9n\u00e9rateur de sites Web renomm\u00e9. Ces addons, d\u00e9bordant de polyvalence, fournissent des solutions ing\u00e9nieuses pour concocter sans effort des sites Web qui d\u00e9gagent un air de professionnalisme. De l&rsquo;inclusion des effets de d\u00e9filement de parallaxe de pointe \u00e0 la formulation de dispositions de post sur mesure, les addons exclusifs Elector Pro offrent une vaste gamme de fonctionnalit\u00e9s, permettant la cr\u00e9ation de conceptions impressionnantes sans la n\u00e9cessit\u00e9 de comp\u00e9tences de codage complexes. Avec une interface \u00e0 la fois conviviale et pr\u00eate \u00e0 la personnalisation, ces addons facilitent la personnalisation de votre site Web en fonction de vos inclinations distinctes. Que vous soyez concepteur de sites Web ou d\u00e9veloppeur, ces addons s&rsquo;av\u00e8rent inestimables pour rationaliser le processus ardu de la cr\u00e9ation de sites Web, ce qui r\u00e9cup\u00e9rera ainsi un temps pr\u00e9cieux. Vous accordant la possibilit\u00e9 d&rsquo;\u00e9lever la conception de votre site Web \u00e0 des hauteurs sans pr\u00e9c\u00e9dent, les addons exclusifs Elementor Pro sont certains de captiver et de \u00e9blouir votre public exigeant.<\/p>\n","protected":false},"featured_media":143703,"comment_status":"open","ping_status":"open","template":"","meta":[],"product_brand":[2531],"product_cat":[1189,1181,1186],"product_tag":[2216],"class_list":{"0":"post-116496","1":"product","2":"type-product","3":"status-publish","4":"has-post-thumbnail","6":"product_brand-devscred","7":"product_cat-personnalisation","8":"product_cat-plugins","9":"product_cat-wordpress-plugins","10":"product_tag-devscred","11":"member-discount","12":"discount-restricted","14":"first","15":"instock","16":"sale","17":"downloadable","18":"virtual","19":"sold-individually","20":"purchasable","21":"product-type-simple"},"_links":{"self":[{"href":"https:\/\/gpl-love.com\/fr\/wp-json\/wp\/v2\/product\/116496","targetHints":{"allow":["GET"]}}],"collection":[{"href":"https:\/\/gpl-love.com\/fr\/wp-json\/wp\/v2\/product"}],"about":[{"href":"https:\/\/gpl-love.com\/fr\/wp-json\/wp\/v2\/types\/product"}],"replies":[{"embeddable":true,"href":"https:\/\/gpl-love.com\/fr\/wp-json\/wp\/v2\/comments?post=116496"}],"wp:featuredmedia":[{"embeddable":true,"href":"https:\/\/gpl-love.com\/fr\/wp-json\/wp\/v2\/media\/143703"}],"wp:attachment":[{"href":"https:\/\/gpl-love.com\/fr\/wp-json\/wp\/v2\/media?parent=116496"}],"wp:term":[{"taxonomy":"product_brand","embeddable":true,"href":"https:\/\/gpl-love.com\/fr\/wp-json\/wp\/v2\/product_brand?post=116496"},{"taxonomy":"product_cat","embeddable":true,"href":"https:\/\/gpl-love.com\/fr\/wp-json\/wp\/v2\/product_cat?post=116496"},{"taxonomy":"product_tag","embeddable":true,"href":"https:\/\/gpl-love.com\/fr\/wp-json\/wp\/v2\/product_tag?post=116496"}],"curies":[{"name":"wp","href":"https:\/\/api.w.org\/{rel}","templated":true}]}}