{"id":116494,"date":"2026-04-16T00:00:00","date_gmt":"2026-04-15T22:00:00","guid":{"rendered":"http:\/\/gpl-love.com\/fr\/produit\/sway-multi-purpose-wordpress-theme-with-page-builder\/"},"modified":"2026-04-17T00:31:02","modified_gmt":"2026-04-16T22:31:02","slug":"sway-multi-purpose-wordpress-theme-with-page-builder","status":"publish","type":"product","link":"https:\/\/gpl-love.com\/fr\/produit\/sway-multi-purpose-wordpress-theme-with-page-builder\/","title":{"rendered":"Sway Multi-Purpose WordPress Th\u00e8me with Page Builder 4.8"},"content":{"rendered":"<h3>Sway Multi-Purpose WordPress Th\u00e8me with Page Builder Traits<\/h3>\n<p>Le th\u00e8me WordPress polyvalent influenc\u00e9 avec Page Builder est un th\u00e8me global et tr\u00e8s adaptable qui est id\u00e9al pour tout type de site Web ou de blog. Avec son constructeur de pages convivial, le processus de cr\u00e9ation de pages et de dispositions personnalis\u00e9es est une entreprise transparente et sans effort. Ce th\u00e8me poss\u00e8de une vaste gamme de fonctionnalit\u00e9s et d&rsquo;options, telles que plusieurs dispositions de page d&rsquo;accueil, un assortiment de styles d&rsquo;en-t\u00eate et de pied de page, et un assortiment d&rsquo;\u00e9l\u00e9ments de conception. De plus, il est pleinement r\u00e9actif, garantissant que votre site semblera \u00e9tonnant sur tous les appareils. De plus, Sway fournit une vari\u00e9t\u00e9 de d\u00e9mos pr\u00e9-con\u00e7ues pour acc\u00e9l\u00e9rer et simplifier la configuration initiale. Que vous g\u00e9rez un site Web d&rsquo;entreprise ou un blog personnel, le th\u00e8me WordPress polyvalent influenc\u00e9 comprend tout ce qui est n\u00e9cessaire pour \u00e9tablir une pr\u00e9sence en ligne poli et sophistiqu\u00e9e.<\/p>\n<ul>\n<li>Sway est un th\u00e8me WordPress tr\u00e8s polyvalent et puissant con\u00e7u pour une utilisation dans une vari\u00e9t\u00e9 de contextes et d&rsquo;applications.<\/li>\n<li>Avec son constructeur de pages intuitif, vous pouvez cr\u00e9er rapidement et facilement des sites Web \u00e9poustouflants avec une conception et une fonctionnalit\u00e9 de qualit\u00e9 professionnelle.<\/li>\n<li>Dot\u00e9 d&rsquo;une gamme de mod\u00e8les et de dispositions pr\u00e9-con\u00e7us, le balancement facilite le lancement de votre site avec un minimum d&rsquo;agitation ou un temps de configuration.<\/li>\n<li>Enti\u00e8rement personnalisable et r\u00e9actif, le balancement garantit que votre site ressemble et fonctionne tr\u00e8s bien sur n&rsquo;importe quel appareil ou taille d&rsquo;\u00e9cran.<\/li>\n<li>Avec sa vaste biblioth\u00e8que de plugins et d&rsquo;int\u00e9gations, Sway offre une multitude de fonctionnalit\u00e9s et de capacit\u00e9s suppl\u00e9mentaires pour vous aider \u00e0 atteindre vos objectifs en ligne.<\/li>\n<li>Que vous construisiez un site d&rsquo;entreprise, une boutique en ligne, un blog ou tout autre type de site, le balancement vous a couvert de tout ce dont vous avez besoin pour r\u00e9ussir.<\/li>\n<li>Avec son interface conviviale et ses fonctionnalit\u00e9s puissantes, le balancement est le choix id\u00e9al pour tous ceux qui recherchent un th\u00e8me WordPress robuste et polyvalent qui fournit des r\u00e9sultats.<\/li>\n<\/ul>\n","protected":false},"excerpt":{"rendered":"<p>Sway, qui se trouve \u00eatre le th\u00e8me WordPress polyvalent ultime avec un constructeur de pages remarquable, se pr\u00e9sente comme une solution dynamique qui r\u00e9pond \u00e0 divers besoins de d\u00e9veloppement de sites Web. Sa polyvalence ne conna\u00eet pas de limites, permettant aux utilisateurs d&#8217;employer le balancement pour toute niche et \u00e9labore sans effort des sites Web impressionnants qui se d\u00e9marquent sans effort parmi la foule. Issue pour exploiter pleinement l&rsquo;immense potentiel de WordPress, ce th\u00e8me regorge de caract\u00e9ristiques avanc\u00e9es, une pl\u00e9thore d&rsquo;options de mise en page et une int\u00e9gration transparente avec des plugins renomm\u00e9s. Notamment, l&rsquo;inclusion d&rsquo;un constructeur de pages visuelles permet aux utilisateurs de personnaliser leurs pages Web via un simple m\u00e9canisme de glisser-d\u00e9poser, \u00e9liminant la n\u00e9cessit\u00e9 d&rsquo;une compr\u00e9hension du code complexe. Essentiellement, Sway sert d&rsquo;instrument parfait pour r\u00e9volutionner sa pr\u00e9sence en ligne, qu&rsquo;il s&rsquo;agisse d&rsquo;une entreprise, d&rsquo;une personne cr\u00e9ative ou d&rsquo;un professionnel chevronn\u00e9.<\/p>\n","protected":false},"featured_media":145439,"comment_status":"open","ping_status":"open","template":"","meta":[],"product_brand":[2433],"product_cat":[1214,1212,1213],"product_tag":[1366],"class_list":{"0":"post-116494","1":"product","2":"type-product","3":"status-publish","4":"has-post-thumbnail","6":"product_brand-themeforest","7":"product_cat-polyvalent","8":"product_cat-themes","9":"product_cat-wordpress-themes","10":"product_tag-themeforest","11":"member-discount","12":"discount-restricted","14":"first","15":"instock","16":"sale","17":"downloadable","18":"virtual","19":"sold-individually","20":"purchasable","21":"product-type-simple"},"_links":{"self":[{"href":"https:\/\/gpl-love.com\/fr\/wp-json\/wp\/v2\/product\/116494","targetHints":{"allow":["GET"]}}],"collection":[{"href":"https:\/\/gpl-love.com\/fr\/wp-json\/wp\/v2\/product"}],"about":[{"href":"https:\/\/gpl-love.com\/fr\/wp-json\/wp\/v2\/types\/product"}],"replies":[{"embeddable":true,"href":"https:\/\/gpl-love.com\/fr\/wp-json\/wp\/v2\/comments?post=116494"}],"wp:featuredmedia":[{"embeddable":true,"href":"https:\/\/gpl-love.com\/fr\/wp-json\/wp\/v2\/media\/145439"}],"wp:attachment":[{"href":"https:\/\/gpl-love.com\/fr\/wp-json\/wp\/v2\/media?parent=116494"}],"wp:term":[{"taxonomy":"product_brand","embeddable":true,"href":"https:\/\/gpl-love.com\/fr\/wp-json\/wp\/v2\/product_brand?post=116494"},{"taxonomy":"product_cat","embeddable":true,"href":"https:\/\/gpl-love.com\/fr\/wp-json\/wp\/v2\/product_cat?post=116494"},{"taxonomy":"product_tag","embeddable":true,"href":"https:\/\/gpl-love.com\/fr\/wp-json\/wp\/v2\/product_tag?post=116494"}],"curies":[{"name":"wp","href":"https:\/\/api.w.org\/{rel}","templated":true}]}}