{"id":116472,"date":"2026-04-07T00:00:00","date_gmt":"2026-04-06T22:00:00","guid":{"rendered":"http:\/\/gpl-love.com\/fr\/produit\/complianz-privacy-suite-gdpr-et-ccpa-premium\/"},"modified":"2026-04-08T00:30:16","modified_gmt":"2026-04-07T22:30:16","slug":"complianz-privacy-suite-gdpr-et-ccpa-premium","status":"publish","type":"product","link":"https:\/\/gpl-love.com\/fr\/produit\/complianz-privacy-suite-gdpr-et-ccpa-premium\/","title":{"rendered":"Complianz Privacy Suite GDPR \/ CCPA Premium 7.5.7.2"},"content":{"rendered":"<h3>Complianz Privacy Suite GDPR \/ CCPA Premium Traits<\/h3>\n<p>Complianz Privacy Suite RGPD \/ CCPA Premium propose une solution de confidentialit\u00e9 compl\u00e8te et globale qui aide les propri\u00e9taires de sites Web \u00e0 maintenir et \u00e0 respecter les lois sur la vie priv\u00e9e des donn\u00e9es \u00e9tablies par le General Data Protection Rupulation (RGPD) et la California Consumer Privacy Act (CCPA). Gr\u00e2ce \u00e0 l&rsquo;utilisation de ce logiciel exceptionnel, les propri\u00e9taires de sites Web poss\u00e8dent la capacit\u00e9 de personnaliser leurs banni\u00e8res de consentement des cookies, de cr\u00e9er et de superviser les politiques de cookies et d&rsquo;ajuster les param\u00e8tres de confidentialit\u00e9 pour assurer une conformit\u00e9 transparente avec les r\u00e8glements de confidentialit\u00e9 les plus r\u00e9cents. La version premium louable de ce logiciel poss\u00e8de \u00e9galement une gamme de fonctionnalit\u00e9s avanc\u00e9es qui incluent, sans s&rsquo;y limiter, la num\u00e9risation automatis\u00e9e des cookies, un journal de consentement, ainsi qu&rsquo;un tableau de bord de consentement qui rationalise efficacement le processus de gestion du consentement des utilisateurs. Par cons\u00e9quent, en int\u00e9grant la prime du RGPD \/ CCPA de la Suite de la vie priv\u00e9e Complianz dans leurs sites Web, les propri\u00e9taires de sites Web offrent \u00e0 leurs utilisateurs une exp\u00e9rience de navigation impeccable et s\u00e9curis\u00e9e, tout en \u00e9chappant habilement aux amendes potentiellement exorbitantes qui accompagnent les infractions de conformit\u00e9.<\/p>\n<ul>\n<li>Solution compl\u00e8te et facile \u00e0 utiliser la conformit\u00e9 de la confidentialit\u00e9 pour les r\u00e9glementations du RGPD et du CCPA<\/li>\n<li>Aide les propri\u00e9taires de sites Web \u00e0 s&rsquo;assurer qu&rsquo;ils collectent, traitent et stockent les donn\u00e9es des utilisateurs conform\u00e9ment aux exigences l\u00e9gales<\/li>\n<li>Comprend une banni\u00e8re de consentement des cookies conviviale et un outil de gestion<\/li>\n<li>Permet aux utilisateurs d&rsquo;exercer facilement leurs droits en vertu du RGPD et du CCPA, y compris le droit d&rsquo;acc\u00e9der, de supprimer et de modifier leurs donn\u00e9es personnelles<\/li>\n<li>Fournit des m\u00e9canismes de notification et de rapport de violation de donn\u00e9es robustes<\/li>\n<li>Offre des mod\u00e8les de politique de confidentialit\u00e9 personnalisable et de mod\u00e8les de service<\/li>\n<li>Comprend le support client d\u00e9di\u00e9 \u00e0 tous les utilisateurs, avec un support premium disponible pour les abonn\u00e9s<\/li>\n<li>Tracks et journaux consentement des utilisateurs et activit\u00e9 de traitement des donn\u00e9es \u00e0 des fins de rapport de conformit\u00e9<\/li>\n<li>Fournit des conseils clairs et exploitables pour les propri\u00e9taires de sites Web qui cherchent \u00e0 am\u00e9liorer leur posture de conformit\u00e9 en mati\u00e8re de confidentialit\u00e9.<\/li>\n<\/ul>\n","protected":false},"excerpt":{"rendered":"<p>Assurez-vous que votre entreprise reste en avance sur la courbe avec le GDPRP \/ CCPA de la Suite de la vie priv\u00e9e \/ CCPA. Cette suite logicielle de pointe est sp\u00e9cialement con\u00e7ue pour garantir que les op\u00e9rations en ligne de votre entreprise restent conformes aux derniers r\u00e8glements g\u00e9n\u00e9raux de la protection des donn\u00e9es (RGPD) et aux r\u00e9glementations de California Consumer Privacy Act (CCPA). La version premium propose une vaste gamme de fonctionnalit\u00e9s, notamment une fen\u00eatre contextuelle de consentement des cookies RGGD, un formulaire CCPA Opt-Out et un protocole de notification de violation de donn\u00e9es. Ces fonctionnalit\u00e9s rationalisent non seulement la conformit\u00e9, mais d\u00e9montrent \u00e9galement votre engagement envers la confidentialit\u00e9 des donn\u00e9es, l&rsquo;am\u00e9lioration de la r\u00e9putation de votre marque. Avec ce logiciel, vous pouvez \u00e9viter de lourdes amendes et complications juridiques tout en stimulant la confiance des clients. Passez \u00e0 la conformit\u00e9 du RGPD \/ CCPA de la Suite de confidentialit\u00e9 Forlianz et faites de la conformit\u00e9 \u00e0 la confidentialit\u00e9 un jeu d&rsquo;enfant.<\/p>\n","protected":false},"featured_media":143409,"comment_status":"open","ping_status":"open","template":"","meta":[],"product_brand":[2497],"product_cat":[1189,1181,1186],"product_tag":[2215],"class_list":{"0":"post-116472","1":"product","2":"type-product","3":"status-publish","4":"has-post-thumbnail","6":"product_brand-complianz","7":"product_cat-personnalisation","8":"product_cat-plugins","9":"product_cat-wordpress-plugins","10":"product_tag-complianz","11":"member-discount","12":"discount-restricted","14":"first","15":"instock","16":"sale","17":"downloadable","18":"virtual","19":"sold-individually","20":"purchasable","21":"product-type-simple"},"_links":{"self":[{"href":"https:\/\/gpl-love.com\/fr\/wp-json\/wp\/v2\/product\/116472","targetHints":{"allow":["GET"]}}],"collection":[{"href":"https:\/\/gpl-love.com\/fr\/wp-json\/wp\/v2\/product"}],"about":[{"href":"https:\/\/gpl-love.com\/fr\/wp-json\/wp\/v2\/types\/product"}],"replies":[{"embeddable":true,"href":"https:\/\/gpl-love.com\/fr\/wp-json\/wp\/v2\/comments?post=116472"}],"wp:featuredmedia":[{"embeddable":true,"href":"https:\/\/gpl-love.com\/fr\/wp-json\/wp\/v2\/media\/143409"}],"wp:attachment":[{"href":"https:\/\/gpl-love.com\/fr\/wp-json\/wp\/v2\/media?parent=116472"}],"wp:term":[{"taxonomy":"product_brand","embeddable":true,"href":"https:\/\/gpl-love.com\/fr\/wp-json\/wp\/v2\/product_brand?post=116472"},{"taxonomy":"product_cat","embeddable":true,"href":"https:\/\/gpl-love.com\/fr\/wp-json\/wp\/v2\/product_cat?post=116472"},{"taxonomy":"product_tag","embeddable":true,"href":"https:\/\/gpl-love.com\/fr\/wp-json\/wp\/v2\/product_tag?post=116472"}],"curies":[{"name":"wp","href":"https:\/\/api.w.org\/{rel}","templated":true}]}}