{"id":116468,"date":"2026-04-18T00:00:00","date_gmt":"2026-04-17T22:00:00","guid":{"rendered":"http:\/\/gpl-love.com\/fr\/produit\/wp-ultimo-et-addons-easily-create-a-premium-network-of-sites\/"},"modified":"2026-04-19T00:30:13","modified_gmt":"2026-04-18T22:30:13","slug":"wp-ultimo-et-addons-easily-create-a-premium-network-of-sites","status":"publish","type":"product","link":"https:\/\/gpl-love.com\/fr\/produit\/wp-ultimo-et-addons-easily-create-a-premium-network-of-sites\/","title":{"rendered":"All in One WP Migration Unlimited Extension 2.84"},"content":{"rendered":"<h3>All in One WP Migration Unlimited Extension Traits<\/h3>\n<p>L&rsquo;extension illimit\u00e9e All in One Migration, r\u00e9put\u00e9e pour son efficacit\u00e9, sert d&rsquo;instrument puissant sp\u00e9cifiquement pour les propri\u00e9taires de sites Web WordPress n\u00e9cessitant une relocalisation ou une migration transparente de leurs donn\u00e9es de site Web inestimables vers un param\u00e8tre local alternatif. Gr\u00e2ce \u00e0 l&rsquo;utilisation de cette extension remarquable, les op\u00e9rateurs de sites Web peuvent transmettre sans effort leur gamme compl\u00e8te de donn\u00e9es sur le site Web, englobant mais non limit\u00e9 aux images, aux th\u00e8mes, aux plugins, ainsi qu&rsquo;aux bases de donn\u00e9es, \u00e0 un domaine ou \u00e0 l&rsquo;h\u00f4te enti\u00e8rement nouveau sans n\u00e9cessiter de comp\u00e9tences dans le domaine de la technologie. De plus, l&rsquo;extension en question accorde aux utilisateurs l&rsquo;opportunit\u00e9 inestimable de migration illimit\u00e9e, leur permettant ainsi d&rsquo;ex\u00e9cuter le transfert des donn\u00e9es de leur site Web fr\u00e9quemment et sans aucune limitation en termes de taille de leur site. B\u00e9n\u00e9ficiant d&rsquo;un vaste r\u00e9pertoire de fonctionnalit\u00e9s, cette extension se pr\u00e9sente comme une solution id\u00e9ale pour les individus aspirant \u00e0 une r\u00e9solution sans tracas et rapide vers les pr\u00e9dicats de migration de leur site Web, ce qui le rend compatible avec tous les genres de sites Web WordPress. Par cons\u00e9quent, l&rsquo;indispensabilit\u00e9 de l&rsquo;extension illimit\u00e9e de migration WP est \u00e9vidente, car elle appara\u00eet comme un outil incontournable pour les individus d\u00e9sireux d&rsquo;effectuer la relocalisation de leur site Web WordPress avec une facilit\u00e9 et une commodit\u00e9 in\u00e9gal\u00e9es.<\/p>\n<ul>\n<li>Fournit une migration facile du site Web WordPress vers un nouveau serveur ou un nouveau domaine<\/li>\n<li>Peut \u00eatre utilis\u00e9 pour cr\u00e9er une sauvegarde des fichiers, une base de donn\u00e9es, des th\u00e8mes et des plugins de votre site Web<\/li>\n<li>Permet aux utilisateurs d&rsquo;exporter et d&rsquo;importer des fichiers dans divers formats de fichiers, notamment Zip, Tar et GZIP<\/li>\n<li>Livr\u00e9 avec une extension illimit\u00e9e, permettant une migration de plusieurs sites Web<\/li>\n<li>Compatible avec toutes sortes de fournisseurs d&rsquo;h\u00e9bergement et de serveurs Web<\/li>\n<li>S\u00e9curis\u00e9, avec le cryptage de tous les fichiers et informations de base de donn\u00e9es pendant la migration<\/li>\n<li>Vous donne un contr\u00f4le total sur le processus de migration, \u00eatre en mesure de choisir les parties de votre site Web \u00e0 exporter ou \u00e0 importer<\/li>\n<li>Convient aux utilisateurs novices et exp\u00e9riment\u00e9s WordPress, avec une interface conviviale et une documentation d\u00e9taill\u00e9e.<\/li>\n<\/ul>\n","protected":false},"excerpt":{"rendered":"<p>Pr\u00e9sentation de l&rsquo;extension illimit\u00e9e WP Migration tout-en-un &#8211; Un outil incontournable pour la migration de site Web transparente. Cette extension WordPress globale est con\u00e7ue pour g\u00e9rer la migration illimit\u00e9e du site Web, assurant un transfert fluide et sans tracas des donn\u00e9es de votre site Web. Il prend en charge un \u00e9ventail d&rsquo;extensions, ce qui le rend largement compatible et polyvalent. Avec l&rsquo;extension illimit\u00e9e, vous ne vous limitez pas aux limites de taille, vous permettant de migrer toutes vos donn\u00e9es, quel que soit son volume. Cette extension riche en fonctionnalit\u00e9s offre une interface conviviale, vous aidant \u00e0 r\u00e9aliser le processus de migration sans effort. L&rsquo;extension WP Migration Unlimited tout-en-un est votre solution ultime pour une migration de site Web efficace, s\u00e9curis\u00e9e et illimit\u00e9e.<\/p>\n","protected":false},"featured_media":143115,"comment_status":"open","ping_status":"open","template":"","meta":[],"product_brand":[2805],"product_cat":[1187,1181,1186],"product_tag":[2806],"class_list":{"0":"post-116468","1":"product","2":"type-product","3":"status-publish","4":"has-post-thumbnail","6":"product_brand-servmask","7":"product_cat-administration-wordpress-plugins","8":"product_cat-plugins","9":"product_cat-wordpress-plugins","10":"product_tag-servmask","11":"member-discount","12":"discount-restricted","14":"first","15":"instock","16":"sale","17":"downloadable","18":"virtual","19":"sold-individually","20":"purchasable","21":"product-type-simple"},"_links":{"self":[{"href":"https:\/\/gpl-love.com\/fr\/wp-json\/wp\/v2\/product\/116468","targetHints":{"allow":["GET"]}}],"collection":[{"href":"https:\/\/gpl-love.com\/fr\/wp-json\/wp\/v2\/product"}],"about":[{"href":"https:\/\/gpl-love.com\/fr\/wp-json\/wp\/v2\/types\/product"}],"replies":[{"embeddable":true,"href":"https:\/\/gpl-love.com\/fr\/wp-json\/wp\/v2\/comments?post=116468"}],"wp:featuredmedia":[{"embeddable":true,"href":"https:\/\/gpl-love.com\/fr\/wp-json\/wp\/v2\/media\/143115"}],"wp:attachment":[{"href":"https:\/\/gpl-love.com\/fr\/wp-json\/wp\/v2\/media?parent=116468"}],"wp:term":[{"taxonomy":"product_brand","embeddable":true,"href":"https:\/\/gpl-love.com\/fr\/wp-json\/wp\/v2\/product_brand?post=116468"},{"taxonomy":"product_cat","embeddable":true,"href":"https:\/\/gpl-love.com\/fr\/wp-json\/wp\/v2\/product_cat?post=116468"},{"taxonomy":"product_tag","embeddable":true,"href":"https:\/\/gpl-love.com\/fr\/wp-json\/wp\/v2\/product_tag?post=116468"}],"curies":[{"name":"wp","href":"https:\/\/api.w.org\/{rel}","templated":true}]}}