{"id":116465,"date":"2024-09-17T00:00:00","date_gmt":"2024-09-16T22:00:00","guid":{"rendered":"http:\/\/gpl-love.com\/fr\/produit\/uncanny-groups-pour-learndash\/"},"modified":"2026-04-10T18:44:22","modified_gmt":"2026-04-10T16:44:22","slug":"uncanny-groups-pour-learndash","status":"publish","type":"product","link":"https:\/\/gpl-love.com\/fr\/produit\/uncanny-groups-pour-learndash\/","title":{"rendered":"Uncanny Groups pour LearnDash 6.1.1"},"content":{"rendered":"<h3>Uncanny Groups pour LearnDash Traits<\/h3>\n<p>Le plugin Uncanny Groups for Learndash est un outil incroyablement robuste qui poss\u00e8de une gamme de fonctionnalit\u00e9s puissantes, toutes con\u00e7ues pour am\u00e9liorer et optimiser la gestion de groupe et les fonctionnalit\u00e9s de communication au sein de votre LMS Learndash. En mettant en \u0153uvre ce plugin, vous gagnerez la possibilit\u00e9 de cr\u00e9er et de superviser efficacement des groupes d&rsquo;apprenants, tout en ayant la capacit\u00e9 de d\u00e9signer des chefs de groupe et d&rsquo;allouer des cours sp\u00e9cifiques \u00e0 ces groupes d\u00e9sign\u00e9s. En outre, le plugin Uncanny Groups for Learndash vous offre la possibilit\u00e9 d&rsquo;activer les discussions de groupe et les fonctionnalit\u00e9s de messagerie, favorisant ainsi un environnement propice \u00e0 la collaboration et \u00e0 la communication entre les apprenants, ainsi qu&rsquo;entre les apprenants et les instructeurs. Ce plugin est \u00e9galement hautement personnalisable, vous offrant une autonomie et une autorit\u00e9 compl\u00e8tes en termes de structuration et de gestion de ces groupes. En fin de compte, en tirant parti des capacit\u00e9s formidables des groupes \u00e9tranges pour Learndash, vous cultirez une atmosph\u00e8re \u00e9ducative \u00e0 la fois engageante et interactive, facilitant ainsi une exp\u00e9rience d&rsquo;apprentissage plus efficace et en \u00e9volution dynamique.<\/p>\n<ul>\n<li>Organisez facilement vos cours et utilisateurs Learndash en groupes sp\u00e9cifiques<\/li>\n<li>Affecter les chefs de groupe pour g\u00e9rer et surveiller l&rsquo;activit\u00e9 du groupe<\/li>\n<li>Personnaliser les crit\u00e8res de groupe et les exigences d&rsquo;adh\u00e9sion<\/li>\n<li>Simplifiez la communication avec la messagerie et les annonces de groupe<\/li>\n<li>Surveiller les progr\u00e8s du groupe avec le suivi des performances et les rapports<\/li>\n<li>Compatible avec les th\u00e8mes et les extensions Learndash<\/li>\n<li>Augmentation de l&rsquo;engagement et de la motivation des \u00e9tudiants gr\u00e2ce \u00e0 l&rsquo;interaction et au soutien des pairs.<\/li>\n<\/ul>\n","protected":false},"excerpt":{"rendered":"<p>Des groupes \u00e9tranges pour Learndash apparaissent comme un instrument extr\u00eamement robuste qui facilite l&rsquo;organisation de vos cours et utilisateurs Learndash en groupes, rationalisant ainsi le processus de gestion et d&rsquo;allocation des cours. Au moyen de cette caract\u00e9ristique suppl\u00e9mentaire, vous poss\u00e9dez la capacit\u00e9 de fabriquer des groupes personnalis\u00e9s, de nommer des chefs de groupe et m\u00eame d&rsquo;\u00e9tablir des affectations de groupes automatiques subordonn\u00e9es aux profils d&rsquo;utilisateurs. Ce module compl\u00e9mentaire particulier constitue un actif indispensable pour toute entit\u00e9 aspirant \u00e0 propulser leur exp\u00e9rience Learndash \u00e0 des hauteurs sans pr\u00e9c\u00e9dent.<\/p>\n","protected":false},"featured_media":145656,"comment_status":"open","ping_status":"open","template":"","meta":[],"product_brand":[2581],"product_cat":[1189,1181,1186],"product_tag":[1785],"class_list":{"0":"post-116465","1":"product","2":"type-product","3":"status-publish","4":"has-post-thumbnail","6":"product_brand-uncanny-owl","7":"product_cat-personnalisation","8":"product_cat-plugins","9":"product_cat-wordpress-plugins","10":"product_tag-uncanny-owl","11":"member-discount","12":"discount-restricted","14":"first","15":"instock","16":"sale","17":"downloadable","18":"virtual","19":"sold-individually","20":"purchasable","21":"product-type-simple"},"_links":{"self":[{"href":"https:\/\/gpl-love.com\/fr\/wp-json\/wp\/v2\/product\/116465","targetHints":{"allow":["GET"]}}],"collection":[{"href":"https:\/\/gpl-love.com\/fr\/wp-json\/wp\/v2\/product"}],"about":[{"href":"https:\/\/gpl-love.com\/fr\/wp-json\/wp\/v2\/types\/product"}],"replies":[{"embeddable":true,"href":"https:\/\/gpl-love.com\/fr\/wp-json\/wp\/v2\/comments?post=116465"}],"wp:featuredmedia":[{"embeddable":true,"href":"https:\/\/gpl-love.com\/fr\/wp-json\/wp\/v2\/media\/145656"}],"wp:attachment":[{"href":"https:\/\/gpl-love.com\/fr\/wp-json\/wp\/v2\/media?parent=116465"}],"wp:term":[{"taxonomy":"product_brand","embeddable":true,"href":"https:\/\/gpl-love.com\/fr\/wp-json\/wp\/v2\/product_brand?post=116465"},{"taxonomy":"product_cat","embeddable":true,"href":"https:\/\/gpl-love.com\/fr\/wp-json\/wp\/v2\/product_cat?post=116465"},{"taxonomy":"product_tag","embeddable":true,"href":"https:\/\/gpl-love.com\/fr\/wp-json\/wp\/v2\/product_tag?post=116465"}],"curies":[{"name":"wp","href":"https:\/\/api.w.org\/{rel}","templated":true}]}}