{"id":116461,"date":"2025-11-30T00:00:00","date_gmt":"2025-11-29T23:00:00","guid":{"rendered":"http:\/\/gpl-love.com\/fr\/produit\/external-importer-pro-import-affiliate-products-into-woocommerce\/"},"modified":"2026-03-20T23:05:18","modified_gmt":"2026-03-20T22:05:18","slug":"external-importer-pro-import-affiliate-products-into-woocommerce","status":"publish","type":"product","link":"https:\/\/gpl-love.com\/fr\/produit\/external-importer-pro-import-affiliate-products-into-woocommerce\/","title":{"rendered":"External Importer Pro Import Affiliate Products Into WooCommerce 2.21.0"},"content":{"rendered":"<h3>External Importer Pro Import Affiliate Products Into WooCommerce Traits<\/h3>\n<p>L&rsquo;importateur externe Pro Import Affiliate Products dans WooCommerce est un outil incroyablement robuste et efficace qui accorde aux utilisateurs la possibilit\u00e9 d&rsquo;importer sans effort des produits d&rsquo;affiliation dans leur boutique en ligne WooCommerce. Gr\u00e2ce \u00e0 l&rsquo;utilisation de cet outil, les utilisateurs ont accord\u00e9 la capacit\u00e9 transparente \u00e0 int\u00e9grer une vaste gamme de produits d&rsquo;affiliation provenant d&rsquo;une multitude de sources externes, y compris, mais sans s&rsquo;y limiter Amazon et eBay, dans leur magasin WooCommerce avec quelques clics. Cet outil sert d&rsquo;atout inestimable, car il permet aux utilisateurs de conserver \u00e0 la fois du temps et des efforts, annulant la n\u00e9cessit\u00e9 de saisir manuellement des informations sur les produits ou de t\u00e9l\u00e9charger des images de produit. Les produits d&rsquo;affiliation Importation de l&rsquo;Importateur externe dans WooCommerce sont sans aucun doute une n\u00e9cessit\u00e9 absolue pour tout propri\u00e9taire de magasin en ligne qui souhaite \u00e9largir ses offres de produits et augmenter son potentiel de g\u00e9n\u00e9ration de revenus.<\/p>\n<ul>\n<li>Importent et pr\u00e9sentent sans effil\u00e9 les produits d&rsquo;affiliation dans votre boutique WooCommerce<\/li>\n<li>Configurez facilement votre programme d&rsquo;affiliation et gagnez des commissions des produits que vous importez<\/li>\n<li>Importer des produits \u00e0 partir de plusieurs r\u00e9seaux d&rsquo;affiliation tels qu&rsquo;Amazon, eBay, Rakuten, et plus<\/li>\n<li>Option pour s\u00e9lectionner des produits sp\u00e9cifiques \u00e0 importer, en fonction des mots cl\u00e9s ou de la cat\u00e9gorie<\/li>\n<li>Des options de filtrage avanc\u00e9es pour garantir que les produits pertinents et de haute qualit\u00e9 sont import\u00e9s<\/li>\n<li>Mises \u00e0 jour automatiques des informations sur les produits telles que le prix et la disponibilit\u00e9<\/li>\n<li>Un clic pour mettre \u00e0 jour et synchroniser les produits import\u00e9s avec leur source<\/li>\n<li>Option pour personnaliser les informations sur les produits et ajouter votre propre marque<\/li>\n<li>Gagnez du temps et rationalisez votre flux de travail en automatisant les importations de produits<\/li>\n<li>Am\u00e9lioration de l&rsquo;exp\u00e9rience utilisateur pour les clients avec une gamme de produits plus large \u00e0 choisir dans votre magasin.<\/li>\n<\/ul>\n","protected":false},"excerpt":{"rendered":"<p>External Importer Pro est un outil exceptionnel et indispensable sp\u00e9cialement con\u00e7u pour faciliter l&rsquo;importation de produits d&rsquo;affiliation de mani\u00e8re transparente et sans effort dans votre magasin WooCommerce. Cet outil remarquable simplifie l&rsquo;ensemble du processus en vous permettant de r\u00e9cup\u00e9rer et d&rsquo;importer sans effort des informations sur les produits pertinents directement \u00e0 partir d&rsquo;une myriade de sources externes, telles que les plates-formes de commerce \u00e9lectronique de renomm\u00e9e mondiale Amazon et eBay, ainsi que divers autres r\u00e9seaux d&rsquo;affiliation. Avec son interface conviviale intuitive et sa pl\u00e9thore de fonctionnalit\u00e9s de pointe, cet outil tr\u00e8s efficace vous donne la possibilit\u00e9 d&rsquo;importer rapidement et sans effort une vaste gamme de produits, englobant non seulement leurs images convaincantes mais aussi leurs prix convaincants, des descriptions compl\u00e8tes, et une multitude d&rsquo;autres attributs de produits inestimables. En rationalisant et en optimisant efficacement le processus d&rsquo;importation de produits, cet outil puissant vous fait consid\u00e9rablement \u00e9conomiser une quantit\u00e9 substantielle de temps pr\u00e9cieux tout en propulsant simultan\u00e9ment votre potentiel de vente \u00e0 des hauteurs sans pr\u00e9c\u00e9dent. Capitalisez cette occasion in\u00e9gal\u00e9e de r\u00e9volutionner vos efforts d&rsquo;importation de produits d&rsquo;affiliation en acqu\u00e9rant facilement l&rsquo;importateur externe incomparable et en \u00e9levant vos performances \u00e0 un niveau d&rsquo;excellence vraiment in\u00e9gal\u00e9.<\/p>\n","protected":false},"featured_media":143830,"comment_status":"open","ping_status":"open","template":"","meta":[],"product_brand":[2542],"product_cat":[1183,1182,1181],"product_tag":[2212],"class_list":{"0":"post-116461","1":"product","2":"type-product","3":"status-publish","4":"has-post-thumbnail","6":"product_brand-keywordrush","7":"product_cat-administration","8":"product_cat-commerce-electronique-plugins","9":"product_cat-plugins","10":"product_tag-keywordrush","11":"member-discount","12":"discount-restricted","14":"first","15":"instock","16":"sale","17":"downloadable","18":"virtual","19":"sold-individually","20":"purchasable","21":"product-type-simple"},"_links":{"self":[{"href":"https:\/\/gpl-love.com\/fr\/wp-json\/wp\/v2\/product\/116461","targetHints":{"allow":["GET"]}}],"collection":[{"href":"https:\/\/gpl-love.com\/fr\/wp-json\/wp\/v2\/product"}],"about":[{"href":"https:\/\/gpl-love.com\/fr\/wp-json\/wp\/v2\/types\/product"}],"replies":[{"embeddable":true,"href":"https:\/\/gpl-love.com\/fr\/wp-json\/wp\/v2\/comments?post=116461"}],"wp:featuredmedia":[{"embeddable":true,"href":"https:\/\/gpl-love.com\/fr\/wp-json\/wp\/v2\/media\/143830"}],"wp:attachment":[{"href":"https:\/\/gpl-love.com\/fr\/wp-json\/wp\/v2\/media?parent=116461"}],"wp:term":[{"taxonomy":"product_brand","embeddable":true,"href":"https:\/\/gpl-love.com\/fr\/wp-json\/wp\/v2\/product_brand?post=116461"},{"taxonomy":"product_cat","embeddable":true,"href":"https:\/\/gpl-love.com\/fr\/wp-json\/wp\/v2\/product_cat?post=116461"},{"taxonomy":"product_tag","embeddable":true,"href":"https:\/\/gpl-love.com\/fr\/wp-json\/wp\/v2\/product_tag?post=116461"}],"curies":[{"name":"wp","href":"https:\/\/api.w.org\/{rel}","templated":true}]}}