{"id":116459,"date":"2022-03-07T00:00:00","date_gmt":"2022-03-06T23:00:00","guid":{"rendered":"http:\/\/gpl-love.com\/fr\/produit\/firezy-multipurpose-woocommerce-theme\/"},"modified":"2026-03-20T23:05:55","modified_gmt":"2026-03-20T22:05:55","slug":"firezy-multipurpose-woocommerce-theme","status":"publish","type":"product","link":"https:\/\/gpl-love.com\/fr\/produit\/firezy-multipurpose-woocommerce-theme\/","title":{"rendered":"Firezy Multipurpose WooCommerce Theme 5.9.0"},"content":{"rendered":"<h3>Firezy Multipurpose WooCommerce Theme Traits<\/h3>\n<p>Le th\u00e8me WooCommerce multipurpose Firezy, un th\u00e8me tr\u00e8s polyvalent et complet sp\u00e9cifiquement con\u00e7u pour l&rsquo;utilisation sur les sites Web WooCommerce, pr\u00e9sente une myriade de fonctionnalit\u00e9s avanc\u00e9es et de vastes options de personnalisation, ce qui en fait une s\u00e9lection optimale pour les entreprises et les individus qui cherchent \u00e0 \u00e9tablir une v\u00e9rification visuellement en phase de professionnel et \u00e0 un polissage professionnel pour les entreprises et les individus \u00e0 la fois enracin\u00e9s et \u00e0 un polissage professionnel pour les entreprises professionnelles et \u00e0 la professionnel boutique en ligne. B\u00e9n\u00e9ficiant d&rsquo;un design de pointe et \u00e9l\u00e9gant, le th\u00e8me WooCommerce polyvalent Firezy assure une navigation sans effort et une interface conviviale, garantissant ainsi une exp\u00e9rience de navigation sans couture et immersive pour les clients potentiels. De plus, ce th\u00e8me a \u00e9t\u00e9 m\u00e9ticuleusement optimis\u00e9 pour des performances optimales et des temps de chargement rapides, assurant ainsi une fonctionnalit\u00e9 rapide et efficace du site Web. De plus, le th\u00e8me WooCommerce Firezy multipurpose comprend une vaste gamme de dispositions et de mod\u00e8les pr\u00e9-con\u00e7us, facilitant ainsi l&rsquo;initiation rapide et sans tracas de votre boutique en ligne. Qu&rsquo;il s&rsquo;agisse de se lancer dans la cr\u00e9ation d&rsquo;une nouvelle vitrine num\u00e9rique ou de viser \u00e0 \u00e9lever la qualit\u00e9 et l&rsquo;attrait de votre site Web WooCommerce existant, le th\u00e8me WooCommerce Firezy multipurpose est un choix exceptionnel et louable.<\/p>\n<ul>\n<li>Design propre et moderne pour une jolie boutique en ligne<\/li>\n<li>Enti\u00e8rement personnalisable avec plusieurs options pour la mise en page, la couleur et la police<\/li>\n<li>Conception r\u00e9active pour une visualisation optimale sur tous les appareils<\/li>\n<li>Int\u00e9gr\u00e9 \u00e0 WooCommerce pour une configuration de boutique en ligne facile<\/li>\n<li>Multipliers de page d&rsquo;accueil et contenu de d\u00e9monstration pour une configuration rapide<\/li>\n<li>SEO optimis\u00e9 pour les classements de moteur de recherche plus \u00e9lev\u00e9s<\/li>\n<li>Builder de page glisser-d\u00e9poser pour une personnalisation facile sans codage<\/li>\n<li>Importation en un clic pour le contenu et les param\u00e8tres de d\u00e9monstration<\/li>\n<li>Param\u00e8tres de typographie avanc\u00e9e pour l&rsquo;utilisation des polices personnalis\u00e9es<\/li>\n<li>Documentation et soutien approfondies pour tout probl\u00e8me ou question.<\/li>\n<\/ul>\n","protected":false},"excerpt":{"rendered":"<p>Le th\u00e8me WooCommerce polyvalent Firezy pr\u00e9sente sa polyvalence et son style en tant que th\u00e8me WordPress exceptionnel qui s&rsquo;adresse \u00e0 une multitude de magasins en ligne. Son design \u00e9l\u00e9gant, associ\u00e9 \u00e0 ses caract\u00e9ristiques puissantes, le rend un choix id\u00e9al pour les personnes cherchant \u00e0 \u00e9tablir une boutique virtuelle contemporaine et polie. Offrant une gamme d&rsquo;options personnalisables, telles que de nombreuses dispositions de page d&rsquo;accueil, des en-t\u00eates qui peuvent \u00eatre personnalis\u00e9s pour s&rsquo;adapter \u00e0 ses pr\u00e9f\u00e9rences et un constructeur de page de glisser-d\u00e9poser intuitivement, ce th\u00e8me ne laisse pas de pierre non retourn\u00e9e en offrant une exp\u00e9rience utilisateur globale. De plus, sa conception r\u00e9active garantit une accessibilit\u00e9 transparente sur divers appareils, tandis que l&rsquo;inclusion de widgets personnalis\u00e9s et la compatibilit\u00e9 avec des plugins recherch\u00e9s comme WooCommerce, le formulaire de contact 7 et WPML am\u00e9liorent encore sa fonctionnalit\u00e9. Utilisez le th\u00e8me WooCommerce Firezy polyvalent pour fa\u00e7onner sans effort une boutique en ligne visuellement frappante qui contribuera sans aucun doute \u00e0 l&rsquo;expansion de votre entreprise et servira d&rsquo;aimant pour une client\u00e8le plus grande.<\/p>\n","protected":false},"featured_media":143872,"comment_status":"open","ping_status":"open","template":"","meta":[],"product_brand":[2433],"product_cat":[1238,1372,1212],"product_tag":[1366],"class_list":{"0":"post-116459","1":"product","2":"type-product","3":"status-publish","4":"has-post-thumbnail","6":"product_brand-themeforest","7":"product_cat-commerce-electronique-themes","8":"product_cat-polyvalent-commerce-electronique-themes","9":"product_cat-themes","10":"product_tag-themeforest","11":"member-discount","12":"discount-restricted","14":"first","15":"instock","16":"sale","17":"downloadable","18":"virtual","19":"sold-individually","20":"purchasable","21":"product-type-simple"},"_links":{"self":[{"href":"https:\/\/gpl-love.com\/fr\/wp-json\/wp\/v2\/product\/116459","targetHints":{"allow":["GET"]}}],"collection":[{"href":"https:\/\/gpl-love.com\/fr\/wp-json\/wp\/v2\/product"}],"about":[{"href":"https:\/\/gpl-love.com\/fr\/wp-json\/wp\/v2\/types\/product"}],"replies":[{"embeddable":true,"href":"https:\/\/gpl-love.com\/fr\/wp-json\/wp\/v2\/comments?post=116459"}],"wp:featuredmedia":[{"embeddable":true,"href":"https:\/\/gpl-love.com\/fr\/wp-json\/wp\/v2\/media\/143872"}],"wp:attachment":[{"href":"https:\/\/gpl-love.com\/fr\/wp-json\/wp\/v2\/media?parent=116459"}],"wp:term":[{"taxonomy":"product_brand","embeddable":true,"href":"https:\/\/gpl-love.com\/fr\/wp-json\/wp\/v2\/product_brand?post=116459"},{"taxonomy":"product_cat","embeddable":true,"href":"https:\/\/gpl-love.com\/fr\/wp-json\/wp\/v2\/product_cat?post=116459"},{"taxonomy":"product_tag","embeddable":true,"href":"https:\/\/gpl-love.com\/fr\/wp-json\/wp\/v2\/product_tag?post=116459"}],"curies":[{"name":"wp","href":"https:\/\/api.w.org\/{rel}","templated":true}]}}