{"id":116455,"date":"2021-07-12T00:00:00","date_gmt":"2021-07-11T22:00:00","guid":{"rendered":"http:\/\/gpl-love.com\/fr\/produit\/softwerk-software-et-saas-startup-theme\/"},"modified":"2026-04-10T18:40:05","modified_gmt":"2026-04-10T16:40:05","slug":"softwerk-software-et-saas-startup-theme","status":"publish","type":"product","link":"https:\/\/gpl-love.com\/fr\/produit\/softwerk-software-et-saas-startup-theme\/","title":{"rendered":"Softwerk Software et SaaS Startup Theme 1.4.1"},"content":{"rendered":"<h3>Softwerk Software et SaaS Startup Theme Traits<\/h3>\n<p>Softwerk Software and SaaS Startup Th\u00e8me se pr\u00e9sente comme une solution globale et multiforme qui s&rsquo;adresse aux personnes cherchant \u00e0 \u00e9tablir une pr\u00e9sence en ligne sophistiqu\u00e9e et progressive. Il poss\u00e8de un vaste r\u00e9pertoire de fonctionnalit\u00e9s et de choix de conception, ce qui le rend tr\u00e8s adapt\u00e9 aux startups op\u00e9rant dans les domaines du logiciel et du SaaS. De plus, ce th\u00e8me s&rsquo;adapte efficacement \u00e0 diverses tailles d&rsquo;\u00e9cran, garantissant que votre site Web maintient son allure visuelle sur tous les appareils. De plus, il offre une pl\u00e9thore d&rsquo;options de personnalisation, vous offrant la possibilit\u00e9 d&rsquo;adapter votre site pour s&rsquo;aligner parfaitement avec vos besoins sp\u00e9cifiques de marque. Incarner une esth\u00e9tique contemporaine et rationalis\u00e9e, le th\u00e8me des logiciels de softwerks et saaas sert de plate-forme id\u00e9ale pour les startups cherchant \u00e0 pr\u00e9senter leurs produits et services de la mani\u00e8re la plus optimale imaginable.<\/p>\n<ul>\n<li>Conception moderne et professionnelle sp\u00e9cifiquement adapt\u00e9e aux startups logicielles et SaaS<\/li>\n<li>Enti\u00e8rement personnalisable avec un builder de page de glisser-d\u00e9poser facile \u00e0 utiliser<\/li>\n<li>Disposition sensible aux mobiles pour assurer l&rsquo;accessibilit\u00e9 sur tous les appareils<\/li>\n<li>Comprend des pages pr\u00e9-con\u00e7ues pour les besoins de startup courants (prix, \u00e9quipe, environ, etc.)<\/li>\n<li>Int\u00e9gration avec des outils et plateformes tiers populaires (Google Maps, MailChimp, etc.)<\/li>\n<li>Optimisation de SEO int\u00e9gr\u00e9e pour am\u00e9liorer la visibilit\u00e9 des moteurs de recherche<\/li>\n<li>Importation de d\u00e9monstration en un clic pour lancer rapidement votre site Web<\/li>\n<li>Mises \u00e0 jour r\u00e9guli\u00e8res avec de nouvelles fonctionnalit\u00e9s et am\u00e9liorations<\/li>\n<li>Support premium de d\u00e9veloppeurs et concepteurs exp\u00e9riment\u00e9s<\/li>\n<li>Compatible avec les plugins WordPress populaires pour une personnalisation et des fonctionnalit\u00e9s suppl\u00e9mentaires.<\/li>\n<\/ul>\n","protected":false},"excerpt":{"rendered":"<p>Softwerk est un th\u00e8me WordPress incroyablement contemporain et esth\u00e9tique qui a \u00e9t\u00e9 con\u00e7u de mani\u00e8re experte pour r\u00e9pondre aux besoins et aux exigences des startups logicielles et SaaS. B\u00e9n\u00e9ficiant d&rsquo;un design transparent et sans effort \u00e9l\u00e9gant, Softwerk vous permet de pr\u00e9senter et de montrer efficacement votre vaste gamme de produits et services d&rsquo;une mani\u00e8re qui d\u00e9gage le professionnalisme et captive l&rsquo;attention de votre public cible. De plus, ce th\u00e8me exceptionnel offre une multitude de fonctionnalit\u00e9s hautement personnalisables, y compris une gamme de dispositions de page d&rsquo;accueil diverses et polyvalentes, une vaste s\u00e9lection de sch\u00e9mas de couleurs captivants et un large \u00e9ventail d&rsquo;options de typographie pour vraiment personnaliser votre plate-forme en ligne. De plus, Softwerk garantit que votre site Web est enti\u00e8rement optimis\u00e9 pour l&rsquo;optimisation des moteurs de recherche (SEO), garantissant ainsi que votre pr\u00e9sence num\u00e9rique garantira sans effort un classement \u00e9lev\u00e9 et une visibilit\u00e9 dans les r\u00e9sultats des moteurs de recherche. En conclusion, les logiciels apparaissent ind\u00e9niablement comme un choix impeccable et incontestable pour toute personne ou entit\u00e9 cherchant \u00e0 \u00e9tablir une pr\u00e9sence en ligne \u00e9l\u00e9gante, sophistiqu\u00e9e et ind\u00e9niablement professionnelle pour leur logiciel estim\u00e9 ou sa startup SaaS.<\/p>\n","protected":false},"featured_media":145287,"comment_status":"open","ping_status":"open","template":"","meta":[],"product_brand":[2433],"product_cat":[1516,1212,1213],"product_tag":[1366],"class_list":{"0":"post-116455","1":"product","2":"type-product","3":"status-publish","4":"has-post-thumbnail","6":"product_brand-themeforest","7":"product_cat-entreprise","8":"product_cat-themes","9":"product_cat-wordpress-themes","10":"product_tag-themeforest","11":"member-discount","12":"discount-restricted","14":"first","15":"instock","16":"sale","17":"downloadable","18":"virtual","19":"sold-individually","20":"purchasable","21":"product-type-simple"},"_links":{"self":[{"href":"https:\/\/gpl-love.com\/fr\/wp-json\/wp\/v2\/product\/116455","targetHints":{"allow":["GET"]}}],"collection":[{"href":"https:\/\/gpl-love.com\/fr\/wp-json\/wp\/v2\/product"}],"about":[{"href":"https:\/\/gpl-love.com\/fr\/wp-json\/wp\/v2\/types\/product"}],"replies":[{"embeddable":true,"href":"https:\/\/gpl-love.com\/fr\/wp-json\/wp\/v2\/comments?post=116455"}],"wp:featuredmedia":[{"embeddable":true,"href":"https:\/\/gpl-love.com\/fr\/wp-json\/wp\/v2\/media\/145287"}],"wp:attachment":[{"href":"https:\/\/gpl-love.com\/fr\/wp-json\/wp\/v2\/media?parent=116455"}],"wp:term":[{"taxonomy":"product_brand","embeddable":true,"href":"https:\/\/gpl-love.com\/fr\/wp-json\/wp\/v2\/product_brand?post=116455"},{"taxonomy":"product_cat","embeddable":true,"href":"https:\/\/gpl-love.com\/fr\/wp-json\/wp\/v2\/product_cat?post=116455"},{"taxonomy":"product_tag","embeddable":true,"href":"https:\/\/gpl-love.com\/fr\/wp-json\/wp\/v2\/product_tag?post=116455"}],"curies":[{"name":"wp","href":"https:\/\/api.w.org\/{rel}","templated":true}]}}