{"id":116453,"date":"2021-07-12T00:00:00","date_gmt":"2021-07-11T22:00:00","guid":{"rendered":"http:\/\/gpl-love.com\/fr\/produit\/fleurdesel-hotel-booking-wordpress-theme\/"},"modified":"2026-03-20T23:06:02","modified_gmt":"2026-03-20T22:06:02","slug":"fleurdesel-hotel-booking-wordpress-theme","status":"publish","type":"product","link":"https:\/\/gpl-love.com\/fr\/produit\/fleurdesel-hotel-booking-wordpress-theme\/","title":{"rendered":"Fleurdesel Hotel Booking WordPress Theme 2.0.5"},"content":{"rendered":"<h3>Fleurdesel Hotel Booking WordPress Theme Traits<\/h3>\n<p>Le th\u00e8me WordPress de Fleurdesel Hotel est un th\u00e8me incroyablement polyvalent et convivial qui a \u00e9t\u00e9 sp\u00e9cialement con\u00e7u pour r\u00e9pondre aux besoins et aux demandes uniques des h\u00f4tels et des stations. \u00c9clatant les coutures avec un \u00e9ventail de fonctionnalit\u00e9s puissantes, ce th\u00e8me exceptionnel permet aux propri\u00e9taires d&rsquo;h\u00f4tel de cr\u00e9er sans effort un site Web qui incarne non seulement le professionnalisme mais est \u00e9galement visuellement captivant. Gr\u00e2ce \u00e0 son interface hautement intuitive, les utilisateurs peuvent pr\u00e9senter sans effort leur gamme diversifi\u00e9e de pi\u00e8ces et d&rsquo;\u00e9quipements de premi\u00e8re classe, de promouvoir efficacement des offres et des offres exclusives, et d&rsquo;accepter de mani\u00e8re transparente les r\u00e9servations en ligne. De plus, dans un monde o\u00f9 les appareils mobiles sont omnipr\u00e9sents, il est absolument essentiel que les clients aient la possibilit\u00e9 de r\u00e9server facilement et facilement leur h\u00e9bergement \u00e0 partir de n&rsquo;importe quel appareil. Heureusement, le th\u00e8me WordPress de la r\u00e9servation d&rsquo;h\u00f4tel Fleurdesel est enti\u00e8rement r\u00e9actif et a \u00e9t\u00e9 impeccablement optimis\u00e9 pour les appareils mobiles, garantissant que les clients peuvent facilement faire leurs r\u00e9servations, quel que soit l&rsquo;appareil qu&rsquo;ils peuvent utiliser. De plus, ce th\u00e8me exceptionnel offre une int\u00e9gration sans effort avec tous les moteurs de r\u00e9servation les plus populaires sur le march\u00e9, ce qui en fait un r\u00eave absolu pour les h\u00f4tels qui cherchent \u00e0 am\u00e9liorer leur pr\u00e9sence en ligne et \u00e0 rationaliser leur processus de r\u00e9servation. Lorsque tout est dit et fait, le th\u00e8me WordPress de la r\u00e9servation d&rsquo;h\u00f4tel Fleurdesel brille vraiment comme un choix extraordinaire pour les h\u00f4tels et les stations baln\u00e9aires, qui cherchent \u00e0 \u00e9tablir une pr\u00e9sence en ligne commandante et \u00e0 augmenter consid\u00e9rablement leurs taux de r\u00e9servation.<\/p>\n<ul>\n<li>Th\u00e8me WordPress de r\u00e9servation d&rsquo;h\u00f4tel premium con\u00e7u pour les h\u00f4tels, les stations baln\u00e9aires, les villas, les maisons d&rsquo;h\u00f4tes et autres entreprises d&rsquo;h\u00e9bergement<\/li>\n<li>Conception enti\u00e8rement r\u00e9active optimis\u00e9e pour tous les appareils et tailles d&rsquo;\u00e9cran<\/li>\n<li>Page d&rsquo;accueil personnalisable avec plusieurs options de disposition pour pr\u00e9senter les chambres d&rsquo;h\u00f4tel, les commodit\u00e9s, l&#8217;emplacement et les coordonn\u00e9es<\/li>\n<li>Syst\u00e8me de r\u00e9servation intuitif avec calendrier de disponibilit\u00e9, tarifs de pi\u00e8ce, formulaires de r\u00e9servation et passerelles de paiement<\/li>\n<li>Options avanc\u00e9es de recherche et de filtre pour que les clients trouvent la bonne pi\u00e8ce en fonction de leurs pr\u00e9f\u00e9rences et crit\u00e8res<\/li>\n<li>Int\u00e9gration transparente avec des plugins populaires tels que WPML, Yoast SEO, Contact Form 7, et plus<\/li>\n<li>Panneau d&rsquo;administration facile \u00e0 utiliser pour la gestion des types de salles, des tarifs, des r\u00e9servations, des donn\u00e9es clients et d&rsquo;autres param\u00e8tres<\/li>\n<li>Int\u00e9gration et partage des m\u00e9dias sociaux int\u00e9gr\u00e9s pour aider \u00e0 promouvoir l&rsquo;h\u00f4tel et \u00e0 attirer plus d&rsquo;invit\u00e9s<\/li>\n<li>Mises \u00e0 jour r\u00e9guli\u00e8res et support d\u00e9di\u00e9 des d\u00e9veloppeurs de th\u00e8me pour assurer la compatibilit\u00e9 et les fonctionnalit\u00e9s.<\/li>\n<\/ul>\n","protected":false},"excerpt":{"rendered":"<p>Le th\u00e8me WordPress Fleurdesel pour r\u00e9servation d&rsquo;h\u00f4tel offre une solution optimale pour la cr\u00e9ation d&rsquo;un site web de r\u00e9servation d&rsquo;h\u00f4tel moderne et sophistiqu\u00e9. Son design intuitif et convivial vous permet de pr\u00e9senter vos chambres, \u00e9quipements et services avec \u00e9l\u00e9gance et raffinement. Gr\u00e2ce \u00e0 des formulaires de r\u00e9servation faciles \u00e0 g\u00e9rer, vos clients peuvent r\u00e9server rapidement et facilement la chambre de leur choix via la plateforme en ligne. De plus, ce th\u00e8me est enti\u00e8rement personnalisable, vous donnant acc\u00e8s \u00e0 un large \u00e9ventail d&rsquo;options telles que des palettes de couleurs vari\u00e9es, des polices et des mises en page adaptables \u00e0 l&rsquo;identit\u00e9 visuelle de votre marque. Le th\u00e8me WordPress Fleurdesel pour r\u00e9servation d&rsquo;h\u00f4tel est un choix id\u00e9al pour les h\u00f4tels, auberges, maisons d&rsquo;h\u00f4tes, locations de villas et autres types d&rsquo;h\u00e9bergement.<\/p>\n","protected":false},"featured_media":143880,"comment_status":"open","ping_status":"open","template":"","meta":[],"product_brand":[2433],"product_cat":[1558,1212,1213],"product_tag":[1366],"class_list":{"0":"post-116453","1":"product","2":"type-product","3":"status-publish","4":"has-post-thumbnail","6":"product_brand-themeforest","7":"product_cat-hotel-resort","8":"product_cat-themes","9":"product_cat-wordpress-themes","10":"product_tag-themeforest","11":"member-discount","12":"discount-restricted","14":"first","15":"instock","16":"sale","17":"downloadable","18":"virtual","19":"sold-individually","20":"purchasable","21":"product-type-simple"},"_links":{"self":[{"href":"https:\/\/gpl-love.com\/fr\/wp-json\/wp\/v2\/product\/116453","targetHints":{"allow":["GET"]}}],"collection":[{"href":"https:\/\/gpl-love.com\/fr\/wp-json\/wp\/v2\/product"}],"about":[{"href":"https:\/\/gpl-love.com\/fr\/wp-json\/wp\/v2\/types\/product"}],"replies":[{"embeddable":true,"href":"https:\/\/gpl-love.com\/fr\/wp-json\/wp\/v2\/comments?post=116453"}],"wp:featuredmedia":[{"embeddable":true,"href":"https:\/\/gpl-love.com\/fr\/wp-json\/wp\/v2\/media\/143880"}],"wp:attachment":[{"href":"https:\/\/gpl-love.com\/fr\/wp-json\/wp\/v2\/media?parent=116453"}],"wp:term":[{"taxonomy":"product_brand","embeddable":true,"href":"https:\/\/gpl-love.com\/fr\/wp-json\/wp\/v2\/product_brand?post=116453"},{"taxonomy":"product_cat","embeddable":true,"href":"https:\/\/gpl-love.com\/fr\/wp-json\/wp\/v2\/product_cat?post=116453"},{"taxonomy":"product_tag","embeddable":true,"href":"https:\/\/gpl-love.com\/fr\/wp-json\/wp\/v2\/product_tag?post=116453"}],"curies":[{"name":"wp","href":"https:\/\/api.w.org\/{rel}","templated":true}]}}