{"id":116449,"date":"2021-12-04T00:00:00","date_gmt":"2021-12-03T23:00:00","guid":{"rendered":"http:\/\/gpl-love.com\/fr\/produit\/dgwork-powerful-responsive-easy-digital-downloads-theme\/"},"modified":"2026-03-20T23:00:39","modified_gmt":"2026-03-20T22:00:39","slug":"dgwork-powerful-responsive-easy-digital-downloads-theme","status":"publish","type":"product","link":"https:\/\/gpl-love.com\/fr\/produit\/dgwork-powerful-responsive-easy-digital-downloads-theme\/","title":{"rendered":"DGWork Powerful Responsive Easy Digital Downloads Theme 1.8.9.1"},"content":{"rendered":"<h3>DGWork Powerful Responsive Easy Digital Downloads Theme Traits<\/h3>\n<p>Le th\u00e8me de t\u00e9l\u00e9chargements num\u00e9riques Easy Digital DGWork puissant r\u00e9pond aux besoins des vendeurs de produits num\u00e9riques qui recherchent un site Web avec une apparence professionnelle et polie. Ce th\u00e8me poss\u00e8de une conception enti\u00e8rement r\u00e9active, permettant aux utilisateurs d&rsquo;acc\u00e9der et de naviguer de mani\u00e8re transparente sur le site Web sur divers appareils. De plus, l&rsquo;interface conviviale de DGWork garantit que m\u00eame les personnes ayant des connaissances limit\u00e9es dans la conception Web peuvent utiliser sans effort ses fonctionnalit\u00e9s. C&rsquo;est la solution id\u00e9ale pour ceux qui souhaitent pr\u00e9senter leurs produits, construire des pages de destination visuellement captivantes et personnaliser largement leur site Web pour s&rsquo;aligner sur leur identit\u00e9 de marque. De plus, le th\u00e8me est m\u00e9ticuleusement optimis\u00e9 pour une vitesse optimale et une optimisation des moteurs de recherche (SEO), garantissant des temps de chargement rapides et des classements \u00e9lev\u00e9s dans les r\u00e9sultats des moteurs de recherche. Que vous soyez un entrepreneur seul ou une entreprise \u00e0 petite \u00e9chelle, le th\u00e8me DGWork s&rsquo;av\u00e8re \u00eatre un choix exceptionnel pour \u00e9tablir un site Web de vente de produits num\u00e9riques impeccable.<\/p>\n<ul>\n<li>-DGWork est un th\u00e8me de t\u00e9l\u00e9chargements num\u00e9riques hautement personnalisable<\/li>\n<li>-Ilts des outils puissants permettent un contr\u00f4le ultime sur votre processus de vente num\u00e9rique<\/li>\n<li>-Ce th\u00e8me offre une mise en page r\u00e9active qui a fi\u00e8re allure sur tous les appareils et tailles d&rsquo;\u00e9cran<\/li>\n<li>-DGWork offre une interface utilisateur intuitive, ce qui facilite la gestion et la vente de vos produits num\u00e9riques<\/li>\n<li>-Le th\u00e8me est con\u00e7u avec le r\u00e9f\u00e9rencement \u00e0 l&rsquo;esprit, aidant votre boutique en ligne plus haut dans les r\u00e9sultats de recherche organiques<\/li>\n<li>-DGWork est compatible avec de nombreuses passerelles de paiement num\u00e9riques populaires, y compris PayPal et Stripe<\/li>\n<li>-Le th\u00e8me comprend un g\u00e9n\u00e9rateur de glisser-d\u00e9poser, vous donnant la possibilit\u00e9 de cr\u00e9er des dispositions personnalis\u00e9es sans une exp\u00e9rience de codage<\/li>\n<li>-DGWork offre une gamme robuste d&rsquo;options de personnalisation, vous permettant d&rsquo;\u00e9laborer une vitrine en ligne unique qui refl\u00e8te votre marque<\/li>\n<li>-Ce th\u00e8me fournit des mises \u00e0 jour et des am\u00e9liorations r\u00e9guli\u00e8res, en veillant \u00e0 ce que votre magasin num\u00e9rique dispose toujours des outils les plus r\u00e9cents et les meilleurs disponibles.<\/li>\n<\/ul>\n","protected":false},"excerpt":{"rendered":"<p>DGWork est un th\u00e8me puissant et r\u00e9actif sp\u00e9cialement con\u00e7u pour fonctionner avec le plugin Easy Digital Downloads. Ce th\u00e8me, avec sa disposition conviviale, est parfait pour ceux qui cherchent \u00e0 cr\u00e9er une boutique en ligne ou un march\u00e9 num\u00e9rique. Avec DGWork, vous pouvez facilement afficher et g\u00e9rer vos produits num\u00e9riques de mani\u00e8re professionnelle et efficace. Gr\u00e2ce \u00e0 sa conception r\u00e9active, votre boutique en ligne sera impeccable sur n&rsquo;importe quel appareil, garantissant une exp\u00e9rience d&rsquo;achat optimale pour vos clients. De plus, les options de personnalisation du th\u00e8me permettent de donner \u00e0 votre site une touche unique et personnalis\u00e9e. B\u00e9n\u00e9ficier de la puissance et de la flexibilit\u00e9 de DGWork pour faire passer votre entreprise num\u00e9rique au niveau sup\u00e9rieur.<\/p>\n","protected":false},"featured_media":143526,"comment_status":"open","ping_status":"open","template":"","meta":[],"product_brand":[2433],"product_cat":[1238,1851,1212],"product_tag":[1366],"class_list":{"0":"post-116449","1":"product","2":"type-product","3":"status-publish","4":"has-post-thumbnail","6":"product_brand-themeforest","7":"product_cat-commerce-electronique-themes","8":"product_cat-entreprise-commerce-electronique-themes","9":"product_cat-themes","10":"product_tag-themeforest","11":"member-discount","12":"discount-restricted","14":"first","15":"instock","16":"sale","17":"downloadable","18":"virtual","19":"sold-individually","20":"purchasable","21":"product-type-simple"},"_links":{"self":[{"href":"https:\/\/gpl-love.com\/fr\/wp-json\/wp\/v2\/product\/116449","targetHints":{"allow":["GET"]}}],"collection":[{"href":"https:\/\/gpl-love.com\/fr\/wp-json\/wp\/v2\/product"}],"about":[{"href":"https:\/\/gpl-love.com\/fr\/wp-json\/wp\/v2\/types\/product"}],"replies":[{"embeddable":true,"href":"https:\/\/gpl-love.com\/fr\/wp-json\/wp\/v2\/comments?post=116449"}],"wp:featuredmedia":[{"embeddable":true,"href":"https:\/\/gpl-love.com\/fr\/wp-json\/wp\/v2\/media\/143526"}],"wp:attachment":[{"href":"https:\/\/gpl-love.com\/fr\/wp-json\/wp\/v2\/media?parent=116449"}],"wp:term":[{"taxonomy":"product_brand","embeddable":true,"href":"https:\/\/gpl-love.com\/fr\/wp-json\/wp\/v2\/product_brand?post=116449"},{"taxonomy":"product_cat","embeddable":true,"href":"https:\/\/gpl-love.com\/fr\/wp-json\/wp\/v2\/product_cat?post=116449"},{"taxonomy":"product_tag","embeddable":true,"href":"https:\/\/gpl-love.com\/fr\/wp-json\/wp\/v2\/product_tag?post=116449"}],"curies":[{"name":"wp","href":"https:\/\/api.w.org\/{rel}","templated":true}]}}