{"id":116447,"date":"2022-04-11T00:00:00","date_gmt":"2022-04-10T22:00:00","guid":{"rendered":"http:\/\/gpl-love.com\/fr\/produit\/cocco-kids-store-et-baby-shop-theme\/"},"modified":"2026-03-20T22:58:43","modified_gmt":"2026-03-20T21:58:43","slug":"cocco-kids-store-et-baby-shop-theme","status":"publish","type":"product","link":"https:\/\/gpl-love.com\/fr\/produit\/cocco-kids-store-et-baby-shop-theme\/","title":{"rendered":"Cocco Kids Store et Baby Shop Theme 1.1"},"content":{"rendered":"<h3>Cocco Kids Store et Baby Shop Theme Traits<\/h3>\n<p>Le magasin Cocco Kids et le th\u00e8me de la boutique pour b\u00e9b\u00e9 apparaissent comme un mod\u00e8le WordPress extr\u00eamement polyvalent et profond\u00e9ment cr\u00e9atif, sp\u00e9cialement con\u00e7u pour r\u00e9pondre aux besoins de ceux qui op\u00e9rent dans l&rsquo;industrie des produits pour b\u00e9b\u00e9s. En montrant une conception dynamique et captivante, ce th\u00e8me offre une vaste gamme d&rsquo;options personnalisables, englobant diverses facettes, y compris la disposition de la page d&rsquo;accueil, les pages de produits et les mod\u00e8les de blog. De plus, le magasin Cocco Kids et le th\u00e8me de la boutique de b\u00e9b\u00e9 s&rsquo;optimulent impeccablement pour une compatibilit\u00e9 transparente avec les appareils mobiles, en s&rsquo;assurant que votre site Web conserve son attrait visuel, quelle que soit la taille de l&rsquo;\u00e9cran sur laquelle il est accessible. En plus de tout cela, ce th\u00e8me poss\u00e8de une multitude de fonctionnalit\u00e9s inestimables, telles que l&rsquo;option de vue rapide, le zoom de produit et les boutons de partage social, qui ajoutent tous une valeur immense \u00e0 votre pr\u00e9sence en ligne pour votre magasin de b\u00e9b\u00e9 ou votre magasin estim\u00e9 et vous permettent pour \u00e9tablir sans effort une empreinte num\u00e9rique r\u00e9put\u00e9e et captivante.<\/p>\n<ul>\n<li>Conception professionnelle et moderne pour un site Web de magasin pour b\u00e9b\u00e9<\/li>\n<li>Page d&rsquo;accueil personnalisable avec diverses sections pour les produits, cat\u00e9gories et promotions en vedette<\/li>\n<li>Navigation facile avec des menus d\u00e9roulants et des options de filtre pour les produits de navigation<\/li>\n<li>Fonction de blog int\u00e9gr\u00e9e pour partager des conseils et des nouvelles parentales<\/li>\n<li>Conception r\u00e9active mobile pour une visualisation optimale sur tous les appareils<\/li>\n<li>Int\u00e9gration avec des plateformes de commerce \u00e9lectronique populaires comme WooCommerce et Shopify<\/li>\n<li>Plusieurs sch\u00e9mas de couleurs et polices personnalis\u00e9es pour la marque<\/li>\n<li>\u00c9quipe d&rsquo;assistance d\u00e9di\u00e9e \u00e0 tous les probl\u00e8mes et questions techniques<\/li>\n<li>Compatible avec les constructeurs de pages populaires comme Elementor et Beaver Builder pour d&rsquo;autres options de personnalisation.<\/li>\n<\/ul>\n","protected":false},"excerpt":{"rendered":"<p>D\u00e9couvrez la magie de l&rsquo;enfance avec notre magasin d&rsquo;enfants Cocco Kids et le th\u00e8me de la boutique pour b\u00e9b\u00e9. Con\u00e7u pour apporter un sourire au visage de votre enfant, ce th\u00e8me regorge de couleurs vibrantes, de conceptions ludiques et d&rsquo;une interface conviviale. Parcourez une vaste gamme de v\u00eatements pour enfants, des jouets, des meubles et des \u00e9l\u00e9ments essentiels de b\u00e9b\u00e9, tous organis\u00e9s pour r\u00e9pondre aux besoins de vos petits. Avec notre boutique en ligne, vous pouvez trouver tout ce dont vous avez besoin pour votre enfant, dans le confort de votre maison. Le th\u00e8me offre \u00e9galement une navigation facile, assurant une exp\u00e9rience d&rsquo;achat sans couture pour les parents. Avec le magasin Cocco Kids et le th\u00e8me de la boutique de b\u00e9b\u00e9, faire du shopping pour votre enfant devient une exp\u00e9rience d\u00e9licieuse. Plongez et explorez un monde d&rsquo;\u00e9merveillement et de joie pour vos petits. Le th\u00e8me est non seulement visuellement attrayant, mais assure \u00e9galement une exp\u00e9rience d&rsquo;achat s\u00e9curis\u00e9e avec ses fonctionnalit\u00e9s de s\u00e9curit\u00e9 avanc\u00e9es. Rejoignez-nous et cr\u00e9ez des souvenirs inoubliables avec vos enfants.<\/p>\n","protected":false},"featured_media":143401,"comment_status":"open","ping_status":"open","template":"","meta":[],"product_brand":[2433],"product_cat":[1238,1444,1212],"product_tag":[1366],"class_list":{"0":"post-116447","1":"product","2":"type-product","3":"status-publish","4":"has-post-thumbnail","6":"product_brand-themeforest","7":"product_cat-commerce-electronique-themes","8":"product_cat-creatif-commerce-electronique-themes","9":"product_cat-themes","10":"product_tag-themeforest","11":"member-discount","12":"discount-restricted","14":"first","15":"instock","16":"sale","17":"downloadable","18":"virtual","19":"sold-individually","20":"purchasable","21":"product-type-simple"},"_links":{"self":[{"href":"https:\/\/gpl-love.com\/fr\/wp-json\/wp\/v2\/product\/116447","targetHints":{"allow":["GET"]}}],"collection":[{"href":"https:\/\/gpl-love.com\/fr\/wp-json\/wp\/v2\/product"}],"about":[{"href":"https:\/\/gpl-love.com\/fr\/wp-json\/wp\/v2\/types\/product"}],"replies":[{"embeddable":true,"href":"https:\/\/gpl-love.com\/fr\/wp-json\/wp\/v2\/comments?post=116447"}],"wp:featuredmedia":[{"embeddable":true,"href":"https:\/\/gpl-love.com\/fr\/wp-json\/wp\/v2\/media\/143401"}],"wp:attachment":[{"href":"https:\/\/gpl-love.com\/fr\/wp-json\/wp\/v2\/media?parent=116447"}],"wp:term":[{"taxonomy":"product_brand","embeddable":true,"href":"https:\/\/gpl-love.com\/fr\/wp-json\/wp\/v2\/product_brand?post=116447"},{"taxonomy":"product_cat","embeddable":true,"href":"https:\/\/gpl-love.com\/fr\/wp-json\/wp\/v2\/product_cat?post=116447"},{"taxonomy":"product_tag","embeddable":true,"href":"https:\/\/gpl-love.com\/fr\/wp-json\/wp\/v2\/product_tag?post=116447"}],"curies":[{"name":"wp","href":"https:\/\/api.w.org\/{rel}","templated":true}]}}