{"id":116445,"date":"2025-11-14T00:00:00","date_gmt":"2025-11-13T23:00:00","guid":{"rendered":"http:\/\/gpl-love.com\/fr\/produit\/thallo-consulting-et-finance-wordpress-theme\/"},"modified":"2026-03-20T23:39:10","modified_gmt":"2026-03-20T22:39:10","slug":"thallo-consulting-et-finance-wordpress-theme","status":"publish","type":"product","link":"https:\/\/gpl-love.com\/fr\/produit\/thallo-consulting-et-finance-wordpress-theme\/","title":{"rendered":"Thallo Consulting et Finance WordPress Theme 1.1.9"},"content":{"rendered":"<h3>Thallo Consulting et Finance WordPress Theme Traits<\/h3>\n<p>Le th\u00e8me WordPress Thallo Consulting and Finance est un th\u00e8me exceptionnel qui a \u00e9t\u00e9 m\u00e9ticuleusement con\u00e7u pour r\u00e9pondre aux entreprises op\u00e9rant dans les secteurs du conseil et des finances. B\u00e9n\u00e9ficiant d&rsquo;un niveau de sophistication in\u00e9gal\u00e9, ce th\u00e8me offre aux entreprises la possibilit\u00e9 d&rsquo;exposer leurs services et leur expertise avec une touche de professionnalisme et de modernit\u00e9. Avec une vaste gamme de fonctionnalit\u00e9s \u00e0 leur disposition, y compris une gamme de dispositions de page d&rsquo;accueil, d&rsquo;en-t\u00eates et de pied de page qui peuvent \u00eatre adapt\u00e9es aux pr\u00e9f\u00e9rences individuelles et \u00e0 un constructeur de pages glisser-d\u00e9poser, les entreprises peuvent construire sans effort un site Web qui est \u00e0 la fois visuellement captivant et facilement navigable. De plus, le th\u00e8me WordPress Consulting and Finance de Thallo est \u00e9quip\u00e9 de mod\u00e8les pr\u00e9d\u00e9finis sp\u00e9cifiquement pour les pages de service, les pages de projet et les pages d&rsquo;\u00e9quipe, rationalisant ainsi le processus de cr\u00e9ation du site Web et garantissant une pr\u00e9sence en ligne poli et raffin\u00e9e. La r\u00e9activit\u00e9 compl\u00e8te du th\u00e8me garantit qu&rsquo;elle d\u00e9gagera de l&rsquo;excellence sur tous les appareils. En exploitant la puissance du th\u00e8me WordPress Consulting and Finance Consulting and Finance, les entreprises peuvent \u00e9tablir une pr\u00e9sence en ligne robuste qui impressionnera certainement leur client\u00e8le et propulser leur croissance.<\/p>\n<ul>\n<li>Un th\u00e8me WordPress con\u00e7u sur mesure pour les sites Web de consultation et de financement<\/li>\n<li>Une disposition propre et moderne qui est facile \u00e0 naviguer<\/li>\n<li>Fonctionnalit\u00e9s personnalisables, y compris les polices, les couleurs et les options de mise en page<\/li>\n<li>Formulaires de contact int\u00e9gr\u00e9s et planification de rendez-vous<\/li>\n<li>Compatible avec les plugins populaires, tels que WooCommerce et Yoast SEO<\/li>\n<li>Conception conviviale pour une visualisation optimale sur tous les appareils<\/li>\n<li>Optimisation int\u00e9gr\u00e9e du moteur de recherche pour l&rsquo;am\u00e9lioration du classement des sites Web<\/li>\n<li>Acc\u00e8s \u00e0 la documentation compl\u00e8te et au support client<\/li>\n<li>Importation de d\u00e9monstration en un clic pour une configuration et une personnalisation faciles<\/li>\n<li>Mises \u00e0 jour r\u00e9guli\u00e8res et am\u00e9liorations pour assurer une fonctionnalit\u00e9 et une compatibilit\u00e9 continues<\/li>\n<\/ul>\n","protected":false},"excerpt":{"rendered":"<p>Le th\u00e8me WordPress Consulting and Finance Consulting and Finance, m\u00e9ticuleusement con\u00e7u pour r\u00e9pondre aux besoins des entreprises op\u00e9rant dans l&rsquo;industrie des finances et du conseil, incarne un sentiment de professionnalisme et de contemporan\u00e9it\u00e9. Boasting a plethora of robust features, including the ability to personalize widgets, a highly adaptable and responsive layout, as well as a multitude of page layout options, this theme serves as an invaluable tool in facilitating the creation of a visually striking online presence for your Entreprise estim\u00e9e. Distingu\u00e9 par son design raffin\u00e9 et \u00e9pur\u00e9, Thallo laisse sans aucun doute une impression ind\u00e9l\u00e9bile sur vos visiteurs estim\u00e9s, positionnant efficacement votre marque comme une coupe au-dessus du reste dans un march\u00e9 de plus en plus comp\u00e9titif.<\/p>\n","protected":false},"featured_media":145462,"comment_status":"open","ping_status":"open","template":"","meta":[],"product_brand":[2433],"product_cat":[1516,1212,1213],"product_tag":[1366],"class_list":{"0":"post-116445","1":"product","2":"type-product","3":"status-publish","4":"has-post-thumbnail","6":"product_brand-themeforest","7":"product_cat-entreprise","8":"product_cat-themes","9":"product_cat-wordpress-themes","10":"product_tag-themeforest","11":"member-discount","12":"discount-restricted","14":"first","15":"instock","16":"sale","17":"downloadable","18":"virtual","19":"sold-individually","20":"purchasable","21":"product-type-simple"},"_links":{"self":[{"href":"https:\/\/gpl-love.com\/fr\/wp-json\/wp\/v2\/product\/116445","targetHints":{"allow":["GET"]}}],"collection":[{"href":"https:\/\/gpl-love.com\/fr\/wp-json\/wp\/v2\/product"}],"about":[{"href":"https:\/\/gpl-love.com\/fr\/wp-json\/wp\/v2\/types\/product"}],"replies":[{"embeddable":true,"href":"https:\/\/gpl-love.com\/fr\/wp-json\/wp\/v2\/comments?post=116445"}],"wp:featuredmedia":[{"embeddable":true,"href":"https:\/\/gpl-love.com\/fr\/wp-json\/wp\/v2\/media\/145462"}],"wp:attachment":[{"href":"https:\/\/gpl-love.com\/fr\/wp-json\/wp\/v2\/media?parent=116445"}],"wp:term":[{"taxonomy":"product_brand","embeddable":true,"href":"https:\/\/gpl-love.com\/fr\/wp-json\/wp\/v2\/product_brand?post=116445"},{"taxonomy":"product_cat","embeddable":true,"href":"https:\/\/gpl-love.com\/fr\/wp-json\/wp\/v2\/product_cat?post=116445"},{"taxonomy":"product_tag","embeddable":true,"href":"https:\/\/gpl-love.com\/fr\/wp-json\/wp\/v2\/product_tag?post=116445"}],"curies":[{"name":"wp","href":"https:\/\/api.w.org\/{rel}","templated":true}]}}