{"id":116430,"date":"2021-07-11T00:00:00","date_gmt":"2021-07-10T22:00:00","guid":{"rendered":"http:\/\/gpl-love.com\/fr\/produit\/appender-copycat-content-protection-pour-wordpress\/"},"modified":"2026-03-20T22:54:48","modified_gmt":"2026-03-20T21:54:48","slug":"appender-copycat-content-protection-pour-wordpress","status":"publish","type":"product","link":"https:\/\/gpl-love.com\/fr\/produit\/appender-copycat-content-protection-pour-wordpress\/","title":{"rendered":"Appender Copycat Content Protection pour WordPress 1.0.3"},"content":{"rendered":"<h3>Appender Copycat Content Protection pour WordPress Traits<\/h3>\n<p>La protection de contenu de Copycat pour WordPress est une solution extr\u00eamement puissante qui sert \u00e0 prot\u00e9ger le contenu de votre site Web contre toute tentative de copie ou de plagiat non autoris\u00e9e. Ce plugin exceptionnel vous accorde la possibilit\u00e9 d&rsquo;incorporer de mani\u00e8re transparente un identifiant distinctif \u00e0 votre contenu, ce qui le rend par la suite ardu pour que tous les individus usurpent effront\u00e9ment votre propri\u00e9t\u00e9 intellectuelle et la pr\u00e9tend de mani\u00e8re trompeuse. \u00c9quip\u00e9 de cet outil remarquable, vous renforcerez sans effort la protection de vos efforts cr\u00e9atifs et vous assurerez que les fruits de votre travail ne sont pas exploit\u00e9s sans cesse par d&rsquo;autres sans votre autorisation explicite. De plus, le processus d&rsquo;installation et de configuration pour ce plugin est une brise absolue, et il s&rsquo;int\u00e8gre de mani\u00e8re transparente \u00e0 tous les principaux th\u00e8mes et plugins WordPress, vous laissant sans inqui\u00e9tude li\u00e9 \u00e0 la compatibilit\u00e9. Si vous recherchez avec ferveur un moyen in\u00e9branlable et tr\u00e8s efficace de prot\u00e9ger le contenu de votre site Web, ne cherchez pas plus loin que la protection de contenu Copycat Apprend pour WordPress &#8211; un choix vraiment exceptionnel qui d\u00e9gage la fiabilit\u00e9 et l&rsquo;efficacit\u00e9 in\u00e9gal\u00e9e.<\/p>\n<ul>\n<li>Prot\u00e8ge le contenu de votre site WordPress contre le fait d&rsquo;\u00eatre copi\u00e9 et coll\u00e9 ailleurs<\/li>\n<li>Bloque les fonctionnalit\u00e9s avec le bouton droit sur votre site pour \u00e9viter le vol de contenu<\/li>\n<li>Offre des param\u00e8tres personnalisables pour r\u00e9pondre \u00e0 vos besoins et pr\u00e9f\u00e9rences sp\u00e9cifiques<\/li>\n<li>Prend en charge plusieurs langues pour un public mondial<\/li>\n<li>Facile \u00e0 installer et \u00e0 utiliser, sans codage requis<\/li>\n<li>Fournit des journaux d&rsquo;activit\u00e9s d\u00e9taill\u00e9s pour suivre les instances de tentative de vol de contenu<\/li>\n<li>Compatible avec une vari\u00e9t\u00e9 de th\u00e8mes et plugins WordPress<\/li>\n<li>Aide \u00e0 am\u00e9liorer le r\u00e9f\u00e9rencement en emp\u00eachant les p\u00e9nalit\u00e9s de contenu en double.<\/li>\n<\/ul>\n","protected":false},"excerpt":{"rendered":"<p>D\u00e9couvrez les fonctionnalit\u00e9s innovantes de la protection de contenu de Copycat Apprend Copycat pour WordPress, un outil qui change la donne qui garantit le contenu de votre site Web \u00e0 \u00eatre copi\u00e9. Ce plugin WordPress incroyable emp\u00eache la duplication non autoris\u00e9e et l&rsquo;utilisation abusive de votre contenu en ligne durement gagn\u00e9. Il offre une protection compl\u00e8te contre le vol de contenu, y compris le texte, les images et les vid\u00e9os, garantissant la s\u00e9curit\u00e9 et l&rsquo;int\u00e9grit\u00e9 de votre site Web. Avec son interface conviviale, vous pouvez facilement g\u00e9rer et contr\u00f4ler l&rsquo;acc\u00e8s \u00e0 votre contenu. Emp\u00eachez sans effort le clic droit, la s\u00e9lection de texte et m\u00eame le hotlinking de vos fichiers multim\u00e9dias. Profitez de la tranquillit\u00e9 d&rsquo;esprit en sachant que la protection de contenu \u00e0 l&rsquo;appenner est en cours de reprise pour prot\u00e9ger votre propri\u00e9t\u00e9 intellectuelle. Choisissez la protection de contenu de l&rsquo;appenner pour WordPress d\u00e8s aujourd&rsquo;hui et offrez \u00e0 votre contenu la protection qu&rsquo;elle m\u00e9rite.<\/p>\n","protected":false},"featured_media":143143,"comment_status":"open","ping_status":"open","template":"","meta":[],"product_brand":[2435],"product_cat":[1189,1181,1186],"product_tag":[1231],"class_list":{"0":"post-116430","1":"product","2":"type-product","3":"status-publish","4":"has-post-thumbnail","6":"product_brand-codecanyon","7":"product_cat-personnalisation","8":"product_cat-plugins","9":"product_cat-wordpress-plugins","10":"product_tag-codecanyon","11":"member-discount","12":"discount-restricted","14":"first","15":"instock","16":"sale","17":"downloadable","18":"virtual","19":"sold-individually","20":"purchasable","21":"product-type-simple"},"_links":{"self":[{"href":"https:\/\/gpl-love.com\/fr\/wp-json\/wp\/v2\/product\/116430","targetHints":{"allow":["GET"]}}],"collection":[{"href":"https:\/\/gpl-love.com\/fr\/wp-json\/wp\/v2\/product"}],"about":[{"href":"https:\/\/gpl-love.com\/fr\/wp-json\/wp\/v2\/types\/product"}],"replies":[{"embeddable":true,"href":"https:\/\/gpl-love.com\/fr\/wp-json\/wp\/v2\/comments?post=116430"}],"wp:featuredmedia":[{"embeddable":true,"href":"https:\/\/gpl-love.com\/fr\/wp-json\/wp\/v2\/media\/143143"}],"wp:attachment":[{"href":"https:\/\/gpl-love.com\/fr\/wp-json\/wp\/v2\/media?parent=116430"}],"wp:term":[{"taxonomy":"product_brand","embeddable":true,"href":"https:\/\/gpl-love.com\/fr\/wp-json\/wp\/v2\/product_brand?post=116430"},{"taxonomy":"product_cat","embeddable":true,"href":"https:\/\/gpl-love.com\/fr\/wp-json\/wp\/v2\/product_cat?post=116430"},{"taxonomy":"product_tag","embeddable":true,"href":"https:\/\/gpl-love.com\/fr\/wp-json\/wp\/v2\/product_tag?post=116430"}],"curies":[{"name":"wp","href":"https:\/\/api.w.org\/{rel}","templated":true}]}}