{"id":116426,"date":"2026-02-06T00:00:00","date_gmt":"2026-02-05T23:00:00","guid":{"rendered":"http:\/\/gpl-love.com\/fr\/produit\/newspaper-et-magazine-newsmag-wordpress-theme\/"},"modified":"2026-04-10T18:33:50","modified_gmt":"2026-04-10T16:33:50","slug":"newspaper-et-magazine-newsmag-wordpress-theme","status":"publish","type":"product","link":"https:\/\/gpl-love.com\/fr\/produit\/newspaper-et-magazine-newsmag-wordpress-theme\/","title":{"rendered":"Newspaper et Magazine Newsmag WordPress Theme 5.4.3.5"},"content":{"rendered":"<h3>Newspaper et Magazine Newsmag WordPress Theme Traits<\/h3>\n<p>Le th\u00e8me WordPress du journal et magazine Newsmag est un th\u00e8me incroyablement robuste et polyvalent qui a \u00e9t\u00e9 m\u00e9ticuleusement con\u00e7u sp\u00e9cifiquement pour r\u00e9pondre aux besoins des \u00e9diteurs, des blogueurs et des agences de presse. Il poss\u00e8de une disposition parfaitement \u00e9l\u00e9gante et contemporaine, associ\u00e9e \u00e0 une vaste gamme d&rsquo;options personnalisables, ce qui le rend la solution ultime pour fabriquer des sites Web de nouvelles et de magazines tr\u00e8s polis et tr\u00e8s polis. Ind\u00e9pendamment de savoir si vous poss\u00e9dez une exp\u00e9rience consid\u00e9rable en tant que journaliste chevronn\u00e9 ou que vous vous aventurez simplement dans le domaine des blogs, le th\u00e8me Newsmag offre un assortiment exceptionnel de fonctionnalit\u00e9s qui sont destin\u00e9es \u00e0 vous aider \u00e0 fabriquer un contenu convaincant et \u00e9clairant qui captivera indubitablement votre public, en vous assurant leur engagement continu. Ce th\u00e8me est \u00e9quip\u00e9 d&rsquo;une conception r\u00e9active, d&rsquo;options de r\u00e9f\u00e9rencement sophistiqu\u00e9es, ainsi que d&rsquo;une impressionnante collection de widgets et de plugins personnalis\u00e9s, ce qui en fait le choix par excellence pour tous ceux qui cherchent \u00e0 \u00e9tablir une publication de nouvelles ou de magazines en ligne vraiment professionnelle et de premier ordre.<\/p>\n<ul>\n<li>Fournit un design propre et moderne pour les journaux et les magazines.<\/li>\n<li>La conception r\u00e9active mobile garantit que votre site Web a fi\u00e8re allure sur n&rsquo;importe quel appareil.<\/li>\n<li>Page d&rsquo;accueil personnalisable avec diverses options de widgets.<\/li>\n<li>Le syst\u00e8me de gestion des annonces int\u00e9gr\u00e9 vous permet de mon\u00e9tiser facilement votre site Web.<\/li>\n<li>Comprend un constructeur de pages glisser-d\u00e9poser pour une personnalisation facile.<\/li>\n<li>Compatible avec divers plugins populaires tels que WooCommerce et MailChimp.<\/li>\n<li>Navigation facile et interface conviviale pour les lecteurs.<\/li>\n<li>Les boutons de partage des m\u00e9dias sociaux int\u00e9gr\u00e9s pour augmenter la pr\u00e9sence en ligne de votre site Web.<\/li>\n<li>SEO optimis\u00e9 pour une visibilit\u00e9 accrue sur les moteurs de recherche.<\/li>\n<li>Mises \u00e0 jour r\u00e9guli\u00e8res et support client disponibles pour assurer un fonctionnement en douceur du site Web.<\/li>\n<\/ul>\n","protected":false},"excerpt":{"rendered":"<p>Le th\u00e8me WordPress du journal et magazine Newsmag, avec sa conception sophistiqu\u00e9e mais pratique, pr\u00e9sente la solution ultime pour les sites Web qui exigent une touche d&rsquo;\u00e9l\u00e9gance et de fonctionnalit\u00e9 pour leur plate-forme d&rsquo;actualit\u00e9s ou de magazine. Ce th\u00e8me s&rsquo;av\u00e8re \u00eatre un choix id\u00e9al pour les \u00e9diteurs, les blogueurs ou m\u00eame les propri\u00e9taires d&rsquo;entreprise qui cherchent \u00e0 montrer leur contenu et \u00e0 captiver un public plus large. Son design \u00e9l\u00e9gant, contemporain et r\u00e9actif garantit que votre contenu est facilement accessible \u00e0 partir de tout appareil, r\u00e9pondant aux besoins de votre lectorat diversifi\u00e9. De plus, son interface conviviale et ses options de personnalisation robustes permettent une personnalisation sans effort, vous permettant d&rsquo;infuser votre site Web avec un sens du style unique. B\u00e9n\u00e9ficiant d&rsquo;une gamme de fonctionnalit\u00e9s impressionnantes telles que la mise en page de la grille, des alternatives de curseurs, des zones de widgets et une int\u00e9gration des m\u00e9dias sociaux sans couture, le th\u00e8me WordPress de journaux et magazine WordPress d\u00e9voile vraiment des possibilit\u00e9s illimit\u00e9es. Embarquez dans votre voyage avec Newsmag aujourd&rsquo;hui et \u00e9levez votre site Web \u00e0 des hauteurs sans pr\u00e9c\u00e9dent!<\/p>\n","protected":false},"featured_media":144742,"comment_status":"open","ping_status":"open","template":"","meta":[],"product_brand":[2433],"product_cat":[1220,1212,1213],"product_tag":[1366],"class_list":{"0":"post-116426","1":"product","2":"type-product","3":"status-publish","4":"has-post-thumbnail","6":"product_brand-themeforest","7":"product_cat-blog-magazine","8":"product_cat-themes","9":"product_cat-wordpress-themes","10":"product_tag-themeforest","11":"member-discount","12":"discount-restricted","14":"first","15":"instock","16":"sale","17":"downloadable","18":"virtual","19":"sold-individually","20":"purchasable","21":"product-type-simple"},"_links":{"self":[{"href":"https:\/\/gpl-love.com\/fr\/wp-json\/wp\/v2\/product\/116426","targetHints":{"allow":["GET"]}}],"collection":[{"href":"https:\/\/gpl-love.com\/fr\/wp-json\/wp\/v2\/product"}],"about":[{"href":"https:\/\/gpl-love.com\/fr\/wp-json\/wp\/v2\/types\/product"}],"replies":[{"embeddable":true,"href":"https:\/\/gpl-love.com\/fr\/wp-json\/wp\/v2\/comments?post=116426"}],"wp:featuredmedia":[{"embeddable":true,"href":"https:\/\/gpl-love.com\/fr\/wp-json\/wp\/v2\/media\/144742"}],"wp:attachment":[{"href":"https:\/\/gpl-love.com\/fr\/wp-json\/wp\/v2\/media?parent=116426"}],"wp:term":[{"taxonomy":"product_brand","embeddable":true,"href":"https:\/\/gpl-love.com\/fr\/wp-json\/wp\/v2\/product_brand?post=116426"},{"taxonomy":"product_cat","embeddable":true,"href":"https:\/\/gpl-love.com\/fr\/wp-json\/wp\/v2\/product_cat?post=116426"},{"taxonomy":"product_tag","embeddable":true,"href":"https:\/\/gpl-love.com\/fr\/wp-json\/wp\/v2\/product_tag?post=116426"}],"curies":[{"name":"wp","href":"https:\/\/api.w.org\/{rel}","templated":true}]}}