{"id":116424,"date":"2021-07-11T00:00:00","date_gmt":"2021-07-10T22:00:00","guid":{"rendered":"http:\/\/gpl-love.com\/fr\/produit\/prowess-fitness-et-gym-theme\/"},"modified":"2026-04-10T18:37:17","modified_gmt":"2026-04-10T16:37:17","slug":"prowess-fitness-et-gym-theme","status":"publish","type":"product","link":"https:\/\/gpl-love.com\/fr\/produit\/prowess-fitness-et-gym-theme\/","title":{"rendered":"Prowess Fitness et Gym Theme 2.0"},"content":{"rendered":"<h3>Prowess Fitness et Gym Theme Traits<\/h3>\n<p>Le th\u00e8me des prouesses et du gymnase est un excellent choix pour les personnes passionn\u00e9es par le gymnase, le fitness et les sports et qui souhaitent \u00e9tablir un site Web dynamique et convivial. Ce th\u00e8me poss\u00e8de un design contemporain et r\u00e9actif qui pr\u00e9sente efficacement divers \u00e9quipements de gymnase, programmes de formation et routines d&rsquo;exercice. De plus, gr\u00e2ce \u00e0 ses dispositions personnalisables, vous avez la libert\u00e9 de personnaliser votre site Web d&rsquo;une mani\u00e8re qui refl\u00e8te avec pr\u00e9cision l&rsquo;identit\u00e9 de votre marque et se connecte efficacement avec votre public cible. De plus, ce th\u00e8me comprend un syst\u00e8me de r\u00e9servation robuste qui facilite la planification des cours et des rendez-vous en ligne, simplifiant ainsi le processus pour que les clients s&rsquo;inscrivent \u00e0 vos services exceptionnels. Que vous soyez propri\u00e9taire d&rsquo;une entreprise de gymnase ou de formation personnelle, le th\u00e8me de la forme physique et du gymnase des prouesses offre la flexibilit\u00e9 et la fonctionnalit\u00e9 indispensables pour g\u00e9rer sans effort votre site Web et d\u00e9velopper avec succ\u00e8s votre pr\u00e9sence en ligne.<\/p>\n<ul>\n<li>Th\u00e8me personnalisable de fitness et de gymnase pour les sites Web WordPress<\/li>\n<li>Comprend plusieurs mod\u00e8les pr\u00e9-con\u00e7us pour les sites Web de gymnase et de fitness<\/li>\n<li>Conception r\u00e9active qui fonctionne sur tous les appareils<\/li>\n<li>Optimis\u00e9 pour les temps de chargement rapide et le r\u00e9f\u00e9rencement<\/li>\n<li>S&rsquo;int\u00e8gre aux plugins de fitness populaires tels que WooCommerce, Calendrier et Calendrier des \u00e9v\u00e9nements<\/li>\n<li>Comprend des fonctionnalit\u00e9s telles que les horaires des cours, les profils d&rsquo;entra\u00eenement et les tables de tarification<\/li>\n<li>Page Builder pour une personnalisation facile<\/li>\n<li>Livr\u00e9 avec une documentation approfondie et un soutien du d\u00e9veloppeur<\/li>\n<li>R\u00e9guli\u00e8rement mis \u00e0 jour avec de nouvelles fonctionnalit\u00e9s et am\u00e9liorations en fonction des commentaires des clients<\/li>\n<li>Parfait pour les gymnases, les studios de fitness, les entra\u00eeneurs personnels et les clubs de sant\u00e9<\/li>\n<\/ul>\n","protected":false},"excerpt":{"rendered":"<p>Pr\u00e9sentation du th\u00e8me de la forme physique et du gymnase des prouesses, une solution compl\u00e8te et globale adapt\u00e9e sp\u00e9cifiquement aux amateurs de fitness, aux propri\u00e9taires de gymnases et aux entra\u00eeneurs personnels cherchant \u00e0 \u00e9tablir une pr\u00e9sence en ligne poli et captivante. Ce th\u00e8me finement con\u00e7u poss\u00e8de un design sophistiqu\u00e9 et contemporain, augment\u00e9 par une gamme de fonctionnalit\u00e9s personnalisables m\u00e9ticuleusement con\u00e7ues pour pr\u00e9senter efficacement vos installations de gymnase, vos services et vos programmes de fitness. Gr\u00e2ce \u00e0 son interface intuitive, le fitness des prouesses et le th\u00e8me du gymnase int\u00e8grent de mani\u00e8re transparente des horaires d&rsquo;entra\u00eenement int\u00e9gr\u00e9s, diverses options d&rsquo;adh\u00e9sion et des profils d&rsquo;entra\u00eenement complets, vous offrant ainsi un ensemble d&rsquo;outils global qui s&rsquo;adresse \u00e0 toutes les facettes de l&rsquo;attraction du client, de l&rsquo;engagement et de la r\u00e9tention globale . Que vous vous embarquiez dans une aventure de fitness et qui vous efforcez d&rsquo;\u00e9lever l&rsquo;importance de votre marque de fitness existante, le th\u00e8me du fitness et de la gym sur les prouesses est pr\u00eat \u00e0 r\u00e9pondre et \u00e0 d\u00e9passer toutes vos attentes et exigences.<\/p>\n","protected":false},"featured_media":145039,"comment_status":"open","ping_status":"open","template":"","meta":[],"product_brand":[2433],"product_cat":[1242,1212,1213],"product_tag":[1366],"class_list":{"0":"post-116424","1":"product","2":"type-product","3":"status-publish","4":"has-post-thumbnail","6":"product_brand-themeforest","7":"product_cat-creatif","8":"product_cat-themes","9":"product_cat-wordpress-themes","10":"product_tag-themeforest","11":"member-discount","12":"discount-restricted","14":"first","15":"instock","16":"sale","17":"downloadable","18":"virtual","19":"sold-individually","20":"purchasable","21":"product-type-simple"},"_links":{"self":[{"href":"https:\/\/gpl-love.com\/fr\/wp-json\/wp\/v2\/product\/116424","targetHints":{"allow":["GET"]}}],"collection":[{"href":"https:\/\/gpl-love.com\/fr\/wp-json\/wp\/v2\/product"}],"about":[{"href":"https:\/\/gpl-love.com\/fr\/wp-json\/wp\/v2\/types\/product"}],"replies":[{"embeddable":true,"href":"https:\/\/gpl-love.com\/fr\/wp-json\/wp\/v2\/comments?post=116424"}],"wp:featuredmedia":[{"embeddable":true,"href":"https:\/\/gpl-love.com\/fr\/wp-json\/wp\/v2\/media\/145039"}],"wp:attachment":[{"href":"https:\/\/gpl-love.com\/fr\/wp-json\/wp\/v2\/media?parent=116424"}],"wp:term":[{"taxonomy":"product_brand","embeddable":true,"href":"https:\/\/gpl-love.com\/fr\/wp-json\/wp\/v2\/product_brand?post=116424"},{"taxonomy":"product_cat","embeddable":true,"href":"https:\/\/gpl-love.com\/fr\/wp-json\/wp\/v2\/product_cat?post=116424"},{"taxonomy":"product_tag","embeddable":true,"href":"https:\/\/gpl-love.com\/fr\/wp-json\/wp\/v2\/product_tag?post=116424"}],"curies":[{"name":"wp","href":"https:\/\/api.w.org\/{rel}","templated":true}]}}