{"id":116422,"date":"2025-11-14T00:00:00","date_gmt":"2025-11-13T23:00:00","guid":{"rendered":"http:\/\/gpl-love.com\/fr\/produit\/sales-countdown-timer-pour-woocommerce-et-wordpress\/"},"modified":"2026-03-20T23:34:26","modified_gmt":"2026-03-20T22:34:26","slug":"sales-countdown-timer-pour-woocommerce-et-wordpress","status":"publish","type":"product","link":"https:\/\/gpl-love.com\/fr\/produit\/sales-countdown-timer-pour-woocommerce-et-wordpress\/","title":{"rendered":"Sales Countdown Timer pour WooCommerce et WordPress 1.1.8"},"content":{"rendered":"<h3>Sales Countdown Timer pour WooCommerce et WordPress Traits<\/h3>\n<p>Le compte \u00e0 rebours des ventes pour WooCommerce et WordPress sert d&rsquo;outil de marketing formidable, inculquant efficacement un sentiment d&rsquo;urgence dans les acheteurs potentiels et renfor\u00e7ant ainsi les ventes de marchands en ligne. Ce plugin remarquable offre la possibilit\u00e9 de montrer un compte \u00e0 rebours sur les pages de produits, de cocher m\u00e9ticuleusement le temps restant jusqu&rsquo;\u00e0 la conclusion d&rsquo;une vente ou d&rsquo;une promotion. De plus, ce temporisateur peut \u00eatre personnalis\u00e9 pour s&rsquo;aligner sur l&rsquo;identit\u00e9 de votre marque et peut \u00eatre programm\u00e9 pour initier et cesser de fonctionner \u00e0 des moments sp\u00e9cifiquement d\u00e9sign\u00e9s. Les preuves empiriques confirmant l&rsquo;efficacit\u00e9 de ce plugin pour augmenter les conversions et propulser les ventes en font un actif indispensable pour tout propri\u00e9taire de magasin de commerce \u00e9lectronique. Arm\u00e9 du compte \u00e0 rebours des ventes pour WooCommerce et WordPress, vous poss\u00e9dez la capacit\u00e9 d&rsquo;\u00e9laborer des offres attrayantes qui incitent vos clients \u00e0 l&rsquo;action, les obligeant \u00e0 acqu\u00e9rir vos produits.<\/p>\n<ul>\n<li>Ajoute un sentiment d&rsquo;urgence \u00e0 vos pages de produits avec une minuterie de compte \u00e0 rebours en direct<\/li>\n<li>Enti\u00e8rement personnalisable pour correspondre \u00e0 la conception et \u00e0 la marque de votre site<\/li>\n<li>Installation et int\u00e9gration faciles avec les plates-formes WooCommerce et WordPress<\/li>\n<li>Plusieurs options d&rsquo;affichage disponibles pour r\u00e9pondre \u00e0 vos besoins<\/li>\n<li>Aide \u00e0 stimuler les conversions et \u00e0 augmenter les ventes en encourageant les acheteurs \u00e0 agir rapidement<\/li>\n<li>R\u00e9initialise automatiquement le compte \u00e0 rebours pour chaque nouvelle vente<\/li>\n<li>Option pour masquer la minuterie lorsque le stock de produits tombe en dessous d&rsquo;un certain seuil<\/li>\n<li>Compatible avec des appareils mobiles pour une exp\u00e9rience utilisateur optimale<\/li>\n<li>Comprend un support client d\u00e9di\u00e9 \u00e0 tout probl\u00e8me ou questions techniques<\/li>\n<\/ul>\n","protected":false},"excerpt":{"rendered":"<p>Am\u00e9liorez l&rsquo;engagement client et augmentez vos ventes en incorporant notre plugin de compte \u00e0 rebours de vente sp\u00e9cialement con\u00e7u pour WooCommerce et WordPress! Cet outil remarquable mais simple vous permet \u00e0 int\u00e9grer de mani\u00e8re transparente un horloge \u00e0 rebours sur vos pages de produits, en inculquant un sentiment d&rsquo;urgence profond au sein des acheteurs potentiels tout en les obligeant \u00e0 effectuer rapidement un achat avant l&rsquo;\u00e9puisement imminent du temps. Offrant une pl\u00e9thore de param\u00e8tres personnalisables et un processus d&rsquo;installation convivial, ce plugin indispensable s&rsquo;av\u00e8re sans \u00e9quivoque un actif indispensable pour toute boutique en ligne visant \u00e0 amplifier les conversions et \u00e0 renforcer les flux de revenus. Ne perdez pas de temps, saisissez l&rsquo;opportunit\u00e9 de tester cette solution in\u00e9gal\u00e9e aujourd&rsquo;hui et commencez \u00e0 \u00eatre t\u00e9moin de r\u00e9sultats remarquables en un rien de temps!<\/p>\n","protected":false},"featured_media":145155,"comment_status":"open","ping_status":"open","template":"","meta":[],"product_brand":[2435],"product_cat":[1189,1181,1186],"product_tag":[1231],"class_list":{"0":"post-116422","1":"product","2":"type-product","3":"status-publish","4":"has-post-thumbnail","6":"product_brand-codecanyon","7":"product_cat-personnalisation","8":"product_cat-plugins","9":"product_cat-wordpress-plugins","10":"product_tag-codecanyon","11":"member-discount","12":"discount-restricted","14":"first","15":"instock","16":"sale","17":"downloadable","18":"virtual","19":"sold-individually","20":"purchasable","21":"product-type-simple"},"_links":{"self":[{"href":"https:\/\/gpl-love.com\/fr\/wp-json\/wp\/v2\/product\/116422","targetHints":{"allow":["GET"]}}],"collection":[{"href":"https:\/\/gpl-love.com\/fr\/wp-json\/wp\/v2\/product"}],"about":[{"href":"https:\/\/gpl-love.com\/fr\/wp-json\/wp\/v2\/types\/product"}],"replies":[{"embeddable":true,"href":"https:\/\/gpl-love.com\/fr\/wp-json\/wp\/v2\/comments?post=116422"}],"wp:featuredmedia":[{"embeddable":true,"href":"https:\/\/gpl-love.com\/fr\/wp-json\/wp\/v2\/media\/145155"}],"wp:attachment":[{"href":"https:\/\/gpl-love.com\/fr\/wp-json\/wp\/v2\/media?parent=116422"}],"wp:term":[{"taxonomy":"product_brand","embeddable":true,"href":"https:\/\/gpl-love.com\/fr\/wp-json\/wp\/v2\/product_brand?post=116422"},{"taxonomy":"product_cat","embeddable":true,"href":"https:\/\/gpl-love.com\/fr\/wp-json\/wp\/v2\/product_cat?post=116422"},{"taxonomy":"product_tag","embeddable":true,"href":"https:\/\/gpl-love.com\/fr\/wp-json\/wp\/v2\/product_tag?post=116422"}],"curies":[{"name":"wp","href":"https:\/\/api.w.org\/{rel}","templated":true}]}}