{"id":116420,"date":"2026-02-18T00:00:00","date_gmt":"2026-02-17T23:00:00","guid":{"rendered":"http:\/\/gpl-love.com\/fr\/produit\/tasty-pins-optimize-pour-pinterest-seo-et-screenreaders\/"},"modified":"2026-04-10T18:42:02","modified_gmt":"2026-04-10T16:42:02","slug":"tasty-pins-optimize-pour-pinterest-seo-et-screenreaders","status":"publish","type":"product","link":"https:\/\/gpl-love.com\/fr\/produit\/tasty-pins-optimize-pour-pinterest-seo-et-screenreaders\/","title":{"rendered":"Tasty Pins 2.4.2"},"content":{"rendered":"<h3>Tasty Pins Traits<\/h3>\n<p>Les \u00e9pingles savoureuses, un outil ing\u00e9nieux, ont \u00e9t\u00e9 m\u00e9ticuleusement con\u00e7ues pour aider les blogueurs et les propri\u00e9taires de sites Web \u00e0 am\u00e9liorer leur contenu pour Pinterest SEO et ScreenReders. Ce plugin remarquablement puissant vous permet d&rsquo;incorporer sans effort des descriptions, des titres et des balises dissimul\u00e9s cach\u00e9s dans vos images, les rendant ainsi tr\u00e8s d\u00e9couvrables et partageables sur la plate-forme. De plus, les \u00e9pingles savoureuses garantissent consciencieusement que les utilisateurs malvoyants peuvent acc\u00e9der \u00e0 votre contenu en ajoutant du texte ALT \u00e0 vos images, favorisant ainsi un environnement d&rsquo;inclusivit\u00e9 et de convivialit\u00e9 sur votre site. Que votre objectif soit de renforcer votre visibilit\u00e9 sur Pinterest ou d&rsquo;am\u00e9liorer l&rsquo;accessibilit\u00e9 sur votre site Web, des \u00e9pingles savoureuses apparaissent comme le choix par excellence pour vous.<\/p>\n<ul>\n<li>Am\u00e9liore le r\u00e9f\u00e9rencement Pinterest en ajoutant des descriptions sp\u00e9cifiques \u00e0 Pinterest cach\u00e9es aux images<\/li>\n<li>Augmente la probabilit\u00e9 que votre contenu soit d\u00e9couvert sur Pinterest en ajoutant du texte ALT et des descriptions adapt\u00e9es au r\u00e9f\u00e9rencement<\/li>\n<li>Rend votre contenu plus accessible aux utilisateurs malvoyants en fournissant du texte descriptif pour les images que les lecteurs d&rsquo;\u00e9cran peuvent reconna\u00eetre<\/li>\n<li>Vous permet de contr\u00f4ler les images que Pinterest choisit d&rsquo;afficher sur votre site Web, vous donnant plus de contr\u00f4le sur votre image de marque<\/li>\n<li>Simplifie le processus d&rsquo;optimisation de vos images pour Pinterest, m\u00eame si vous avez peu d&rsquo;exp\u00e9rience avec le r\u00e9f\u00e9rencement<\/li>\n<li>Vous aide \u00e0 cr\u00e9er une identit\u00e9 visuelle coh\u00e9rente sur vos planches Pinterest en fournissant un moyen simple d&rsquo;ajouter des descriptions personnalis\u00e9es \u00e0 vos images<\/li>\n<li>Compatible avec la plupart des sites Web et plates-formes, notamment WordPress, Shopify et Squarespace, entre autres<\/li>\n<li>Dans l&rsquo;ensemble, Tasty Pins est un outil essentiel pour quiconque cherche \u00e0 am\u00e9liorer sa pr\u00e9sence Pinterest et \u00e0 atteindre un public plus large sur les r\u00e9seaux sociaux. Avec son interface conviviale, ses puissantes capacit\u00e9s d&rsquo;optimisation du r\u00e9f\u00e9rencement et la prise en charge des lecteurs d&rsquo;\u00e9cran, c&rsquo;est un incontournable pour toute personne s\u00e9rieuse au sujet de sa pr\u00e9sence en ligne.<\/li>\n<\/ul>\n","protected":false},"excerpt":{"rendered":"<p>Tasty Pins propose une solution globale et in\u00e9gal\u00e9e pour am\u00e9liorer l&rsquo;optimisation du moteur de recherche (SEO) de votre site Web sp\u00e9cialement adapt\u00e9 \u00e0 Pinterest, ainsi que d&rsquo;assurer la compatibilit\u00e9 avec les lecteurs d&rsquo;\u00e9cran. En incorporant des \u00e9pingles savoureuses dans votre site Web, vous gagnez la capacit\u00e9 sans effort \u00e0 inclure sans effort des descriptions de texte alternative (ALT) et de Pinterest pour vos images, am\u00e9liorant ainsi consid\u00e9rablement leur visibilit\u00e9 et leur d\u00e9couverte sur la plate-forme Pinterest, tout en offrant une accessibilit\u00e9 accrue aux personnes ayant des d\u00e9ficiences visuelles . De plus, Tasty Pins s&rsquo;int\u00e8gre de mani\u00e8re transparente \u00e0 votre site Web existant, \u00e9liminant ainsi tous les d\u00e9fis ou obstacles potentiels qui peuvent survenir pendant le processus de mise en \u0153uvre. Par cons\u00e9quent, si vous aspirez \u00e0 \u00e9lever vos performances Pinterest et \u00e0 cultiver simultan\u00e9ment un environnement en ligne plus inclusif, embrasser les \u00e9pingles savoureuses est sans \u00e9quivoque le choix optimal.<\/p>\n","protected":false},"featured_media":145451,"comment_status":"open","ping_status":"open","template":"","meta":[],"product_brand":[2669],"product_cat":[1181,1335,1186],"product_tag":[1887],"class_list":{"0":"post-116420","1":"product","2":"type-product","3":"status-publish","4":"has-post-thumbnail","6":"product_brand-wp-tasty","7":"product_cat-plugins","8":"product_cat-seo","9":"product_cat-wordpress-plugins","10":"product_tag-wp-tasty","11":"member-discount","12":"discount-restricted","14":"first","15":"instock","16":"sale","17":"downloadable","18":"virtual","19":"sold-individually","20":"purchasable","21":"product-type-simple"},"_links":{"self":[{"href":"https:\/\/gpl-love.com\/fr\/wp-json\/wp\/v2\/product\/116420","targetHints":{"allow":["GET"]}}],"collection":[{"href":"https:\/\/gpl-love.com\/fr\/wp-json\/wp\/v2\/product"}],"about":[{"href":"https:\/\/gpl-love.com\/fr\/wp-json\/wp\/v2\/types\/product"}],"replies":[{"embeddable":true,"href":"https:\/\/gpl-love.com\/fr\/wp-json\/wp\/v2\/comments?post=116420"}],"wp:featuredmedia":[{"embeddable":true,"href":"https:\/\/gpl-love.com\/fr\/wp-json\/wp\/v2\/media\/145451"}],"wp:attachment":[{"href":"https:\/\/gpl-love.com\/fr\/wp-json\/wp\/v2\/media?parent=116420"}],"wp:term":[{"taxonomy":"product_brand","embeddable":true,"href":"https:\/\/gpl-love.com\/fr\/wp-json\/wp\/v2\/product_brand?post=116420"},{"taxonomy":"product_cat","embeddable":true,"href":"https:\/\/gpl-love.com\/fr\/wp-json\/wp\/v2\/product_cat?post=116420"},{"taxonomy":"product_tag","embeddable":true,"href":"https:\/\/gpl-love.com\/fr\/wp-json\/wp\/v2\/product_tag?post=116420"}],"curies":[{"name":"wp","href":"https:\/\/api.w.org\/{rel}","templated":true}]}}