{"id":116416,"date":"2026-02-14T00:00:00","date_gmt":"2026-02-13T23:00:00","guid":{"rendered":"http:\/\/gpl-love.com\/fr\/produit\/chauffeur-booking-system-pour-wordpress\/"},"modified":"2026-04-05T18:30:13","modified_gmt":"2026-04-05T16:30:13","slug":"chauffeur-booking-system-pour-wordpress","status":"publish","type":"product","link":"https:\/\/gpl-love.com\/fr\/produit\/chauffeur-booking-system-pour-wordpress\/","title":{"rendered":"Chauffeur Booking System pour WordPress 9.3"},"content":{"rendered":"<h3>Chauffeur Booking System pour WordPress Traits<\/h3>\n<p>Le syst\u00e8me de r\u00e9servation de chauffeur pour WordPress, \u00e9tant un plugin fiable et convivial, rationalise efficacement le processus de r\u00e9servation de services de chauffeur. Il facilite les entreprises en g\u00e9rant sans effort leurs r\u00e9servations et en organisant des trajets via leur site Web WordPress. Ce syst\u00e8me fournit un formulaire de r\u00e9servation personnalisable qui peut \u00eatre personnalis\u00e9 pour r\u00e9pondre aux exigences sp\u00e9cifiques de l&rsquo;entreprise, ainsi qu&rsquo;un tableau de bord \u00e9l\u00e9gant et convivial pour g\u00e9rer efficacement les r\u00e9servations, les clients et les pilotes. \u00c9quip\u00e9s de fonctionnalit\u00e9s remarquables telles que des notifications par e-mail automatis\u00e9es, des profils clients complets et un suivi de conduite en temps r\u00e9el, le syst\u00e8me de r\u00e9servation de chauffeur pour WordPress optimise la proc\u00e9dure globale de r\u00e9servation et de gestion pour les entreprises ainsi que les clients.<\/p>\n<ul>\n<li>R\u00e9servez sans effort un chauffeur via votre site Web WordPress<\/li>\n<li>Rationalisation du processus de r\u00e9servation pour vous faire gagner du temps<\/li>\n<li>Int\u00e9gration avec diverses passerelles de paiement pour assurer un traitement de paiement s\u00e9curis\u00e9<\/li>\n<li>Recevoir automatiquement un e-mail de confirmation lors de la r\u00e9servation<\/li>\n<li>Acc\u00e8s \u00e0 un tableau de bord convivial pour une gestion facile des r\u00e9servations<\/li>\n<li>Fonctionnalit\u00e9 GPS pour le suivi en temps r\u00e9el de votre chauffeur<\/li>\n<li>G\u00e9rez facilement les r\u00e9servations et la disponibilit\u00e9 via un calendrier personnalisable<\/li>\n<li>Conception r\u00e9active mobile pour une utilisation facile sur n&rsquo;importe quel appareil<\/li>\n<li>Capacit\u00e9 \u00e0 personnaliser les formulaires de r\u00e9servation pour collecter les informations n\u00e9cessaires des passagers<\/li>\n<li>Option pour d\u00e9finir diff\u00e9rents tarifs pour diff\u00e9rentes destinations et types de v\u00e9hicules<\/li>\n<li>G\u00e9rez efficacement les donn\u00e9es des clients pour des opportunit\u00e9s de relecture et de marketing faciles.<\/li>\n<\/ul>\n","protected":false},"excerpt":{"rendered":"<p>Notre syst\u00e8me de r\u00e9servation de chauffeur pour WordPress est un puissant plugin de r\u00e9servation de limousine sp\u00e9cialement con\u00e7u pour des entreprises comme la v\u00f4tre. Ce syst\u00e8me polyvalent est parfait pour les entreprises qui proposent des transferts d&rsquo;a\u00e9roport, des navettes h\u00f4teli\u00e8res, des visites touristiques et d&rsquo;autres services de chauffeur. Il est simple \u00e0 installer et facile \u00e0 utiliser, avec une interface conviviale qui vous permet de g\u00e9rer de mani\u00e8re transparente vos r\u00e9servations, de suivre votre flotte et de planifier les pilotes. De plus, ce syst\u00e8me de r\u00e9servation est enti\u00e8rement personnalisable et r\u00e9actif, ce qui signifie qu&rsquo;il ressemblera et fonctionnera tr\u00e8s bien sur n&rsquo;importe quel appareil. De plus, il s&rsquo;int\u00e8gre en douceur avec WordPress, ce qui en fait un excellent choix pour votre site Web. Avec notre syst\u00e8me de r\u00e9servation de chauffeur pour WordPress, la gestion de votre entreprise de transport n&rsquo;a jamais \u00e9t\u00e9 aussi simple.<\/p>\n","protected":false},"featured_media":143378,"comment_status":"open","ping_status":"open","template":"","meta":[],"product_brand":[2433],"product_cat":[1189,1181,1186],"product_tag":[1366],"class_list":{"0":"post-116416","1":"product","2":"type-product","3":"status-publish","4":"has-post-thumbnail","6":"product_brand-themeforest","7":"product_cat-personnalisation","8":"product_cat-plugins","9":"product_cat-wordpress-plugins","10":"product_tag-themeforest","11":"member-discount","12":"discount-restricted","14":"first","15":"instock","16":"sale","17":"downloadable","18":"virtual","19":"sold-individually","20":"purchasable","21":"product-type-simple"},"_links":{"self":[{"href":"https:\/\/gpl-love.com\/fr\/wp-json\/wp\/v2\/product\/116416","targetHints":{"allow":["GET"]}}],"collection":[{"href":"https:\/\/gpl-love.com\/fr\/wp-json\/wp\/v2\/product"}],"about":[{"href":"https:\/\/gpl-love.com\/fr\/wp-json\/wp\/v2\/types\/product"}],"replies":[{"embeddable":true,"href":"https:\/\/gpl-love.com\/fr\/wp-json\/wp\/v2\/comments?post=116416"}],"wp:featuredmedia":[{"embeddable":true,"href":"https:\/\/gpl-love.com\/fr\/wp-json\/wp\/v2\/media\/143378"}],"wp:attachment":[{"href":"https:\/\/gpl-love.com\/fr\/wp-json\/wp\/v2\/media?parent=116416"}],"wp:term":[{"taxonomy":"product_brand","embeddable":true,"href":"https:\/\/gpl-love.com\/fr\/wp-json\/wp\/v2\/product_brand?post=116416"},{"taxonomy":"product_cat","embeddable":true,"href":"https:\/\/gpl-love.com\/fr\/wp-json\/wp\/v2\/product_cat?post=116416"},{"taxonomy":"product_tag","embeddable":true,"href":"https:\/\/gpl-love.com\/fr\/wp-json\/wp\/v2\/product_tag?post=116416"}],"curies":[{"name":"wp","href":"https:\/\/api.w.org\/{rel}","templated":true}]}}