{"id":116412,"date":"2026-03-06T00:00:00","date_gmt":"2026-03-05T23:00:00","guid":{"rendered":"http:\/\/gpl-love.com\/fr\/produit\/gift-wrapper-pour-woocommerce\/"},"modified":"2026-03-20T23:16:27","modified_gmt":"2026-03-20T22:16:27","slug":"gift-wrapper-pour-woocommerce","status":"publish","type":"product","link":"https:\/\/gpl-love.com\/fr\/produit\/gift-wrapper-pour-woocommerce\/","title":{"rendered":"Gift Wrapper pour WooCommerce 6.5.0"},"content":{"rendered":"<h3>Gift Wrapper pour WooCommerce Traits<\/h3>\n<p>L&rsquo;\u00e9cran cadeau pour le plugin WooCommerce a \u00e9t\u00e9 m\u00e9ticuleusement d\u00e9velopp\u00e9 avec l&rsquo;intention d&rsquo;enrichir l&rsquo;exp\u00e9rience client globale dans votre boutique en ligne estim\u00e9e, accordant finalement l&rsquo;occasion inestimable de b\u00e9n\u00e9ficier de l&rsquo;option d&#8217;emballage cadeau pour les articles achet\u00e9s. En int\u00e9grant ce plugin exceptionnel dans votre plate-forme, les clients sont autoris\u00e9s \u00e0 augmenter sans effort leur exp\u00e9rience d&rsquo;achat en incorporant facilement les services d&#8217;emballage de cadeaux dans leurs chariots virtuels, leur offrant ainsi la libert\u00e9 de s\u00e9lectionner parmi un vaste gamme de conceptions papier d&#8217;emballage visuellement attrayantes et esth\u00e9tique. De plus, la polyvalence de ce plugin s&rsquo;\u00e9tend au-del\u00e0 de ses fonctionnalit\u00e9s standard, car elle vous offre la capacit\u00e9 unique d&rsquo;adapter et de personnaliser divers aspects du processus d&#8217;emballage des cadeaux. Ce niveau de personnalisation in\u00e9gal\u00e9 vous permet d&rsquo;\u00e9tablir et de d\u00e9signer vos propres prix distinctifs d&#8217;emballage des cadeaux tout en permettant simultan\u00e9ment l&rsquo;inclusion de messages personnalis\u00e9s ou de notes sinc\u00e8res, \u00e9levant ainsi le sentiment global et la sentimentalit\u00e9 associ\u00e9s aux cadeaux envelopp\u00e9s. Avec sa simplicit\u00e9 inn\u00e9e et son efficacit\u00e9 ind\u00e9niable, ce plugin impr\u00e8gne sans effort votre boutique en ligne avec une couche suppl\u00e9mentaire de r\u00e9flexion et de soins, en la positionnant efficacement comme l&rsquo;outil par excellence pour les personnes qui cherchent \u00e0 am\u00e9liorer consid\u00e9rablement la satisfaction du client et \u00e0 stimuler la croissance des ventes exponentielles.<\/p>\n<ul>\n<li>Permet aux clients d&rsquo;ajouter des options d&#8217;emballage des cadeaux lors du paiement<\/li>\n<li>Les options d&#8217;emballage des cadeaux personnalisables et les prix peuvent \u00eatre d\u00e9finies par les propri\u00e9taires de magasins<\/li>\n<li>Option pour ajouter un message cadeau ou une note lors du paiement<\/li>\n<li>La description et le co\u00fbt de l&#8217;emballage des cadeaux sont inclus dans la confirmation de l&rsquo;ordre et les notifications par e-mail<\/li>\n<li>Augmente la satisfaction et la fid\u00e9lit\u00e9 des clients en offrant des services d&#8217;emballage de cadeaux pratiques<\/li>\n<li>Compatible avec WooCommerce et d&rsquo;autres plateformes de commerce \u00e9lectronique populaires<\/li>\n<li>Facile \u00e0 installer et \u00e0 configurer sans codage requis<\/li>\n<li>Gave du temps et des efforts pour les clients qui souhaitent envoyer des cadeaux directement aux destinataires<\/li>\n<li>Fournit un niveau suppl\u00e9mentaire de personnalisation et de soins aux exp\u00e9riences de cadeaux<\/li>\n<li>Capacit\u00e9 \u00e0 suivre s\u00e9par\u00e9ment les commandes envelopp\u00e9es pour une gestion des commandes plus facile.<\/li>\n<\/ul>\n","protected":false},"excerpt":{"rendered":"<p>Faites en sorte que les cadeaux de vos clients aient un jeu d&rsquo;enfant en utilisant les fonctionnalit\u00e9s incroyables de l&#8217;emballage cadeau pour WooCommerce. Ce plugin remarquable poss\u00e8de non seulement une interface conviviale, mais vous permet \u00e9galement d&rsquo;int\u00e9grer de mani\u00e8re transparente les options d&#8217;emballage des cadeaux dans votre vitrine virtuelle, augmentant ainsi consid\u00e9rablement le contentement des clients et favorisant la fid\u00e9lit\u00e9 \u00e0 la marque. Gr\u00e2ce \u00e0 la flexibilit\u00e9 in\u00e9gal\u00e9e de cet outil, vous \u00eates \u00e9quip\u00e9 de la capacit\u00e9 de personnaliser vos choix d&#8217;emballage de cadeaux en offrant une vaste gamme de couleurs vibrantes, de motifs captivants et de th\u00e8mes d\u00e9licieux pour s&rsquo;adapter \u00e0 toute occasion imaginable. En facilitant une exp\u00e9rience de cadeaux sans tracas pour votre client\u00e8le estim\u00e9e, vous pouvez anticiper une augmentation fulgurante des chiffres de vente et de la gratification globale des clients, tout cela gr\u00e2ce \u00e0 la contribution inestimable de l&#8217;emballage cadeau pour WooCommerce.<\/p>\n","protected":false},"featured_media":143983,"comment_status":"open","ping_status":"open","template":"","meta":[],"product_brand":[2440],"product_cat":[1182,1223,1181],"product_tag":[1398],"class_list":{"0":"post-116412","1":"product","2":"type-product","3":"status-publish","4":"has-post-thumbnail","6":"product_brand-woocommerce","7":"product_cat-commerce-electronique-plugins","8":"product_cat-personnalisation-commerce-electronique-plugins","9":"product_cat-plugins","10":"product_tag-woocommerce","11":"member-discount","12":"discount-restricted","14":"first","15":"instock","16":"sale","17":"downloadable","18":"virtual","19":"sold-individually","20":"purchasable","21":"product-type-simple"},"_links":{"self":[{"href":"https:\/\/gpl-love.com\/fr\/wp-json\/wp\/v2\/product\/116412","targetHints":{"allow":["GET"]}}],"collection":[{"href":"https:\/\/gpl-love.com\/fr\/wp-json\/wp\/v2\/product"}],"about":[{"href":"https:\/\/gpl-love.com\/fr\/wp-json\/wp\/v2\/types\/product"}],"replies":[{"embeddable":true,"href":"https:\/\/gpl-love.com\/fr\/wp-json\/wp\/v2\/comments?post=116412"}],"wp:featuredmedia":[{"embeddable":true,"href":"https:\/\/gpl-love.com\/fr\/wp-json\/wp\/v2\/media\/143983"}],"wp:attachment":[{"href":"https:\/\/gpl-love.com\/fr\/wp-json\/wp\/v2\/media?parent=116412"}],"wp:term":[{"taxonomy":"product_brand","embeddable":true,"href":"https:\/\/gpl-love.com\/fr\/wp-json\/wp\/v2\/product_brand?post=116412"},{"taxonomy":"product_cat","embeddable":true,"href":"https:\/\/gpl-love.com\/fr\/wp-json\/wp\/v2\/product_cat?post=116412"},{"taxonomy":"product_tag","embeddable":true,"href":"https:\/\/gpl-love.com\/fr\/wp-json\/wp\/v2\/product_tag?post=116412"}],"curies":[{"name":"wp","href":"https:\/\/api.w.org\/{rel}","templated":true}]}}