{"id":116410,"date":"2021-07-11T00:00:00","date_gmt":"2021-07-10T22:00:00","guid":{"rendered":"http:\/\/gpl-love.com\/fr\/produit\/repair-booking-wordpress-booking-system-pour-repair-service-industries\/"},"modified":"2026-04-10T18:37:58","modified_gmt":"2026-04-10T16:37:58","slug":"repair-booking-wordpress-booking-system-pour-repair-service-industries","status":"publish","type":"product","link":"https:\/\/gpl-love.com\/fr\/produit\/repair-booking-wordpress-booking-system-pour-repair-service-industries\/","title":{"rendered":"Repair Booking WordPress booking system pour repair service industries 1.4"},"content":{"rendered":"<h3>Repair Booking WordPress booking system pour repair service industries Traits<\/h3>\n<p>R\u00e9paration Booking, un syst\u00e8me de r\u00e9servation WordPress robuste sp\u00e9cialement con\u00e7u pour les industries des services de r\u00e9paration, offre une pl\u00e9thore de fonctionnalit\u00e9s de pointe qui sont hautement personnalisables, permettant aux entreprises de g\u00e9rer sans effort leurs rendez-vous et d&rsquo;optimiser leurs services de r\u00e9paration. Cette plate-forme polyvalente s&rsquo;adresse \u00e0 la fois aux ateliers de r\u00e9paration \u00e0 petite \u00e9chelle et aux grandes entreprises, permettant une gestion efficace des services de r\u00e9paration et garantir une exp\u00e9rience client in\u00e9gal\u00e9e. De plus, l&rsquo;int\u00e9gration de la r\u00e9servation de r\u00e9paration avec WordPress assure une interface transparente et sur mesure qui s&rsquo;aligne parfaitement avec votre identit\u00e9 de marque. En exploitant la puissance de la r\u00e9servation de r\u00e9paration, vous avez la possibilit\u00e9 d&rsquo;automatiser votre processus de r\u00e9servation de services de r\u00e9paration, de r\u00e9duire consid\u00e9rablement la non-pr\u00e9sentation et d&rsquo;atteindre sans effort la satisfaction du client gr\u00e2ce \u00e0 des services de r\u00e9paration rapides et efficaces.<\/p>\n<ul>\n<li>Rationalise le processus de r\u00e9servation de r\u00e9paration pour les industries des services<\/li>\n<li>Personnalisable pour r\u00e9pondre aux besoins commerciaux sp\u00e9cifiques<\/li>\n<li>Permet aux clients de r\u00e9server des rendez-vous en ligne<\/li>\n<li>S&rsquo;int\u00e8gre aux plateformes de site Web et de m\u00e9dias sociaux existants<\/li>\n<li>Fournit des rappels par e-mail automatique aux clients<\/li>\n<li>Permet au personnel de g\u00e9rer les r\u00e9servations de r\u00e9paration et de suivre les progr\u00e8s<\/li>\n<li>Syst\u00e8me de rapport complet pour l&rsquo;\u00e9valuation des performances et les am\u00e9liorations<\/li>\n<li>Augmente l&rsquo;efficacit\u00e9 des entreprises et la satisfaction du client<\/li>\n<li>Compatible avec plusieurs appareils et navigateurs Web<\/li>\n<li>Offre un support client r\u00e9actif et des mises \u00e0 jour logicielles r\u00e9guli\u00e8res.<\/li>\n<\/ul>\n","protected":false},"excerpt":{"rendered":"<p>Le syst\u00e8me de r\u00e9servation WordPress de r\u00e9servation de r\u00e9paration est une solution tr\u00e8s avanc\u00e9e et globale m\u00e9ticuleusement con\u00e7ue pour diverses industries de services de r\u00e9paration. Ce syst\u00e8me de r\u00e9servation intuitif et convivial sert d&rsquo;outil de pointe, facilitant la planification de rendez-vous sans effort, la gestion compl\u00e8te de la r\u00e9servation et le suivi m\u00e9ticuleux des demandes de r\u00e9paration pour les deux entreprises et leurs pr\u00e9cieux clients. Il poss\u00e8de une int\u00e9gration sans faille avec votre site Web, vous permettant de personnaliser et d&rsquo;adapter le processus de r\u00e9servation pr\u00e9cis\u00e9ment selon vos exigences uniques. En tirant parti de ce syst\u00e8me de pointe, vous pouvez rationaliser sans effort votre processus de planification de rendez-vous, am\u00e9liorer consid\u00e9rablement l&rsquo;efficacit\u00e9 globale et minimiser consid\u00e9rablement la survenue d&rsquo;erreurs. Posez du temps \u00e0 acqu\u00e9rir le syst\u00e8me de r\u00e9servation WordPress de r\u00e9servation de r\u00e9paration aujourd&rsquo;hui et \u00e0 d\u00e9verrouiller les avantages in\u00e9gal\u00e9s de la r\u00e9servation automatis\u00e9e sp\u00e9cifiquement r\u00e9pondu aux divers besoins de votre entreprise de services de r\u00e9paration.<\/p>\n","protected":false},"featured_media":145103,"comment_status":"open","ping_status":"open","template":"","meta":[],"product_brand":[2435],"product_cat":[1189,1181,1186],"product_tag":[1231],"class_list":{"0":"post-116410","1":"product","2":"type-product","3":"status-publish","4":"has-post-thumbnail","6":"product_brand-codecanyon","7":"product_cat-personnalisation","8":"product_cat-plugins","9":"product_cat-wordpress-plugins","10":"product_tag-codecanyon","11":"member-discount","12":"discount-restricted","14":"first","15":"instock","16":"sale","17":"downloadable","18":"virtual","19":"sold-individually","20":"purchasable","21":"product-type-simple"},"_links":{"self":[{"href":"https:\/\/gpl-love.com\/fr\/wp-json\/wp\/v2\/product\/116410","targetHints":{"allow":["GET"]}}],"collection":[{"href":"https:\/\/gpl-love.com\/fr\/wp-json\/wp\/v2\/product"}],"about":[{"href":"https:\/\/gpl-love.com\/fr\/wp-json\/wp\/v2\/types\/product"}],"replies":[{"embeddable":true,"href":"https:\/\/gpl-love.com\/fr\/wp-json\/wp\/v2\/comments?post=116410"}],"wp:featuredmedia":[{"embeddable":true,"href":"https:\/\/gpl-love.com\/fr\/wp-json\/wp\/v2\/media\/145103"}],"wp:attachment":[{"href":"https:\/\/gpl-love.com\/fr\/wp-json\/wp\/v2\/media?parent=116410"}],"wp:term":[{"taxonomy":"product_brand","embeddable":true,"href":"https:\/\/gpl-love.com\/fr\/wp-json\/wp\/v2\/product_brand?post=116410"},{"taxonomy":"product_cat","embeddable":true,"href":"https:\/\/gpl-love.com\/fr\/wp-json\/wp\/v2\/product_cat?post=116410"},{"taxonomy":"product_tag","embeddable":true,"href":"https:\/\/gpl-love.com\/fr\/wp-json\/wp\/v2\/product_tag?post=116410"}],"curies":[{"name":"wp","href":"https:\/\/api.w.org\/{rel}","templated":true}]}}