{"id":116407,"date":"2025-10-23T00:00:00","date_gmt":"2025-10-22T22:00:00","guid":{"rendered":"http:\/\/gpl-love.com\/fr\/produit\/egovt-city-government-wordpress-theme\/"},"modified":"2026-03-20T23:03:01","modified_gmt":"2026-03-20T22:03:01","slug":"egovt-city-government-wordpress-theme","status":"publish","type":"product","link":"https:\/\/gpl-love.com\/fr\/produit\/egovt-city-government-wordpress-theme\/","title":{"rendered":"EGovt City Government WordPress Theme 1.6.4"},"content":{"rendered":"<h3>EGovt City Government WordPress Theme Traits<\/h3>\n<p>Le th\u00e8me WordPress du gouvernement de la ville d&rsquo;Egovt se distingue comme un mod\u00e8le de site Web exceptionnel exclusivement con\u00e7u pour r\u00e9pondre aux exigences uniques des gouvernements de la ville. Ce th\u00e8me poss\u00e8de un vaste \u00e9ventail de fonctionnalit\u00e9s et de fonctionnalit\u00e9s qui ont \u00e9t\u00e9 m\u00e9ticuleusement con\u00e7ues pour r\u00e9pondre sp\u00e9cifiquement aux besoins complexes des gouvernements de la ville. Parmi ses attributs hors concours, le th\u00e8me propose une page d&rsquo;accueil personnalisable, divers mod\u00e8les de pages exclusivement adapt\u00e9s aux services de la ville et une compatibilit\u00e9 multi-langues in\u00e9gal\u00e9e. En outre, la conception du th\u00e8me d\u00e9gage un sentiment de modernit\u00e9 et de sophistication tout en maintenant un fort accent sur l&rsquo;exp\u00e9rience utilisateur et l&rsquo;accessibilit\u00e9. Notamment, le th\u00e8me s&rsquo;adapte sans effort \u00e0 n&rsquo;importe quelle taille d&rsquo;\u00e9cran, rendant une apparence impeccable sur tous les appareils. En exploitant le pouvoir du th\u00e8me WordPress du gouvernement de la ville d&rsquo;Egovt, les gouvernements de la ville peuvent \u00e9tablir sans effort un site Web organis\u00e9 et tr\u00e8s informatif professionnel qui r\u00e9pond efficacement aux divers besoins de leur communaut\u00e9. Cela englobe la diffusion transparente des mises \u00e0 jour pertinentes, la fourniture de services indispensables et l&rsquo;engagement actif avec ses citoyens.<\/p>\n<ul>\n<li>Th\u00e8me WordPress personnalisable et convivial con\u00e7u sp\u00e9cifiquement pour les sites Web du gouvernement de la ville<\/li>\n<li>La conception r\u00e9active garantit une exp\u00e9rience de visualisation optimale sur tous les appareils<\/li>\n<li>Fonctionnalit\u00e9s int\u00e9gr\u00e9es pour afficher les calendriers, les agendas et les \u00e9v\u00e9nements \u00e0 venir<\/li>\n<li>Int\u00e9gration avec des plugins populaires tels que WooCommerce et Contact Form 7 pour les fonctionnalit\u00e9s transparentes<\/li>\n<li>Mod\u00e8les de plusieurs pages, y compris la page d&rsquo;accueil, les services, les d\u00e9partements et les nouvelles<\/li>\n<li>Capacit\u00e9s de recherche avanc\u00e9es pour une navigation et une accessibilit\u00e9 faciles \u00e0 des informations<\/li>\n<li>Formulaires de rapports gouvernementaux int\u00e9gr\u00e9s pour une soumission et un suivi faciles des demandes et des plaintes<\/li>\n<li>Int\u00e9gration des m\u00e9dias sociaux pour le partage facile et l&rsquo;engagement avec les citoyens<\/li>\n<li>Personnalisation facile gr\u00e2ce \u00e0 l&rsquo;utilisation des constructeurs de pages glisser-d\u00e9poser<\/li>\n<li>Caract\u00e9ristiques de s\u00e9curit\u00e9 robustes pour assurer la s\u00e9curit\u00e9 des donn\u00e9es gouvernementales sensibles<\/li>\n<li>Acc\u00e8s \u00e0 un support client d\u00e9di\u00e9 et \u00e0 des mises \u00e0 jour fr\u00e9quentes pour assurer la compatibilit\u00e9 avec les derni\u00e8res mises \u00e0 jour WordPress.<\/li>\n<\/ul>\n","protected":false},"excerpt":{"rendered":"<p>Le th\u00e8me WordPress du gouvernement de la ville d&rsquo;Egovt est un th\u00e8me tr\u00e8s robuste et convivial m\u00e9ticuleusement con\u00e7u exclusivement pour les gouvernements de la ville. Avec l&rsquo;utilisation de ce th\u00e8me, vous avez la capacit\u00e9 de construire sans effort un site Web supr\u00eamement sophistiqu\u00e9 et captivant qui met impeccablement la vaste gamme de services de votre ville, les nouvelles r\u00e9volutionnaires, les \u00e9v\u00e9nements \u00e0 venir d&rsquo;une importance primordiale et un assortiment d&rsquo;autres informations vitales. Le th\u00e8me poss\u00e8de un design de pointe et remarquablement r\u00e9actif, vous offrant le privil\u00e8ge de personnaliser les sch\u00e9mas de couleurs en fonction de vos pr\u00e9f\u00e9rences, une s\u00e9lection approfondie de mod\u00e8les de pages et un \u00e9ventail de widgets int\u00e9gr\u00e9s pour une int\u00e9gration transparente. De plus, le th\u00e8me WordPress du gouvernement d&rsquo;Egovt City est \u00e9quip\u00e9 d&rsquo;un panneau d&rsquo;administration incroyablement intuitif, ce qui donne une commodit\u00e9 absolue dans la gestion et la mise \u00e0 jour du contenu de votre site Web. Que vous aspiriez \u00e0 promouvoir efficacement les attractions s\u00e9duisantes de votre ville, \u00e0 favoriser une connexion profonde avec vos citoyens estim\u00e9s ou \u00e0 diffuser des informations cruciales qui sont de la plus haute importance, le th\u00e8me WordPress du gouvernement de la ville d&rsquo;Egov \u00e9merge vraiment comme la solution par excellence qui remplit toutes ces exigences dans une mani\u00e8re exemplaire.<\/p>\n","protected":false},"featured_media":143683,"comment_status":"open","ping_status":"open","template":"","meta":[],"product_brand":[2433],"product_cat":[1242,1212,1213],"product_tag":[1366],"class_list":{"0":"post-116407","1":"product","2":"type-product","3":"status-publish","4":"has-post-thumbnail","6":"product_brand-themeforest","7":"product_cat-creatif","8":"product_cat-themes","9":"product_cat-wordpress-themes","10":"product_tag-themeforest","11":"member-discount","12":"discount-restricted","14":"first","15":"instock","16":"sale","17":"downloadable","18":"virtual","19":"sold-individually","20":"purchasable","21":"product-type-simple"},"_links":{"self":[{"href":"https:\/\/gpl-love.com\/fr\/wp-json\/wp\/v2\/product\/116407","targetHints":{"allow":["GET"]}}],"collection":[{"href":"https:\/\/gpl-love.com\/fr\/wp-json\/wp\/v2\/product"}],"about":[{"href":"https:\/\/gpl-love.com\/fr\/wp-json\/wp\/v2\/types\/product"}],"replies":[{"embeddable":true,"href":"https:\/\/gpl-love.com\/fr\/wp-json\/wp\/v2\/comments?post=116407"}],"wp:featuredmedia":[{"embeddable":true,"href":"https:\/\/gpl-love.com\/fr\/wp-json\/wp\/v2\/media\/143683"}],"wp:attachment":[{"href":"https:\/\/gpl-love.com\/fr\/wp-json\/wp\/v2\/media?parent=116407"}],"wp:term":[{"taxonomy":"product_brand","embeddable":true,"href":"https:\/\/gpl-love.com\/fr\/wp-json\/wp\/v2\/product_brand?post=116407"},{"taxonomy":"product_cat","embeddable":true,"href":"https:\/\/gpl-love.com\/fr\/wp-json\/wp\/v2\/product_cat?post=116407"},{"taxonomy":"product_tag","embeddable":true,"href":"https:\/\/gpl-love.com\/fr\/wp-json\/wp\/v2\/product_tag?post=116407"}],"curies":[{"name":"wp","href":"https:\/\/api.w.org\/{rel}","templated":true}]}}