{"id":116403,"date":"2024-03-12T00:00:00","date_gmt":"2024-03-11T23:00:00","guid":{"rendered":"http:\/\/gpl-love.com\/fr\/produit\/pageloader-wordpress-preloader-et-progress-bar\/"},"modified":"2026-04-10T18:35:38","modified_gmt":"2026-04-10T16:35:38","slug":"pageloader-wordpress-preloader-et-progress-bar","status":"publish","type":"product","link":"https:\/\/gpl-love.com\/fr\/produit\/pageloader-wordpress-preloader-et-progress-bar\/","title":{"rendered":"PageLoader WordPress Preloader et Progress Bar 4.6"},"content":{"rendered":"<h3>PageLoader WordPress Preloader et Progress Bar Traits<\/h3>\n<p>PageLoader WordPress Preloader and Progress Bar est un plugin incroyablement robuste et efficace sp\u00e9cialement con\u00e7u pour vous aider \u00e0 cr\u00e9er un pr\u00e9loadeur et un progr\u00e8s con\u00e7us par des professionnels et professionnels pour votre site Web. Ce plugin remarquable vous donne la possibilit\u00e9 de personnaliser sans effort votre pr\u00e9loadeur et votre barre de progression afin de s&rsquo;harmoniser avec le style et la conception uniques de votre marque. De plus, ce plugin propose une vaste gamme de fonctionnalit\u00e9s, telles que la capacit\u00e9 de s\u00e9lectionner parmi une grande vari\u00e9t\u00e9 d&rsquo;animations, de couleurs et d&rsquo;arri\u00e8re-plans pr\u00e9loaders. De plus, il vous permet d&rsquo;incorporer du texte personnalis\u00e9, des images ou m\u00eame des vid\u00e9os dans l&rsquo;\u00e9cran du pr\u00e9loadeur. De plus, le composant de la barre de progression de ce plugin maintient magnifiquement l&rsquo;engagement de vos visiteurs en pr\u00e9sentant la progression du processus de chargement de la page. Pour r\u00e9sumer, le pr\u00e9loader indispensable PageLoader WordPress et le plugin de barre de progression sert de n\u00e9cessit\u00e9 absolue pour les personnes qui aspirent \u00e0 \u00e9lever l&rsquo;exp\u00e9rience utilisateur globale de leur site Web.<\/p>\n<ul>\n<li>Plugin pr\u00e9loadeur l\u00e9ger et facilement personnalisable pour les sites Web WordPress<\/li>\n<li>Prend en charge un large \u00e9ventail de styles de chargeur et d&rsquo;animations \u00e0 choisir<\/li>\n<li>Affiche une barre de progression pour indiquer la progression du chargement de votre site Web<\/li>\n<li>Conception enti\u00e8rement r\u00e9active qui fonctionne parfaitement sur toutes les tailles d&rsquo;\u00e9cran<\/li>\n<li>Comprend des options pour d\u00e9finir des images et des couleurs de pr\u00e9loaders personnalis\u00e9s pour correspondre \u00e0 la conception de votre site Web<\/li>\n<li>Compatible avec tous les principaux navigateurs Web, assurant une exp\u00e9rience utilisateur fluide et coh\u00e9rente<\/li>\n<li>Facile \u00e0 installer et \u00e0 configurer, m\u00eame pour les utilisateurs non techniques WordPress<\/li>\n<li>Am\u00e9liore la vitesse du site Web et am\u00e9liore l&rsquo;engagement des utilisateurs en r\u00e9duisant les taux de rebond et en am\u00e9liorant les temps de chargement<\/li>\n<li>R\u00e9guli\u00e8rement mis \u00e0 jour avec de nouvelles fonctionnalit\u00e9s et am\u00e9liorations, soutenues par l&rsquo;\u00e9quipe de support client d\u00e9di\u00e9e<\/li>\n<\/ul>\n","protected":false},"excerpt":{"rendered":"<p>Pageloader, un pr\u00e9loader incroyablement \u00e9l\u00e9gant et remarquablement efficace et un plugin de barre de progression, a \u00e9t\u00e9 sp\u00e9cialement con\u00e7u pour les sites Web WordPress. Son interface conviviale et la myriade d&rsquo;options de conception personnalisables qu&rsquo;il offre garantit que vos visiteurs seront \u00e0 la fois captiv\u00e9s et bien inform\u00e9s pendant le processus de chargement de votre site Web. Il est r\u00e9volu le temps qui n\u00e9cessite une connaissance approfondie de codage ou des proc\u00e9dures de configuration ennuyeuses durables afin d&rsquo;obtenir une exp\u00e9rience utilisateur plus sophistiqu\u00e9e et raffin\u00e9e. Profitez de l&rsquo;occasion pour acqu\u00e9rir Pageloader pour WordPress aujourd&rsquo;hui et immergez-vous dans les capacit\u00e9s extraordinaires de ce plugin remarquablement riche en fonctionnalit\u00e9s.<\/p>\n","protected":false},"featured_media":144894,"comment_status":"open","ping_status":"open","template":"","meta":[],"product_brand":[2435],"product_cat":[1189,1181,1186],"product_tag":[1231],"class_list":{"0":"post-116403","1":"product","2":"type-product","3":"status-publish","4":"has-post-thumbnail","6":"product_brand-codecanyon","7":"product_cat-personnalisation","8":"product_cat-plugins","9":"product_cat-wordpress-plugins","10":"product_tag-codecanyon","11":"member-discount","12":"discount-restricted","14":"first","15":"instock","16":"sale","17":"downloadable","18":"virtual","19":"sold-individually","20":"purchasable","21":"product-type-simple"},"_links":{"self":[{"href":"https:\/\/gpl-love.com\/fr\/wp-json\/wp\/v2\/product\/116403","targetHints":{"allow":["GET"]}}],"collection":[{"href":"https:\/\/gpl-love.com\/fr\/wp-json\/wp\/v2\/product"}],"about":[{"href":"https:\/\/gpl-love.com\/fr\/wp-json\/wp\/v2\/types\/product"}],"replies":[{"embeddable":true,"href":"https:\/\/gpl-love.com\/fr\/wp-json\/wp\/v2\/comments?post=116403"}],"wp:featuredmedia":[{"embeddable":true,"href":"https:\/\/gpl-love.com\/fr\/wp-json\/wp\/v2\/media\/144894"}],"wp:attachment":[{"href":"https:\/\/gpl-love.com\/fr\/wp-json\/wp\/v2\/media?parent=116403"}],"wp:term":[{"taxonomy":"product_brand","embeddable":true,"href":"https:\/\/gpl-love.com\/fr\/wp-json\/wp\/v2\/product_brand?post=116403"},{"taxonomy":"product_cat","embeddable":true,"href":"https:\/\/gpl-love.com\/fr\/wp-json\/wp\/v2\/product_cat?post=116403"},{"taxonomy":"product_tag","embeddable":true,"href":"https:\/\/gpl-love.com\/fr\/wp-json\/wp\/v2\/product_tag?post=116403"}],"curies":[{"name":"wp","href":"https:\/\/api.w.org\/{rel}","templated":true}]}}