{"id":116399,"date":"2022-04-17T00:00:00","date_gmt":"2022-04-16T22:00:00","guid":{"rendered":"http:\/\/gpl-love.com\/fr\/produit\/voka-fashion-cosmetic-et-accessories-woocommerce-theme\/"},"modified":"2026-03-20T23:43:17","modified_gmt":"2026-03-20T22:43:17","slug":"voka-fashion-cosmetic-et-accessories-woocommerce-theme","status":"publish","type":"product","link":"https:\/\/gpl-love.com\/fr\/produit\/voka-fashion-cosmetic-et-accessories-woocommerce-theme\/","title":{"rendered":"Voka Fashion Cosmetic et Accessories WooCommerce Theme 3.0.0"},"content":{"rendered":"<h3>Voka Fashion Cosmetic et Accessories WooCommerce Theme Traits<\/h3>\n<p>Le voka de la mode cosm\u00e9tique et les accessoires WooCommerce th\u00e8me pr\u00e9sente des prouesses remarquables et d\u00e9gage une aura de sophistication, r\u00e9pondant sp\u00e9cifiquement aux besoins des magasins de mode en ligne. B\u00e9n\u00e9ficiant d&rsquo;une conception tr\u00e8s r\u00e9active et d&rsquo;une gamme d&rsquo;options facilement personnalisables, ce th\u00e8me fournit une avenue transparente pour fabriquer une boutique en ligne distinctive et polie qui est s\u00fbr de captiver les clients et de renforcer les ventes. Que votre marchandise implique des cosm\u00e9tiques, des accessoires ou de tout autre produit li\u00e9 \u00e0 la mode, ce th\u00e8me s&rsquo;av\u00e8re \u00eatre la plate-forme par excellence pour pr\u00e9senter vos offres dans la lumi\u00e8re la plus flatteuse imaginable. Avec ses caract\u00e9ristiques abondantes, englobant une page d&rsquo;accueil mall\u00e9able, des pages de produits et un panier, le th\u00e8me de la cosm\u00e9tique et des accessoires Voka Fashion WooCommerce vous permet d&rsquo;\u00e9riger une boutique en ligne exemplaire qui se distinguera sans effort au milieu d&rsquo;un march\u00e9 de plus en plus satur\u00e9.<\/p>\n<ul>\n<li>Th\u00e8me WooCommerce hautement personnalisable pour les magasins de cosm\u00e9tiques et d&rsquo;accessoires de mode<\/li>\n<li>Fournit une conception conviviale et une navigation facile<\/li>\n<li>Propose plusieurs dispositions de page d&rsquo;accueil et des pages int\u00e9rieures pr\u00e9-con\u00e7ues<\/li>\n<li>Livr\u00e9 avec un panneau d&rsquo;options de th\u00e8me puissant et un g\u00e9n\u00e9rateur de pages glisser-d\u00e9poser<\/li>\n<li>Prend en charge plusieurs passerelles de paiement et options d&rsquo;exp\u00e9dition<\/li>\n<li>Enti\u00e8rement r\u00e9actif et optimis\u00e9 pour des performances \u00e9lev\u00e9es<\/li>\n<li>Offre des options de vue rapide de produits et des filtres de produit personnalisables<\/li>\n<li>Comprend l&rsquo;option pour ajouter un arri\u00e8re-plan vid\u00e9o sur la page d&rsquo;accueil<\/li>\n<li>Livr\u00e9 avec une gamme de polices Google et d&rsquo;ic\u00f4nes impressionnantes de police<\/li>\n<li>Offre une documentation approfondie et un support client d\u00e9di\u00e9.<\/li>\n<\/ul>\n","protected":false},"excerpt":{"rendered":"<p>Je suis heureux de pr\u00e9senter le th\u00e8me WooCommerce de la mode Voka, qui est sp\u00e9cifiquement adapt\u00e9 aux entreprises de mode et de beaut\u00e9 cherchant \u00e0 \u00e9tablir une formidable identit\u00e9 en ligne. Ce th\u00e8me poss\u00e8de un design contemporain et sophistiqu\u00e9, pr\u00e9sentant la fourniture de dispositions personnalisables et une interface intuitivement navigable. En outre, son int\u00e9gration transparente avec WooCommerce vous permet d&rsquo;\u00e9tablir sans effort une plate-forme de commerce \u00e9lectronique pour commercialiser et fournir vos marchandises, ce qui en fait une s\u00e9lection vraiment optimale pour les aspires \u00e0 \u00e9lever leurs efforts commerciaux. Par cons\u00e9quent, n&rsquo;h\u00e9sitez plus et n&rsquo;ach\u00e8tez plus le th\u00e8me WooCommerce Voka Fashion Cosmetic et accessoires en ce moment m\u00eame, initiant ainsi le processus de commercialisation avec succ\u00e8s de votre gamme de produits sur la sph\u00e8re num\u00e9rique!<\/p>\n","protected":false},"featured_media":145732,"comment_status":"open","ping_status":"open","template":"","meta":[],"product_brand":[2433],"product_cat":[1238,1444,1212],"product_tag":[1366],"class_list":{"0":"post-116399","1":"product","2":"type-product","3":"status-publish","4":"has-post-thumbnail","6":"product_brand-themeforest","7":"product_cat-commerce-electronique-themes","8":"product_cat-creatif-commerce-electronique-themes","9":"product_cat-themes","10":"product_tag-themeforest","11":"member-discount","12":"discount-restricted","14":"first","15":"instock","16":"sale","17":"downloadable","18":"virtual","19":"sold-individually","20":"purchasable","21":"product-type-simple"},"_links":{"self":[{"href":"https:\/\/gpl-love.com\/fr\/wp-json\/wp\/v2\/product\/116399","targetHints":{"allow":["GET"]}}],"collection":[{"href":"https:\/\/gpl-love.com\/fr\/wp-json\/wp\/v2\/product"}],"about":[{"href":"https:\/\/gpl-love.com\/fr\/wp-json\/wp\/v2\/types\/product"}],"replies":[{"embeddable":true,"href":"https:\/\/gpl-love.com\/fr\/wp-json\/wp\/v2\/comments?post=116399"}],"wp:featuredmedia":[{"embeddable":true,"href":"https:\/\/gpl-love.com\/fr\/wp-json\/wp\/v2\/media\/145732"}],"wp:attachment":[{"href":"https:\/\/gpl-love.com\/fr\/wp-json\/wp\/v2\/media?parent=116399"}],"wp:term":[{"taxonomy":"product_brand","embeddable":true,"href":"https:\/\/gpl-love.com\/fr\/wp-json\/wp\/v2\/product_brand?post=116399"},{"taxonomy":"product_cat","embeddable":true,"href":"https:\/\/gpl-love.com\/fr\/wp-json\/wp\/v2\/product_cat?post=116399"},{"taxonomy":"product_tag","embeddable":true,"href":"https:\/\/gpl-love.com\/fr\/wp-json\/wp\/v2\/product_tag?post=116399"}],"curies":[{"name":"wp","href":"https:\/\/api.w.org\/{rel}","templated":true}]}}