{"id":116397,"date":"2022-07-11T00:00:00","date_gmt":"2022-07-10T22:00:00","guid":{"rendered":"http:\/\/gpl-love.com\/fr\/produit\/exproduct-single-product-theme\/"},"modified":"2026-03-20T23:05:15","modified_gmt":"2026-03-20T22:05:15","slug":"exproduct-single-product-theme","status":"publish","type":"product","link":"https:\/\/gpl-love.com\/fr\/produit\/exproduct-single-product-theme\/","title":{"rendered":"ExProduct Single Product Theme 1.7.3"},"content":{"rendered":"<h3>ExProduct Single Product Theme Traits<\/h3>\n<p>L&rsquo;exproduct est un th\u00e8me de produit unique esth\u00e9tiquement agr\u00e9able, contemporain et de pointe qui est parfaitement adapt\u00e9 pour montrer votre produit de mani\u00e8re sophistiqu\u00e9e. Ce th\u00e8me met fortement l&rsquo;accent sur la simplicit\u00e9 et le minimalisme, dans l&rsquo;objectif principal de pr\u00e9senter votre produit en \u00e9vidence, vous permettant d&rsquo;accentuer ses caract\u00e9ristiques et avantages remarquables. De plus, ce th\u00e8me est enti\u00e8rement r\u00e9actif et m\u00e9ticuleusement optimis\u00e9 pour les appareils mobiles, garantissant que votre produit semble impeccable sur toutes les plateformes. De plus, il offre un large \u00e9ventail d&rsquo;options de personnalisation, vous offrant la possibilit\u00e9 de la personnaliser sans effort pour s&rsquo;aligner sur votre identit\u00e9 de marque distinctive. B\u00e9n\u00e9ficiant d&rsquo;un arsenal complet d&rsquo;outils, tels qu&rsquo;un constructeur de glisser-d\u00e9poser intuitif, des widgets personnalisables et une fonctionnalit\u00e9 de commerce \u00e9lectronique robuste, l&rsquo;exproduct sert de th\u00e8me remarquablement polyvalent et percutant qui renforcera sans aucun doute vos chiffres de vente et alimentera la croissance de votre entreprise.<\/p>\n<ul>\n<li>Design \u00e9l\u00e9gant et moderne<\/li>\n<li>pleinement r\u00e9actif<\/li>\n<li>facile \u00e0 personnaliser<\/li>\n<li>compatible avec WooCommerce<\/li>\n<li>Optimis\u00e9 pour les moteurs de recherche<\/li>\n<li>Variations de la page d&rsquo;accueil multiples<\/li>\n<li>Int\u00e9gration int\u00e9gr\u00e9e des m\u00e9dias sociaux<\/li>\n<li>Section des t\u00e9moignages des clients<\/li>\n<li>Options de disposition flexibles<\/li>\n<li>Documentation et soutien approfondis<\/li>\n<\/ul>\n","protected":false},"excerpt":{"rendered":"<p>Exproduct Le th\u00e8me du produit unique est un mod\u00e8le m\u00e9ticuleusement con\u00e7u qui a \u00e9t\u00e9 sp\u00e9cifiquement adapt\u00e9 pour pr\u00e9senter efficacement un seul produit. Avec une attention m\u00e9ticuleuse aux d\u00e9tails et une disposition propre et simpliste, ce th\u00e8me a \u00e9t\u00e9 con\u00e7u pour attirer efficacement l&rsquo;attention sur les caract\u00e9ristiques et les avantages cl\u00e9s de votre produit. Il poss\u00e8de un large \u00e9ventail de sections personnalisables, garantissant que vous avez un contr\u00f4le complet sur l&rsquo;apparence et la fonctionnalit\u00e9 de votre page de produit. De plus, ce th\u00e8me est enti\u00e8rement r\u00e9actif, ce qui signifie qu&rsquo;il s&rsquo;adaptera parfaitement \u00e0 n&rsquo;importe quelle taille ou appareil d&rsquo;\u00e9cran, offrant une exp\u00e9rience utilisateur optimale pour les clients potentiels. De plus, il s&rsquo;int\u00e8gre parfaitement \u00e0 des plateformes populaires telles que WooCommerce, vous offrant une solution sans tracas pour vendre votre produit en ligne. Que vous vous lanciez dans le voyage passionnant de lancer un tout nouveau produit ou que vous revitalisant un produit existant, le th\u00e8me du produit unique exproduct est le choix ultime pour cr\u00e9er une page de produit captivante et s\u00e9duisante qui convertira efficacement les visiteurs en clients fid\u00e8les.<\/p>\n","protected":false},"featured_media":143826,"comment_status":"open","ping_status":"open","template":"","meta":[],"product_brand":[2433],"product_cat":[1238,1851,1212],"product_tag":[1366],"class_list":{"0":"post-116397","1":"product","2":"type-product","3":"status-publish","4":"has-post-thumbnail","6":"product_brand-themeforest","7":"product_cat-commerce-electronique-themes","8":"product_cat-entreprise-commerce-electronique-themes","9":"product_cat-themes","10":"product_tag-themeforest","11":"member-discount","12":"discount-restricted","14":"first","15":"instock","16":"sale","17":"downloadable","18":"virtual","19":"sold-individually","20":"purchasable","21":"product-type-simple"},"_links":{"self":[{"href":"https:\/\/gpl-love.com\/fr\/wp-json\/wp\/v2\/product\/116397","targetHints":{"allow":["GET"]}}],"collection":[{"href":"https:\/\/gpl-love.com\/fr\/wp-json\/wp\/v2\/product"}],"about":[{"href":"https:\/\/gpl-love.com\/fr\/wp-json\/wp\/v2\/types\/product"}],"replies":[{"embeddable":true,"href":"https:\/\/gpl-love.com\/fr\/wp-json\/wp\/v2\/comments?post=116397"}],"wp:featuredmedia":[{"embeddable":true,"href":"https:\/\/gpl-love.com\/fr\/wp-json\/wp\/v2\/media\/143826"}],"wp:attachment":[{"href":"https:\/\/gpl-love.com\/fr\/wp-json\/wp\/v2\/media?parent=116397"}],"wp:term":[{"taxonomy":"product_brand","embeddable":true,"href":"https:\/\/gpl-love.com\/fr\/wp-json\/wp\/v2\/product_brand?post=116397"},{"taxonomy":"product_cat","embeddable":true,"href":"https:\/\/gpl-love.com\/fr\/wp-json\/wp\/v2\/product_cat?post=116397"},{"taxonomy":"product_tag","embeddable":true,"href":"https:\/\/gpl-love.com\/fr\/wp-json\/wp\/v2\/product_tag?post=116397"}],"curies":[{"name":"wp","href":"https:\/\/api.w.org\/{rel}","templated":true}]}}