{"id":116395,"date":"2023-06-09T00:00:00","date_gmt":"2023-06-08T22:00:00","guid":{"rendered":"http:\/\/gpl-love.com\/fr\/produit\/veera-multipurpose-woocommerce-theme\/"},"modified":"2026-04-10T18:44:55","modified_gmt":"2026-04-10T16:44:55","slug":"veera-multipurpose-woocommerce-theme","status":"publish","type":"product","link":"https:\/\/gpl-love.com\/fr\/produit\/veera-multipurpose-woocommerce-theme\/","title":{"rendered":"Veera Multipurpose WooCommerce Theme 1.3.1"},"content":{"rendered":"<h3>Veera Multipurpose WooCommerce Theme Traits<\/h3>\n<p>Le th\u00e8me WooCommerce Veera multipurpose se pr\u00e9sente comme un th\u00e8me WordPress extr\u00eamement adaptable et contemporain, m\u00e9ticuleusement con\u00e7u pour r\u00e9pondre aux besoins des magasins en ligne. Il englobe une vaste gamme de fonctionnalit\u00e9s qui permettent aux utilisateurs de modeler des magasins virtuels exclusifs et esth\u00e9tiquement agr\u00e9ables. Gr\u00e2ce \u00e0 sa conception r\u00e9active, le th\u00e8me est impeccablement optimis\u00e9 pour les appareils mobiles, garantissant une exp\u00e9rience d&rsquo;achat sans couture et gratifiante pour les utilisateurs. En outre, le th\u00e8me poss\u00e8de des attributs conviviaux SEO, facilitant un classement plus \u00e9lev\u00e9 dans les r\u00e9sultats du moteur de recherche. Son interface intuitive garantit une personnalisation sans effort des couleurs, des polices et des dispositions. De plus, le th\u00e8me \u00e9tend g\u00e9n\u00e9reusement une multitude d&rsquo;options de personnalisation pour les en-t\u00eates, les pieds de page et les pages de produits. En r\u00e9sum\u00e9, le th\u00e8me WooCommerce Veera multipurpose s&rsquo;av\u00e8re \u00eatre un choix impeccable pour les personnes aspirant \u00e0 lancer une boutique en ligne professionnelle et contemporaine.<\/p>\n<ul>\n<li>Options de conception personnalisables pour r\u00e9pondre \u00e0 une vari\u00e9t\u00e9 de besoins de commerce \u00e9lectronique<\/li>\n<li>Compatibilit\u00e9 WooCommerce int\u00e9gr\u00e9e pour la cr\u00e9ation de boutiques en ligne sans couture<\/li>\n<li>Conception sensible au mobile pour une visualisation optimale sur tous les appareils<\/li>\n<li>Options de disposition de la page d&rsquo;accueil multiples pour pr\u00e9senter vos produits et votre marque<\/li>\n<li>Builder de page et de page de d\u00e9pression facile \u00e0 utiliser pour une personnalisation sans effort<\/li>\n<li>Une vaste gamme de pages pr\u00e9-con\u00e7ues pour acc\u00e9l\u00e9rer la cr\u00e9ation de votre boutique en ligne<\/li>\n<li>Gestion de r\u00e9duction et de promotion pour augmenter la conversion des clients<\/li>\n<li>Options de vue rapide pour une exp\u00e9rience client rationalis\u00e9e<\/li>\n<li>Processus de paiement simplifi\u00e9 pour une meilleure satisfaction du client<\/li>\n<li>Multilingue et pr\u00eat pour la traduction pour la port\u00e9e mondiale du commerce \u00e9lectronique<\/li>\n<li>Documentation compl\u00e8te et support client pour assurer une impl\u00e9mentation de th\u00e8me transparente.<\/li>\n<\/ul>\n","protected":false},"excerpt":{"rendered":"<p>Le th\u00e8me WooCommerce Veera multipurpose est un th\u00e8me incroyablement polyvalent et ind\u00e9niablement moderne qui a \u00e9t\u00e9 con\u00e7u de mani\u00e8re experte pour r\u00e9pondre aux entreprises de toutes formes et tailles, en particulier celles qui cherchent \u00e0 \u00e9tablir une forte pr\u00e9sence en ligne et \u00e0 vendre efficacement leurs produits via le domaine num\u00e9rique. B\u00e9n\u00e9ficiant d&rsquo;une vaste gamme de fonctionnalit\u00e9s impressionnantes et d&rsquo;options de personnalisation, ce th\u00e8me peut \u00eatre adapt\u00e9 sans effort adapt\u00e9 \u00e0 parfaitement et pr\u00e9cis\u00e9ment les besoins sp\u00e9cifiques et uniques de votre entreprise, vous permettant de vraiment vous d\u00e9marquer au sein de votre industrie choisie. De plus, ce th\u00e8me est pleinement r\u00e9actif et \u00e9tonnamment convivial, garantissant que la navigation et l&rsquo;utilisation de ses diff\u00e9rentes fonctions et outils est une brise absolue. Avec son design \u00e9l\u00e9gant, poli et ind\u00e9niablement professionnel, ce th\u00e8me sert de toile de fond id\u00e9al pour pr\u00e9senter vos produits exceptionnels et encourager les clients \u00e0 faire un achat. De plus, le th\u00e8me WooCommerce Veera multipurpose est enti\u00e8rement compatible avec WooCommerce, le premier plugin de commerce \u00e9lectronique pour WordPress, ce qui signifie que la configuration de votre propre boutique en ligne n&rsquo;a jamais \u00e9t\u00e9 plus facile. Dites adieu aux processus d&rsquo;installation longs et compliqu\u00e9s; Avec ce th\u00e8me \u00e0 votre disposition, vous pouvez plonger t\u00eate premi\u00e8re dans le monde passionnant de la vente au d\u00e9tail en ligne en un rien de temps. En substance, le th\u00e8me Veera polyvalent WooCommerce vous offre l&rsquo;occasion unique de cr\u00e9er une boutique en ligne exceptionnellement magnifique et remarquablement efficace, qui contribuera sans aucun doute \u00e0 la croissance et \u00e0 la prosp\u00e9rit\u00e9 de votre entreprise pour les ann\u00e9es \u00e0 venir.<\/p>\n","protected":false},"featured_media":145706,"comment_status":"open","ping_status":"open","template":"","meta":[],"product_brand":[2433],"product_cat":[1238,1372,1212],"product_tag":[1366],"class_list":{"0":"post-116395","1":"product","2":"type-product","3":"status-publish","4":"has-post-thumbnail","6":"product_brand-themeforest","7":"product_cat-commerce-electronique-themes","8":"product_cat-polyvalent-commerce-electronique-themes","9":"product_cat-themes","10":"product_tag-themeforest","11":"member-discount","12":"discount-restricted","14":"first","15":"instock","16":"sale","17":"downloadable","18":"virtual","19":"sold-individually","20":"purchasable","21":"product-type-simple"},"_links":{"self":[{"href":"https:\/\/gpl-love.com\/fr\/wp-json\/wp\/v2\/product\/116395","targetHints":{"allow":["GET"]}}],"collection":[{"href":"https:\/\/gpl-love.com\/fr\/wp-json\/wp\/v2\/product"}],"about":[{"href":"https:\/\/gpl-love.com\/fr\/wp-json\/wp\/v2\/types\/product"}],"replies":[{"embeddable":true,"href":"https:\/\/gpl-love.com\/fr\/wp-json\/wp\/v2\/comments?post=116395"}],"wp:featuredmedia":[{"embeddable":true,"href":"https:\/\/gpl-love.com\/fr\/wp-json\/wp\/v2\/media\/145706"}],"wp:attachment":[{"href":"https:\/\/gpl-love.com\/fr\/wp-json\/wp\/v2\/media?parent=116395"}],"wp:term":[{"taxonomy":"product_brand","embeddable":true,"href":"https:\/\/gpl-love.com\/fr\/wp-json\/wp\/v2\/product_brand?post=116395"},{"taxonomy":"product_cat","embeddable":true,"href":"https:\/\/gpl-love.com\/fr\/wp-json\/wp\/v2\/product_cat?post=116395"},{"taxonomy":"product_tag","embeddable":true,"href":"https:\/\/gpl-love.com\/fr\/wp-json\/wp\/v2\/product_tag?post=116395"}],"curies":[{"name":"wp","href":"https:\/\/api.w.org\/{rel}","templated":true}]}}