{"id":116393,"date":"2025-01-31T00:00:00","date_gmt":"2025-01-30T23:00:00","guid":{"rendered":"http:\/\/gpl-love.com\/fr\/produit\/premium-wordpress-form-builder-formcraft\/"},"modified":"2026-04-10T18:36:55","modified_gmt":"2026-04-10T16:36:55","slug":"premium-wordpress-form-builder-formcraft","status":"publish","type":"product","link":"https:\/\/gpl-love.com\/fr\/produit\/premium-wordpress-form-builder-formcraft\/","title":{"rendered":"Premium WordPress Form Builder FormCraft 3.9.14"},"content":{"rendered":"<h3>Premium WordPress Form Builder FormCraft Traits<\/h3>\n<p>FormCraft, un constructeur de formulaires WordPress incroyablement puissant et flexible, vous offre la possibilit\u00e9 d&rsquo;\u00e9laborer m\u00e9ticuleusement des formulaires personnalis\u00e9s qui s&rsquo;alignent parfaitement avec votre marque et r\u00e9pondent \u00e0 vos besoins commerciaux sp\u00e9cifiques. Dot\u00e9 d&rsquo;une interface de glisser-d\u00e9poser incroyablement conviviale, cet outil exceptionnel vous permet d&rsquo;incorporer sans effort des champs de formulaire, de personnaliser des styles et des dispositions, et m\u00eame d&rsquo;\u00e9tablir des r\u00e8gles de logique conditionnelle sophistiqu\u00e9es qui vous permettent d&rsquo;adapter l&rsquo;exp\u00e9rience de forme \u00e0 chaque utilisateur individuel. De plus, FormCraft propose un vaste assortiment de mod\u00e8les pr\u00e9-con\u00e7us et des int\u00e9grations transparentes avec des plateformes de marketing par e-mail tr\u00e8s populaires telles que MailChimp et Aweber. Avec sa richesse de fonctionnalit\u00e9s premium et sa facilit\u00e9 d&rsquo;utilisation in\u00e9gal\u00e9e, FormCraft est le choix id\u00e9al pour toute personne cherchant \u00e0 produire des formes visuellement \u00e9tonnantes et tr\u00e8s efficaces sur leur site Web WordPress.<\/p>\n<ul>\n<li>Cr\u00e9er des formulaires personnalis\u00e9s dans WordPress sans aucune connaissance de codage<\/li>\n<li>Plus de 20 champs de formulaire au choix, y compris les t\u00e9l\u00e9chargements de fichiers et la logique conditionnelle<\/li>\n<li>Des formulaires sensibles aux mobiles qui ont fi\u00e8re allure sur n&rsquo;importe quel appareil<\/li>\n<li>Options de style avanc\u00e9es pour correspondre \u00e0 la marque de votre site Web<\/li>\n<li>Int\u00e9gration facile avec les services de marketing par e-mail populaires<\/li>\n<li>Analytique et autres fonctionnalit\u00e9s de rapport pour suivre les performances<\/li>\n<li>Formulaires de plusieurs pages et barres de progression pour des enqu\u00eates ou des questionnaires plus longs<\/li>\n<li>Notifications et confirmations automatiques pour les soumissions de formulaires<\/li>\n<li>Conforme au RGPD avec des fonctionnalit\u00e9s de confidentialit\u00e9 comme le consentement et la protection des donn\u00e9es facultatives<\/li>\n<li>Mises \u00e0 jour r\u00e9guli\u00e8res et soutien de l&rsquo;\u00e9quipe FormCraft.<\/li>\n<\/ul>\n","protected":false},"excerpt":{"rendered":"<p>FormCraft est un constructeur de formulaires WordPress exceptionnel qui offre aux utilisateurs la possibilit\u00e9 de cr\u00e9er des formulaires visuellement impressionnants et tr\u00e8s adaptables en quelques minutes. Dot\u00e9 d&rsquo;une interface de tra\u00een\u00e9e et de d\u00e9p\u00f4t navigable sans effort, les individus peuvent incorporer sans effort une gamme diversifi\u00e9e de composants dans leurs formulaires, y compris, mais sans s&rsquo;y limiter, les champs de texte, les cases \u00e0 cocher, les boutons radio, les menus d\u00e9roulants, etc. De plus, les options de personnalisation disponibles permettent aux utilisateurs d&rsquo;harmoniser de mani\u00e8re transparente l&rsquo;apparence et l&rsquo;ambiance de leurs formulaires avec la conception globale de leur site Web, assurant ainsi une exp\u00e9rience visuelle coh\u00e9rente et coh\u00e9sive. De plus, l&rsquo;inclusion de fonctionnalit\u00e9s avanc\u00e9es telles que la logique conditionnelle et les formes multi-pages permet aux individus d&rsquo;impr\u00e9gner leurs formes avec un niveau accru de sophistication et d&rsquo;efficacit\u00e9. Le fait que son objectif tourne autour de la collecte des donn\u00e9es des clients, de la facilitation des enqu\u00eates ou de la cr\u00e9ation de formulaires de contact, FormCraft fournit sans \u00e9quivoque tous les outils et ressources n\u00e9cessaires pour organiser des formulaires qui d\u00e9gagent une allure vraiment professionnelle et percutante, ce qui donne finalement fructueur et r\u00e9sultats significatifs.<\/p>\n","protected":false},"featured_media":145013,"comment_status":"open","ping_status":"open","template":"","meta":[],"product_brand":[2435],"product_cat":[1191,1181,1186],"product_tag":[1231],"class_list":{"0":"post-116393","1":"product","2":"type-product","3":"status-publish","4":"has-post-thumbnail","6":"product_brand-codecanyon","7":"product_cat-formes","8":"product_cat-plugins","9":"product_cat-wordpress-plugins","10":"product_tag-codecanyon","11":"member-discount","12":"discount-restricted","14":"first","15":"instock","16":"sale","17":"downloadable","18":"virtual","19":"sold-individually","20":"purchasable","21":"product-type-simple"},"_links":{"self":[{"href":"https:\/\/gpl-love.com\/fr\/wp-json\/wp\/v2\/product\/116393","targetHints":{"allow":["GET"]}}],"collection":[{"href":"https:\/\/gpl-love.com\/fr\/wp-json\/wp\/v2\/product"}],"about":[{"href":"https:\/\/gpl-love.com\/fr\/wp-json\/wp\/v2\/types\/product"}],"replies":[{"embeddable":true,"href":"https:\/\/gpl-love.com\/fr\/wp-json\/wp\/v2\/comments?post=116393"}],"wp:featuredmedia":[{"embeddable":true,"href":"https:\/\/gpl-love.com\/fr\/wp-json\/wp\/v2\/media\/145013"}],"wp:attachment":[{"href":"https:\/\/gpl-love.com\/fr\/wp-json\/wp\/v2\/media?parent=116393"}],"wp:term":[{"taxonomy":"product_brand","embeddable":true,"href":"https:\/\/gpl-love.com\/fr\/wp-json\/wp\/v2\/product_brand?post=116393"},{"taxonomy":"product_cat","embeddable":true,"href":"https:\/\/gpl-love.com\/fr\/wp-json\/wp\/v2\/product_cat?post=116393"},{"taxonomy":"product_tag","embeddable":true,"href":"https:\/\/gpl-love.com\/fr\/wp-json\/wp\/v2\/product_tag?post=116393"}],"curies":[{"name":"wp","href":"https:\/\/api.w.org\/{rel}","templated":true}]}}