{"id":116391,"date":"2025-11-14T00:00:00","date_gmt":"2025-11-13T23:00:00","guid":{"rendered":"http:\/\/gpl-love.com\/fr\/produit\/markite-digital-marketplace-wordpress-theme\/"},"modified":"2026-03-20T23:23:44","modified_gmt":"2026-03-20T22:23:44","slug":"markite-digital-marketplace-wordpress-theme","status":"publish","type":"product","link":"https:\/\/gpl-love.com\/fr\/produit\/markite-digital-marketplace-wordpress-theme\/","title":{"rendered":"Markite Digital Marketplace WordPress Theme 2.0.2"},"content":{"rendered":"<h3>Markite Digital Marketplace WordPress Theme Traits<\/h3>\n<p>Le th\u00e8me WordPress du march\u00e9 num\u00e9rique Markite dispose d&rsquo;un \u00e9ventail de capacit\u00e9s et d&rsquo;adaptabilit\u00e9 formidables, m\u00e9ticuleusement con\u00e7ues pour r\u00e9pondre aux march\u00e9s en ligne avec une pr\u00e9cision totale. Arborant un design \u00e9l\u00e9gant et contemporain, votre site Web de march\u00e9 d\u00e9gagera une aura de professionnalisme et d&rsquo;esth\u00e9tique impressionnants. Affichant un vaste r\u00e9pertoire de fonctionnalit\u00e9s, y compris diverses dispositions de page d&rsquo;accueil, un en-t\u00eate personnalisable et une fonction de recherche extr\u00eamement puissante, ce th\u00e8me ne laisse aucune pierre non retourn\u00e9e \u00e0 \u00e9lever votre march\u00e9 \u00e0 des hauteurs sans pr\u00e9c\u00e9dent. De plus, sa r\u00e9activit\u00e9 compl\u00e8te garantit que votre site Web d\u00e9gagera de la magnificence sur tous les appareils. En tirant parti des capacit\u00e9s in\u00e9gal\u00e9es du th\u00e8me WordPress du march\u00e9 num\u00e9rique Markite, vous poss\u00e9dez la capacit\u00e9 de forger un march\u00e9 en ligne qui est non seulement adapt\u00e9 sp\u00e9cifiquement \u00e0 vos exigences uniques, mais parvient \u00e9galement \u00e0 surpasser et \u00e0 d\u00e9passer la concurrence avec la gr\u00e2ce sans effort.<\/p>\n<ul>\n<li>Un th\u00e8me WordPress visuellement magnifique et moderne con\u00e7u sp\u00e9cialement pour les march\u00e9s num\u00e9riques<\/li>\n<li>Prise en charge int\u00e9gr\u00e9e pour les plugins de commerce \u00e9lectronique populaires, notamment WooCommerce et EDD (t\u00e9l\u00e9chargements num\u00e9riques faciles)<\/li>\n<li>Plusieurs dispositions de page d&rsquo;accueil personnalisables et options de jeu de couleurs pour r\u00e9pondre aux besoins de tout march\u00e9<\/li>\n<li>Conception enti\u00e8rement r\u00e9active qui fonctionne parfaitement sur les appareils de bureau et mobiles<\/li>\n<li>Des capacit\u00e9s de filtrage et de recherche puissantes puissantes pour aider les utilisateurs \u00e0 trouver exactement ce dont ils ont besoin<\/li>\n<li>Outils d&rsquo;inscription et de gestion des vendeurs pour aider les propri\u00e9taires de march\u00e9 \u00e0 bord et \u00e0 g\u00e9rer les fournisseurs<\/li>\n<li>Syst\u00e8mes d&rsquo;examen et de notation int\u00e9gr\u00e9s pour encourager l&rsquo;engagement et les commentaires des acheteurs et des vendeurs<\/li>\n<li>Documentation compl\u00e8te et soutien pour assurer un processus de configuration et de personnalisation en douceur<\/li>\n<li>Mises \u00e0 jour et am\u00e9liorations r\u00e9guli\u00e8res pour assurer la compatibilit\u00e9 avec les derni\u00e8res versions de WordPress et des plugins.<\/li>\n<\/ul>\n","protected":false},"excerpt":{"rendered":"<p>Markite est un th\u00e8me WordPress sur le march\u00e9 num\u00e9rique extraordinaire qui r\u00e9pond aux besoins des particuliers, des entreprises et des fournisseurs visant \u00e0 fournir des produits num\u00e9riques, des applications, des logiciels ou tout service via des plateformes en ligne. Ce th\u00e8me offre un processus de configuration et de personnalisation pratique, accompagn\u00e9 de ses fonctionnalit\u00e9s impressionnantes telles que la compatibilit\u00e9 WooCommerce, la fonctionnalit\u00e9 d&rsquo;installation en un clic, la conception r\u00e9active et de nombreux autres. De plus, sa conception distincte garantit une exp\u00e9rience d&rsquo;achat exceptionnelle pour les clients, pr\u00e9sentant des dispositions immacul\u00e9es et contemporaines qui pr\u00e9sentent magnifiquement vos produits. En utilisant Markite, vous pouvez rapidement inaugurer votre propre magasin num\u00e9rique en ligne et commencer vos efforts de vente sans aucun retard!<\/p>\n","protected":false},"featured_media":144457,"comment_status":"open","ping_status":"open","template":"","meta":[],"product_brand":[2433],"product_cat":[1516,1212,1213],"product_tag":[1366],"class_list":{"0":"post-116391","1":"product","2":"type-product","3":"status-publish","4":"has-post-thumbnail","6":"product_brand-themeforest","7":"product_cat-entreprise","8":"product_cat-themes","9":"product_cat-wordpress-themes","10":"product_tag-themeforest","11":"member-discount","12":"discount-restricted","14":"first","15":"instock","16":"sale","17":"downloadable","18":"virtual","19":"sold-individually","20":"purchasable","21":"product-type-simple"},"_links":{"self":[{"href":"https:\/\/gpl-love.com\/fr\/wp-json\/wp\/v2\/product\/116391","targetHints":{"allow":["GET"]}}],"collection":[{"href":"https:\/\/gpl-love.com\/fr\/wp-json\/wp\/v2\/product"}],"about":[{"href":"https:\/\/gpl-love.com\/fr\/wp-json\/wp\/v2\/types\/product"}],"replies":[{"embeddable":true,"href":"https:\/\/gpl-love.com\/fr\/wp-json\/wp\/v2\/comments?post=116391"}],"wp:featuredmedia":[{"embeddable":true,"href":"https:\/\/gpl-love.com\/fr\/wp-json\/wp\/v2\/media\/144457"}],"wp:attachment":[{"href":"https:\/\/gpl-love.com\/fr\/wp-json\/wp\/v2\/media?parent=116391"}],"wp:term":[{"taxonomy":"product_brand","embeddable":true,"href":"https:\/\/gpl-love.com\/fr\/wp-json\/wp\/v2\/product_brand?post=116391"},{"taxonomy":"product_cat","embeddable":true,"href":"https:\/\/gpl-love.com\/fr\/wp-json\/wp\/v2\/product_cat?post=116391"},{"taxonomy":"product_tag","embeddable":true,"href":"https:\/\/gpl-love.com\/fr\/wp-json\/wp\/v2\/product_tag?post=116391"}],"curies":[{"name":"wp","href":"https:\/\/api.w.org\/{rel}","templated":true}]}}