{"id":116389,"date":"2021-07-10T00:00:00","date_gmt":"2021-07-09T22:00:00","guid":{"rendered":"http:\/\/gpl-love.com\/fr\/produit\/mooboo-fashion-theme-pour-woocommerce-wordpress\/"},"modified":"2026-04-10T18:32:04","modified_gmt":"2026-04-10T16:32:04","slug":"mooboo-fashion-theme-pour-woocommerce-wordpress","status":"publish","type":"product","link":"https:\/\/gpl-love.com\/fr\/produit\/mooboo-fashion-theme-pour-woocommerce-wordpress\/","title":{"rendered":"Mooboo Fashion Th\u00e8me pour WooCommerce WordPress 1.0.7"},"content":{"rendered":"<h3>Mooboo Fashion Th\u00e8me pour WooCommerce WordPress Traits<\/h3>\n<p>Le th\u00e8me de la mode Mooboo sert de solution optimale pour les personnes qui cherchent \u00e0 \u00e9tablir une boutique en ligne dans l&rsquo;intention de fournir des marchandises li\u00e9es \u00e0 la mode. Tadav\u00e9 sp\u00e9cifiquement pour les magasins de mode, ce th\u00e8me WooCommerce WordPress poss\u00e8de un design contemporain, poli et sophistiqu\u00e9 qui ne capture pas l&rsquo;attention des clients potentiels. En outre, il propose des options de personnalisation conviviales, permettant ainsi une modification sans effort des param\u00e8tres du th\u00e8me et la cr\u00e9ation d&rsquo;une esth\u00e9tique distinctive pour votre magasin. De plus, le th\u00e8me de la mode Mooboo est pleinement r\u00e9actif, garantissant ainsi son apparence impeccable sur un \u00e9ventail d&rsquo;appareils, allant des ordinateurs de bureau et des ordinateurs portables aux tablettes et smartphones. En vertu du th\u00e8me de la mode Mooboo, vous pourrez pr\u00e9senter vos produits de la mani\u00e8re la plus exceptionnelle concevable tout en offrant simultan\u00e9ment une exp\u00e9rience d&rsquo;achat sans pr\u00e9c\u00e9dent et sans couture \u00e0 votre pr\u00e9cieux client\u00e8le.<\/p>\n<ul>\n<li>Un th\u00e8me de mode \u00e9l\u00e9gant et moderne con\u00e7u sp\u00e9cifiquement pour les sites Web WooCommerce WordPress<\/li>\n<li>La conception r\u00e9active garantit que votre boutique en ligne a fi\u00e8re allure sur tous les appareils<\/li>\n<li>Plusieurs dispositions de d\u00e9monstration au choix, chacune avec ses propres \u00e9l\u00e9ments de style et de conception uniques<\/li>\n<li>B\u00e2teur de page de glisser-d\u00e9poser intuitif pour une personnalisation facile et des r\u00e9glages de mise en page<\/li>\n<li>Panneau d&rsquo;options de th\u00e8me complet vous permettant d&rsquo;affiner tous les aspects de la conception et des fonctionnalit\u00e9s de votre site Web<\/li>\n<li>Options avanc\u00e9es de filtrage et de tri des produits pour que vos clients trouvent rapidement ce qu&rsquo;ils recherchent<\/li>\n<li>Optimis\u00e9 pour le r\u00e9f\u00e9rencement et les temps de chargement rapide pour am\u00e9liorer la visibilit\u00e9 et l&rsquo;exp\u00e9rience utilisateur de votre site Web<\/li>\n<li>Int\u00e9gration Instagram int\u00e9gr\u00e9e pour pr\u00e9senter la pr\u00e9sence des m\u00e9dias sociaux de votre marque et se connecter avec votre public<\/li>\n<li>\u00c9quipe de support client d\u00e9di\u00e9e pour r\u00e9pondre \u00e0 toutes les questions et vous aider \u00e0 maximiser le potentiel de votre site Web.<\/li>\n<\/ul>\n","protected":false},"excerpt":{"rendered":"<p>Le th\u00e8me de la mode Mooboo pour WooCommerce WordPress offre une solution compl\u00e8te et optimale pour les personnes cherchant \u00e0 \u00e9tablir une pr\u00e9sence remarquable sur le march\u00e9 de la mode en ligne. Ce th\u00e8me englobe une multitude de fonctionnalit\u00e9s qui permettent aux utilisateurs de cr\u00e9er sans effort une boutique en ligne esth\u00e9tique et intuitive qui s&rsquo;adapte de mani\u00e8re transparente \u00e0 divers appareils et est hautement personnalisable. Avec l&rsquo;inclusion d&rsquo;un constructeur de pages de glisser-d\u00e9poser par des utilisateurs, d&rsquo;outils de personnalisation facilement accessibles et d&rsquo;un vaste assortiment de dispositions de d\u00e9monstration et de mod\u00e8les, ce th\u00e8me sert de choix id\u00e9al pour les d\u00e9taillants de mode, les propri\u00e9taires de boutique et les cr\u00e9ateurs qui s&rsquo;efforcent d&rsquo;\u00e9tablir une identit\u00e9 en ligne prosp\u00e8re. Que l&rsquo;on soit un marchand novice ou chevronn\u00e9 en ligne, le th\u00e8me de la mode Mooboo pour WooCommerce WordPress propulsera sans aucun doute leur entreprise de mode \u00e0 des hauteurs sans pr\u00e9c\u00e9dent.<\/p>\n","protected":false},"featured_media":144587,"comment_status":"open","ping_status":"open","template":"","meta":[],"product_brand":[2433],"product_cat":[1238,1444,1212],"product_tag":[1366],"class_list":{"0":"post-116389","1":"product","2":"type-product","3":"status-publish","4":"has-post-thumbnail","6":"product_brand-themeforest","7":"product_cat-commerce-electronique-themes","8":"product_cat-creatif-commerce-electronique-themes","9":"product_cat-themes","10":"product_tag-themeforest","11":"member-discount","12":"discount-restricted","14":"first","15":"instock","16":"sale","17":"downloadable","18":"virtual","19":"sold-individually","20":"purchasable","21":"product-type-simple"},"_links":{"self":[{"href":"https:\/\/gpl-love.com\/fr\/wp-json\/wp\/v2\/product\/116389","targetHints":{"allow":["GET"]}}],"collection":[{"href":"https:\/\/gpl-love.com\/fr\/wp-json\/wp\/v2\/product"}],"about":[{"href":"https:\/\/gpl-love.com\/fr\/wp-json\/wp\/v2\/types\/product"}],"replies":[{"embeddable":true,"href":"https:\/\/gpl-love.com\/fr\/wp-json\/wp\/v2\/comments?post=116389"}],"wp:featuredmedia":[{"embeddable":true,"href":"https:\/\/gpl-love.com\/fr\/wp-json\/wp\/v2\/media\/144587"}],"wp:attachment":[{"href":"https:\/\/gpl-love.com\/fr\/wp-json\/wp\/v2\/media?parent=116389"}],"wp:term":[{"taxonomy":"product_brand","embeddable":true,"href":"https:\/\/gpl-love.com\/fr\/wp-json\/wp\/v2\/product_brand?post=116389"},{"taxonomy":"product_cat","embeddable":true,"href":"https:\/\/gpl-love.com\/fr\/wp-json\/wp\/v2\/product_cat?post=116389"},{"taxonomy":"product_tag","embeddable":true,"href":"https:\/\/gpl-love.com\/fr\/wp-json\/wp\/v2\/product_tag?post=116389"}],"curies":[{"name":"wp","href":"https:\/\/api.w.org\/{rel}","templated":true}]}}