{"id":116387,"date":"2024-03-18T00:00:00","date_gmt":"2024-03-17T23:00:00","guid":{"rendered":"http:\/\/gpl-love.com\/fr\/produit\/moovit-transportation-logistics-wordpress-theme\/"},"modified":"2026-04-10T18:32:06","modified_gmt":"2026-04-10T16:32:06","slug":"moovit-transportation-logistics-wordpress-theme","status":"publish","type":"product","link":"https:\/\/gpl-love.com\/fr\/produit\/moovit-transportation-logistics-wordpress-theme\/","title":{"rendered":"Moovit Transportation Logistics Wordpress Theme 1.2.5"},"content":{"rendered":"<h3>Moovit Transportation Logistics Wordpress Theme Traits<\/h3>\n<p>Le th\u00e8me WordPress de la logistique de transport de Moovit, avec sa polyvalence et son interface conviviale, a \u00e9t\u00e9 sp\u00e9cifiquement con\u00e7u pour l&rsquo;industrie du transport et de la logistique. Il offre une pl\u00e9thore de fonctionnalit\u00e9s indispensables, y compris des mod\u00e8les de pages personnalisables, des widgets personnalis\u00e9s et un constructeur de pages glisser-d\u00e9poser, facilitant la cr\u00e9ation d&rsquo;un site Web sur mesure qui s&rsquo;aligne parfaitement avec vos besoins commerciaux. De plus, ce th\u00e8me poss\u00e8de \u00e9galement un syst\u00e8me de r\u00e9servation robuste, permettant \u00e0 vos clients de planifier et de g\u00e9rer sans effort leurs besoins de transport via une plate-forme en ligne. En outre, gr\u00e2ce \u00e0 sa conception r\u00e9active et \u00e0 sa disposition conviviale, le th\u00e8me WordPress de la logistique de transport de Moovit garantit que votre site Web d\u00e9gagera un attrait visuellement captivant et fonctionnera parfaitement sur tous les appareils. En conclusion, ce th\u00e8me exceptionnel sert de choix id\u00e9al pour toute entreprise de transport ou de logistique visant \u00e0 \u00e9tablir une pr\u00e9sence en ligne professionnelle et captivante.<\/p>\n<ul>\n<li>Th\u00e8me WordPress logistique de transport hautement personnalisable<\/li>\n<li>Parfait pour les entreprises de logistique, les fournisseurs de transport et les services de livraison<\/li>\n<li>Design beau et moderne avec une interface utilisateur intuitive<\/li>\n<li>Comprend des types de publication personnalis\u00e9s pour afficher les services, les membres de l&rsquo;\u00e9quipe et les t\u00e9moignages<\/li>\n<li>Int\u00e9gr\u00e9 \u00e0 Google Maps pour une emplacement facile et une planification d&rsquo;itin\u00e9raire<\/li>\n<li>La conception r\u00e9active garantit que votre site Web a fi\u00e8re allure sur n&rsquo;importe quel appareil<\/li>\n<li>SEO optimis\u00e9 pour une meilleure visibilit\u00e9 sur les moteurs de recherche<\/li>\n<li>Comprend une installation de d\u00e9monstration en un clic pour une configuration facile<\/li>\n<li>R\u00e9guli\u00e8rement mis \u00e0 jour avec de nouvelles fonctionnalit\u00e9s et am\u00e9liorations<\/li>\n<li>Excellent support client et documentation.<\/li>\n<\/ul>\n","protected":false},"excerpt":{"rendered":"<p>Le th\u00e8me WordPress de la logistique de transport de Moovit est un mod\u00e8le innovant et adaptable sp\u00e9cifiquement con\u00e7u pour les entreprises dans les secteurs du transport et de la logistique. Son esth\u00e9tique se caract\u00e9rise par des principes de conception contemporains, garantissant une exp\u00e9rience utilisateur optimale qui permet aux clients de naviguer sans effort sur votre site Web et de localiser les informations pr\u00e9cises dont ils ont besoin. Ce th\u00e8me poss\u00e8de un vaste assortiment de fonctionnalit\u00e9s et de fonctionnalit\u00e9s qui facilitent la pr\u00e9sentation efficace de vos services, la gestion efficace de la flotte et la rationalisation de vos processus op\u00e9rationnels. En tirant parti des capacit\u00e9s de Moovit, vous pouvez rapidement \u00e9tablir une pr\u00e9sence en ligne poli et sophistiqu\u00e9e qui distingue votre entreprise de ses rivaux.<\/p>\n","protected":false},"featured_media":144589,"comment_status":"open","ping_status":"open","template":"","meta":[],"product_brand":[2433],"product_cat":[1516,1212,1213],"product_tag":[1366],"class_list":{"0":"post-116387","1":"product","2":"type-product","3":"status-publish","4":"has-post-thumbnail","6":"product_brand-themeforest","7":"product_cat-entreprise","8":"product_cat-themes","9":"product_cat-wordpress-themes","10":"product_tag-themeforest","11":"member-discount","12":"discount-restricted","14":"first","15":"instock","16":"sale","17":"downloadable","18":"virtual","19":"sold-individually","20":"purchasable","21":"product-type-simple"},"_links":{"self":[{"href":"https:\/\/gpl-love.com\/fr\/wp-json\/wp\/v2\/product\/116387","targetHints":{"allow":["GET"]}}],"collection":[{"href":"https:\/\/gpl-love.com\/fr\/wp-json\/wp\/v2\/product"}],"about":[{"href":"https:\/\/gpl-love.com\/fr\/wp-json\/wp\/v2\/types\/product"}],"replies":[{"embeddable":true,"href":"https:\/\/gpl-love.com\/fr\/wp-json\/wp\/v2\/comments?post=116387"}],"wp:featuredmedia":[{"embeddable":true,"href":"https:\/\/gpl-love.com\/fr\/wp-json\/wp\/v2\/media\/144589"}],"wp:attachment":[{"href":"https:\/\/gpl-love.com\/fr\/wp-json\/wp\/v2\/media?parent=116387"}],"wp:term":[{"taxonomy":"product_brand","embeddable":true,"href":"https:\/\/gpl-love.com\/fr\/wp-json\/wp\/v2\/product_brand?post=116387"},{"taxonomy":"product_cat","embeddable":true,"href":"https:\/\/gpl-love.com\/fr\/wp-json\/wp\/v2\/product_cat?post=116387"},{"taxonomy":"product_tag","embeddable":true,"href":"https:\/\/gpl-love.com\/fr\/wp-json\/wp\/v2\/product_tag?post=116387"}],"curies":[{"name":"wp","href":"https:\/\/api.w.org\/{rel}","templated":true}]}}