{"id":116385,"date":"2021-07-09T00:00:00","date_gmt":"2021-07-08T22:00:00","guid":{"rendered":"http:\/\/gpl-love.com\/fr\/produit\/seo-engine-digital-marketing-agency-wordpress-theme\/"},"modified":"2026-04-10T18:39:14","modified_gmt":"2026-04-10T16:39:14","slug":"seo-engine-digital-marketing-agency-wordpress-theme","status":"publish","type":"product","link":"https:\/\/gpl-love.com\/fr\/produit\/seo-engine-digital-marketing-agency-wordpress-theme\/","title":{"rendered":"SEO Engine Digital Marketing Agency WordPress Theme 2.0.0"},"content":{"rendered":"<h3>SEO Engine Digital Marketing Agency WordPress Theme Traits<\/h3>\n<p>Le th\u00e8me WordPress de l&rsquo;agence de marketing num\u00e9rique du moteur SEO se pr\u00e9sente comme une solution compl\u00e8te et polyvalente adapt\u00e9e aux besoins sp\u00e9cifiques des entreprises op\u00e9rant dans l&rsquo;industrie du marketing num\u00e9rique. B\u00e9n\u00e9ficiant d&rsquo;un design \u00e9l\u00e9gant et moderne, ce th\u00e8me offre une vaste gamme de fonctionnalit\u00e9s et d&rsquo;options de personnalisation, offrant ainsi aux entreprises de nombreuses opportunit\u00e9s de pr\u00e9senter efficacement leurs services et de captiver efficacement l&rsquo;attention des clients potentiels. Il convient de noter que ce th\u00e8me a \u00e9t\u00e9 m\u00e9ticuleusement optimis\u00e9 pour hi\u00e9rarchiser l&rsquo;optimisation des moteurs de recherche, garantissant que les entreprises peuvent gravir sans effort le classement et rester \u00e0 l&rsquo;avant-garde de leur industrie. De plus, ce th\u00e8me est enti\u00e8rement \u00e9quip\u00e9 d&rsquo;un assortiment de fonctionnalit\u00e9s int\u00e9gr\u00e9es, notamment l&rsquo;analyse, l&rsquo;int\u00e9gration des m\u00e9dias sociaux et les formulaires de contact, qui servent tous \u00e0 rationaliser et \u00e0 am\u00e9liorer l&rsquo;exp\u00e9rience utilisateur globale. En outre, l&rsquo;interface intuitive et conviviale, associ\u00e9e \u00e0 la glisser et \u00e0 une page de page de glisser et \u00e0 une utilisation remarquable, permet aux entreprises de cr\u00e9er rapidement et sans effort sans effort de qualit\u00e9 professionnelle, le tout sans n\u00e9cessiter un profond niveau d&rsquo;expertise technique. Par cons\u00e9quent, le th\u00e8me WordPress de l&rsquo;agence de marketing num\u00e9rique du moteur SEO appara\u00eet comme un choix exemplaire pour les entreprises qui cherchent avec impatience \u00e0 fortifier leur pr\u00e9sence en ligne et \u00e0 augmenter leur visibilit\u00e9 au sein de l&rsquo;industrie du marketing num\u00e9rique en constante expansion.<\/p>\n<ul>\n<li>Th\u00e8me WordPress hautement personnalisable con\u00e7u sp\u00e9cifiquement pour le r\u00e9f\u00e9rencement et les agences de marketing num\u00e9rique<\/li>\n<li>Comprend des mod\u00e8les de pages pr\u00e9-con\u00e7us pour les services, les \u00e9tudes de cas, les membres de l&rsquo;\u00e9quipe, le blog, etc.<\/li>\n<li>Conception enti\u00e8rement r\u00e9active et conviviale pour une visualisation optimale sur tous les appareils<\/li>\n<li>Ajouter et pr\u00e9senter facilement les t\u00e9moignages des clients pour renforcer la cr\u00e9dibilit\u00e9 et la confiance avec les clients potentiels<\/li>\n<li>Livr\u00e9 avec des formulaires de contact int\u00e9gr\u00e9s pour aider les clients potentiels \u00e0 entrer en contact avec votre agence<\/li>\n<li>S&rsquo;int\u00e8gre \u00e0 tous les principaux plugins SEO pour une optimisation facile du contenu<\/li>\n<li>Prend en charge plusieurs langues et plugins de traduction pour Global Reach<\/li>\n<li>Importation de d\u00e9monstration en un clic pour la configuration et la personnalisation sans tracas<\/li>\n<li>R\u00e9guli\u00e8rement mis \u00e0 jour avec de nouvelles fonctionnalit\u00e9s et am\u00e9liorations pour assurer des performances optimales<\/li>\n<li>Soutenu par le support client d\u00e9di\u00e9 pour aider \u00e0 toute question ou probl\u00e8me.<\/li>\n<\/ul>\n","protected":false},"excerpt":{"rendered":"<p>Le th\u00e8me WordPress de l&rsquo;agence de marketing num\u00e9rique du moteur SEO pr\u00e9sente la solution ultime pour les agences de marketing num\u00e9rique, offrant une gamme compl\u00e8te de fonctionnalit\u00e9s et de fonctionnalit\u00e9s. M\u00e9ticuleusement con\u00e7u, ce th\u00e8me a \u00e9t\u00e9 sp\u00e9cifiquement adapt\u00e9 pour r\u00e9pondre aux exigences uniques des agences de marketing num\u00e9rique, leur permettant de pr\u00e9senter efficacement leurs services. Avec une pl\u00e9thore de fonctionnalit\u00e9s exceptionnelles, y compris les capacit\u00e9s d&rsquo;optimisation des moteurs de recherche, une conception r\u00e9active qui garantit une adaptabilit\u00e9 transparente sur divers appareils, une disposition personnalisable qui permet une marque personnalis\u00e9e et un panneau d&rsquo;administration robuste qui permet aux agences de g\u00e9rer sans effort leur site Web, ce th\u00e8me propose Tout ce qu&rsquo;une agence num\u00e9rique pourrait avoir besoin de cr\u00e9er une pr\u00e9sence en ligne visuellement frappante et remarquable qui les distingue de la concurrence. Que votre objectif soit de promouvoir vos services, de pr\u00e9senter un portefeuille impressionnant ou de g\u00e9n\u00e9rer un afflux plus \u00e9lev\u00e9 de prospects, le moteur SEO appara\u00eet comme le th\u00e8me par excellence pour atteindre ces objectifs. Commencez votre voyage aujourd&rsquo;hui et propulsez votre agence num\u00e9rique vers des hauteurs sans pr\u00e9c\u00e9dent.<\/p>\n","protected":false},"featured_media":145217,"comment_status":"open","ping_status":"open","template":"","meta":[],"product_brand":[2433],"product_cat":[1242,1212,1213],"product_tag":[1366],"class_list":{"0":"post-116385","1":"product","2":"type-product","3":"status-publish","4":"has-post-thumbnail","6":"product_brand-themeforest","7":"product_cat-creatif","8":"product_cat-themes","9":"product_cat-wordpress-themes","10":"product_tag-themeforest","11":"member-discount","12":"discount-restricted","14":"first","15":"instock","16":"sale","17":"downloadable","18":"virtual","19":"sold-individually","20":"purchasable","21":"product-type-simple"},"_links":{"self":[{"href":"https:\/\/gpl-love.com\/fr\/wp-json\/wp\/v2\/product\/116385","targetHints":{"allow":["GET"]}}],"collection":[{"href":"https:\/\/gpl-love.com\/fr\/wp-json\/wp\/v2\/product"}],"about":[{"href":"https:\/\/gpl-love.com\/fr\/wp-json\/wp\/v2\/types\/product"}],"replies":[{"embeddable":true,"href":"https:\/\/gpl-love.com\/fr\/wp-json\/wp\/v2\/comments?post=116385"}],"wp:featuredmedia":[{"embeddable":true,"href":"https:\/\/gpl-love.com\/fr\/wp-json\/wp\/v2\/media\/145217"}],"wp:attachment":[{"href":"https:\/\/gpl-love.com\/fr\/wp-json\/wp\/v2\/media?parent=116385"}],"wp:term":[{"taxonomy":"product_brand","embeddable":true,"href":"https:\/\/gpl-love.com\/fr\/wp-json\/wp\/v2\/product_brand?post=116385"},{"taxonomy":"product_cat","embeddable":true,"href":"https:\/\/gpl-love.com\/fr\/wp-json\/wp\/v2\/product_cat?post=116385"},{"taxonomy":"product_tag","embeddable":true,"href":"https:\/\/gpl-love.com\/fr\/wp-json\/wp\/v2\/product_tag?post=116385"}],"curies":[{"name":"wp","href":"https:\/\/api.w.org\/{rel}","templated":true}]}}