{"id":116306,"date":"2026-03-20T00:00:00","date_gmt":"2026-03-19T23:00:00","guid":{"rendered":"http:\/\/gpl-love.com\/fr\/produit\/wpeverest-user-registration\/"},"modified":"2026-04-10T18:44:48","modified_gmt":"2026-04-10T16:44:48","slug":"wpeverest-user-registration","status":"publish","type":"product","link":"https:\/\/gpl-love.com\/fr\/produit\/wpeverest-user-registration\/","title":{"rendered":"User Registration WooCommerce 1.6.8"},"content":{"rendered":"<h3>User Registration WooCommerce Traits<\/h3>\n<p>Le plugin WooCommerce d&rsquo;enregistrement des utilisateurs se pr\u00e9sente comme une r\u00e9solution id\u00e9ale et sans faille pour les entreprises qui aspirent \u00e0 simplifier et acc\u00e9l\u00e9rer leur processus d&rsquo;enregistrement des utilisateurs. Ce plugin exceptionnel pr\u00e9sente les entreprises avec la commodit\u00e9 de fabrication sans effort des formulaires d&rsquo;enregistrement sur mesure, leur permettant ainsi d&rsquo;amasser des informations utilisateur cruciales qui facilitent finalement la cr\u00e9ation d&rsquo;une exp\u00e9rience individualis\u00e9e et personnalis\u00e9e pour leur client\u00e8le estim\u00e9e. L&rsquo;interface elle-m\u00eame est simple et instinctive, offre parfaitement aux entreprises la t\u00e2che sans effort de g\u00e9rer avec comp\u00e9tence les comptes d&rsquo;utilisateurs. Cela comprend la capacit\u00e9 inh\u00e9rente \u00e0 approuver ou \u00e0 refuser les inscriptions, \u00e0 acc\u00e9der et \u00e0 parcourir les donn\u00e9es de l&rsquo;utilisateur, ainsi qu&rsquo;\u00e0 apporter des modifications requises aux informations de l&rsquo;utilisateur au besoin. Avec l&rsquo;inclusion du plugin WooCommerce d&rsquo;enregistrement des utilisateurs dans leur arsenal, les entreprises peuvent d\u00e9finitivement \u00e9lever la norme de leur exp\u00e9rience client en offrant un processus d&rsquo;enregistrement int\u00e9gr\u00e9 et coh\u00e9sif sans effort, accompagn\u00e9 de promotions cibl\u00e9es et de contenu sur mesure sp\u00e9cifiquement adapt\u00e9 pour r\u00e9pondre aux besoins uniques de chaque client et les pr\u00e9f\u00e9rences.<\/p>\n<ul>\n<li>Rationalise le processus d&rsquo;enregistrement des utilisateurs sur votre site Web WooCommerce<\/li>\n<li>Permet aux utilisateurs de cr\u00e9er des comptes rapidement et facilement<\/li>\n<li>Offre une exp\u00e9rience client transparente en \u00e9liminant le besoin d&rsquo;inscription manuelle<\/li>\n<li>Champs personnalisables pour collecter des donn\u00e9es utilisateur pertinentes<\/li>\n<li>Processus d&rsquo;enregistrement s\u00e9curis\u00e9 pour prot\u00e9ger les informations des utilisateurs<\/li>\n<li>Compatible avec tous les principaux plugins et th\u00e8mes WooCommerce<\/li>\n<li>\u00c9conomise du temps et des ressources en automatisant le processus d&rsquo;enregistrement<\/li>\n<li>Am\u00e9liore l&rsquo;engagement et la r\u00e9tention des clients en cr\u00e9ant une exp\u00e9rience personnalis\u00e9e pour chaque utilisateur<\/li>\n<li>Facile \u00e0 installer et \u00e0 configurer sans codage requis<\/li>\n<li>Augmente les ventes et les revenus en am\u00e9liorant l&rsquo;exp\u00e9rience utilisateur et en favorisant la fid\u00e9lit\u00e9 des clients.<\/li>\n<\/ul>\n","protected":false},"excerpt":{"rendered":"<p>L&rsquo;enregistrement des utilisateurs WooCommerce est un plugin tr\u00e8s avantageux et convivial qui permet aux clients la possibilit\u00e9 d&rsquo;\u00e9tablir sans effort et rapidement un compte sur votre site WooCommerce. En simplifiant et en optimisant le processus d&rsquo;enregistrement, ce plugin am\u00e9liore efficacement le contentement des clients et att\u00e9nue efficacement la survenue de l&rsquo;abandon de CART, renfor\u00e7ant ainsi les niveaux globaux de satisfaction des clients. Avec les fonctionnalit\u00e9s remarquables de l&rsquo;enregistrement des utilisateurs WooCommerce, les clients ont la possibilit\u00e9 d&rsquo;\u00e9tablir un compte en fournissant leur adresse e-mail et en s\u00e9lectionnant un mot de passe de leur choix, ou alternativement, ils peuvent opter pour la plus grande commodit\u00e9 de s&rsquo;inscrire en utilisant leurs informations d&rsquo;identification des m\u00e9dias sociaux. De plus, en tant que propri\u00e9taire estim\u00e9, vous \u00eates accord\u00e9 \u00e0 l&rsquo;occasion inestimable d&rsquo;accr\u00e9ter et d&rsquo;exploiter des donn\u00e9es importantes relatives aux inscriptions aux clients, vous permettant de radialiser avec adroitement vos strat\u00e9gies de marketing et de propulser de mani\u00e8re prof\u00e9r\u00e9e l&rsquo;expansion et l&rsquo;\u00e9panouissement de votre entreprise professionnelle.<\/p>\n","protected":false},"featured_media":145695,"comment_status":"open","ping_status":"open","template":"","meta":[],"product_brand":[2681],"product_cat":[1189,1181,1186],"product_tag":[2210],"class_list":{"0":"post-116306","1":"product","2":"type-product","3":"status-publish","4":"has-post-thumbnail","6":"product_brand-wpeverest","7":"product_cat-personnalisation","8":"product_cat-plugins","9":"product_cat-wordpress-plugins","10":"product_tag-wpeverest","11":"member-discount","12":"discount-restricted","14":"first","15":"instock","16":"sale","17":"downloadable","18":"virtual","19":"sold-individually","20":"purchasable","21":"product-type-simple"},"_links":{"self":[{"href":"https:\/\/gpl-love.com\/fr\/wp-json\/wp\/v2\/product\/116306","targetHints":{"allow":["GET"]}}],"collection":[{"href":"https:\/\/gpl-love.com\/fr\/wp-json\/wp\/v2\/product"}],"about":[{"href":"https:\/\/gpl-love.com\/fr\/wp-json\/wp\/v2\/types\/product"}],"replies":[{"embeddable":true,"href":"https:\/\/gpl-love.com\/fr\/wp-json\/wp\/v2\/comments?post=116306"}],"wp:featuredmedia":[{"embeddable":true,"href":"https:\/\/gpl-love.com\/fr\/wp-json\/wp\/v2\/media\/145695"}],"wp:attachment":[{"href":"https:\/\/gpl-love.com\/fr\/wp-json\/wp\/v2\/media?parent=116306"}],"wp:term":[{"taxonomy":"product_brand","embeddable":true,"href":"https:\/\/gpl-love.com\/fr\/wp-json\/wp\/v2\/product_brand?post=116306"},{"taxonomy":"product_cat","embeddable":true,"href":"https:\/\/gpl-love.com\/fr\/wp-json\/wp\/v2\/product_cat?post=116306"},{"taxonomy":"product_tag","embeddable":true,"href":"https:\/\/gpl-love.com\/fr\/wp-json\/wp\/v2\/product_tag?post=116306"}],"curies":[{"name":"wp","href":"https:\/\/api.w.org\/{rel}","templated":true}]}}