{"id":116304,"date":"2026-02-05T00:00:00","date_gmt":"2026-02-04T23:00:00","guid":{"rendered":"http:\/\/gpl-love.com\/fr\/produit\/woocommerce-shipping-multiple-addresses\/"},"modified":"2026-03-20T23:47:44","modified_gmt":"2026-03-20T22:47:44","slug":"woocommerce-shipping-multiple-addresses","status":"publish","type":"product","link":"https:\/\/gpl-love.com\/fr\/produit\/woocommerce-shipping-multiple-addresses\/","title":{"rendered":"WooCommerce Shipping Multiple Addresses 4.3.3"},"content":{"rendered":"<h3>WooCommerce Shipping Multiple Addresses Traits<\/h3>\n<p>WooCommerce Exp\u00e9dition plusieurs adresses est un plugin indispensable que chaque magasin de commerce \u00e9lectronique, aspirant \u00e0 offrir \u00e0 sa client\u00e8le la plus grande commodit\u00e9 des commandes d&rsquo;exp\u00e9dition \u00e0 plusieurs adresses, devrait poss\u00e9der. En vertu de ce plugin, les clients ont la capacit\u00e9 transparente de diviser sans effort leurs commandes tout en s\u00e9lectionnant simultan\u00e9ment des adresses d&rsquo;exp\u00e9dition distinctes pour chaque article individuel. Impeccablement int\u00e9gr\u00e9 \u00e0 WooCommerce, ce plugin promet un processus de paiement sans obstruction et convivial. En outre, il permet aux propri\u00e9taires de magasins de g\u00e9rer efficacement plusieurs adresses, de sp\u00e9cificiaires de commande et de surveiller \u00e9troitement les exp\u00e9ditions, toutes \u00e0 partir des limites d&rsquo;un tableau de bord solitaire. Avec sa capacit\u00e9 \u00e0 \u00e9conomiser du temps et \u00e0 augmenter l&rsquo;exp\u00e9rience client globale, ce plugin assume un r\u00f4le indispensable, ce qui en fait un appareil indispensable pour toute entreprise de commerce \u00e9lectronique entreprenante s&rsquo;effor\u00e7ant de d\u00e9velopper et de maintenir un avantage concurrentiel.<\/p>\n<ul>\n<li>Permet aux clients d&rsquo;exp\u00e9dier des articles \u00e0 plusieurs adresses en un seul ordre<\/li>\n<li>Fait gagner du temps aux clients en \u00e9liminant la n\u00e9cessit\u00e9 de passer plusieurs commandes<\/li>\n<li>Augmente la commodit\u00e9 et la satisfaction des clients<\/li>\n<li>R\u00e9duit la confusion et les erreurs du client pour passer plusieurs commandes<\/li>\n<li>Fournit une interface conviviale pour les clients pour g\u00e9rer facilement plusieurs adresses d&rsquo;exp\u00e9dition<\/li>\n<li>Augmente le potentiel de vente en encourageant les clients \u00e0 acheter plus d&rsquo;articles pour plusieurs destinataires<\/li>\n<li>Rationalise le processus d&rsquo;exp\u00e9dition des commer\u00e7ants en consolidant les informations d&rsquo;exp\u00e9dition en une seule commande<\/li>\n<li>S&rsquo;int\u00e8gre parfaitement \u00e0 WooCommerce, la plate-forme de commerce \u00e9lectronique la plus populaire au monde<\/li>\n<li>Fournit des tarifs d&rsquo;exp\u00e9dition en temps r\u00e9el pour chaque adresse individuelle<\/li>\n<li>Offre aux commer\u00e7ants de la flexibilit\u00e9 de personnaliser les options d&rsquo;exp\u00e9dition pour chaque adresse individuelle.<\/li>\n<\/ul>\n","protected":false},"excerpt":{"rendered":"<p>Le plugin WooCommerce Exp\u00e9dition de plusieurs adresses, un outil tr\u00e8s pr\u00e9cieux, accorde aux clients la commodit\u00e9 remarquable de l&rsquo;envoi de produits sans effort \u00e0 plusieurs adresses dans une seule commande consolid\u00e9e. Cette caract\u00e9ristique exceptionnelle s&rsquo;av\u00e8re \u00eatre un atout particuli\u00e8rement avantageux pour les clients cherchant \u00e0 accorder des cadeaux \u00e0 un \u00e9ventail d&rsquo;individus ou d&rsquo;entreprises distinctes. En incorporant ce plugin ing\u00e9nieux dans vos op\u00e9rations, vous poss\u00e9dez la capacit\u00e9 remarquable pour affiner et acc\u00e9l\u00e9rer vos proc\u00e9dures d&rsquo;exp\u00e9dition, augmentant ainsi invariablement la gratification et le contentement subis par votre client\u00e8le estim\u00e9e.<\/p>\n","protected":false},"featured_media":146021,"comment_status":"open","ping_status":"open","template":"","meta":[],"product_brand":[2440],"product_cat":[1182,1223,1181],"product_tag":[1398],"class_list":{"0":"post-116304","1":"product","2":"type-product","3":"status-publish","4":"has-post-thumbnail","6":"product_brand-woocommerce","7":"product_cat-commerce-electronique-plugins","8":"product_cat-personnalisation-commerce-electronique-plugins","9":"product_cat-plugins","10":"product_tag-woocommerce","11":"member-discount","12":"discount-restricted","14":"first","15":"instock","16":"sale","17":"downloadable","18":"virtual","19":"sold-individually","20":"purchasable","21":"product-type-simple"},"_links":{"self":[{"href":"https:\/\/gpl-love.com\/fr\/wp-json\/wp\/v2\/product\/116304","targetHints":{"allow":["GET"]}}],"collection":[{"href":"https:\/\/gpl-love.com\/fr\/wp-json\/wp\/v2\/product"}],"about":[{"href":"https:\/\/gpl-love.com\/fr\/wp-json\/wp\/v2\/types\/product"}],"replies":[{"embeddable":true,"href":"https:\/\/gpl-love.com\/fr\/wp-json\/wp\/v2\/comments?post=116304"}],"wp:featuredmedia":[{"embeddable":true,"href":"https:\/\/gpl-love.com\/fr\/wp-json\/wp\/v2\/media\/146021"}],"wp:attachment":[{"href":"https:\/\/gpl-love.com\/fr\/wp-json\/wp\/v2\/media?parent=116304"}],"wp:term":[{"taxonomy":"product_brand","embeddable":true,"href":"https:\/\/gpl-love.com\/fr\/wp-json\/wp\/v2\/product_brand?post=116304"},{"taxonomy":"product_cat","embeddable":true,"href":"https:\/\/gpl-love.com\/fr\/wp-json\/wp\/v2\/product_cat?post=116304"},{"taxonomy":"product_tag","embeddable":true,"href":"https:\/\/gpl-love.com\/fr\/wp-json\/wp\/v2\/product_tag?post=116304"}],"curies":[{"name":"wp","href":"https:\/\/api.w.org\/{rel}","templated":true}]}}