{"id":116302,"date":"2025-11-06T00:00:00","date_gmt":"2025-11-05T23:00:00","guid":{"rendered":"http:\/\/gpl-love.com\/fr\/produit\/easy-digital-downloads-email-reports\/"},"modified":"2026-03-20T23:02:03","modified_gmt":"2026-03-20T22:02:03","slug":"easy-digital-downloads-email-reports","status":"publish","type":"product","link":"https:\/\/gpl-love.com\/fr\/produit\/easy-digital-downloads-email-reports\/","title":{"rendered":"Easy Digital Downloads Email Reports 1.1.0"},"content":{"rendered":"<h3>Easy Digital Downloads Email Reports Traits<\/h3>\n<p>T\u00e9l\u00e9chargements num\u00e9riques Easy Digital Rapports par e-mail est un outil extr\u00eamement puissant con\u00e7u sp\u00e9cifiquement pour les propri\u00e9taires d&rsquo;entreprise et les sp\u00e9cialistes du marketing qui s&rsquo;appuient fortement sur le marketing par e-mail comme moyen d&rsquo;\u00e9largir et d&rsquo;am\u00e9liorer la port\u00e9e de leurs op\u00e9rations commerciales. Ce plugin remarquable fournit des rapports m\u00e9ticuleux et complets concernant les performances globales et l&rsquo;efficacit\u00e9 de vos campagnes par e-mail, offrant des informations inestimables sur diverses mesures cl\u00e9s telles que les taux d&rsquo;ouverture, les taux de clics et les taux de conversion. Arm\u00e9s de ces informations inestimables, vous pouvez habilement affiner et optimiser vos strat\u00e9gies de marketing par e-mail, augmentant ainsi l&rsquo;efficacit\u00e9 globale et l&rsquo;impact de vos campagnes m\u00e9ticuleusement con\u00e7ues. De plus, la convivialit\u00e9 et la nature intuitive des rapports d&rsquo;e-mails num\u00e9riques faciles \u00e0 t\u00e9l\u00e9charger permettent une navigation transparente et une personnalisation sans effort, s&rsquo;adressant efficacement \u00e0 et pour r\u00e9pondre aux exigences uniques et individuelles de chaque utilisateur. Que vous soyez le propri\u00e9taire d&rsquo;un magasin de commerce \u00e9lectronique florissant, d&rsquo;un sp\u00e9cialiste du marketing num\u00e9rique chevronn\u00e9 ou m\u00eame d&rsquo;un blogueur passionn\u00e9, ce plugin indispensable est une n\u00e9cessit\u00e9 absolue pour quiconque poss\u00e8de un d\u00e9sir sinc\u00e8re et authentique de conduire et de cultiver une croissance significative \u00e0 travers la puissance in\u00e9gal\u00e9e et sinc\u00e8re et authentique de conduire et de cultiver une croissance significative gr\u00e2ce \u00e0 la puissance in\u00e9gal\u00e9e et sinc\u00e8re et potentiel du marketing par e-mail.<\/p>\n<ul>\n<li>Rapports de messagerie personnalisables qui fournissent des informations sur les ventes et les revenus<\/li>\n<li>Compatible avec le plugin de t\u00e9l\u00e9chargements num\u00e9riques faciles pour l&rsquo;int\u00e9gration transparente<\/li>\n<li>Des options de rapport hebdomadaires, mensuelles et trimestrielles pour r\u00e9pondre aux besoins de votre entreprise<\/li>\n<li>R\u00e9partition d\u00e9taill\u00e9e des ventes par produit, client et plage de dates<\/li>\n<li>Id\u00e9alement livr\u00e9 dans votre bo\u00eete de r\u00e9ception pour un acc\u00e8s et une analyse faciles<\/li>\n<li>Vous aide \u00e0 rester au top des performances de votre entreprise et \u00e0 prendre des d\u00e9cisions bas\u00e9es sur les donn\u00e9es<\/li>\n<li>L&rsquo;interface conviviale facilite la compr\u00e9hension et l&rsquo;utilisation des rapports<\/li>\n<li>Peut \u00eatre partag\u00e9 avec les membres de l&rsquo;\u00e9quipe ou les parties prenantes pour la collaboration et la responsabilit\u00e9<\/li>\n<li>\u00c9conomise du temps et des efforts en automatisant le processus de g\u00e9n\u00e9ration de rapports de vente<\/li>\n<li>Plans de prix abordables avec des options pour la mise \u00e0 l&rsquo;\u00e9chelle \u00e0 mesure que votre entreprise se d\u00e9veloppe.<\/li>\n<\/ul>\n","protected":false},"excerpt":{"rendered":"<p>Agissez \u00e0 des informations pr\u00e9cieuses concernant vos donn\u00e9es de vente en utilisant l&rsquo;outil remarquable des rapports de t\u00e9l\u00e9chargement num\u00e9riques faciles. Cette ressource extraordinaire et robuste vous permet de recevoir des rapports complets sans effort sur une base quotidienne, hebdomadaire ou mensuelle, englobant des informations vitales telles que l&rsquo;activit\u00e9 de vente de votre magasin, les revenus et diverses autres mesures cruciales. Avec l&rsquo;inclusion de graphiques et de graphiques m\u00e9ticuleusement con\u00e7us et d\u00e9taill\u00e9s, vous pouvez surveiller vos progr\u00e8s commod\u00e9ment et prendre par la suite des d\u00e9cisions bien inform\u00e9es qui contribueront sans aucun doute \u00e0 l&rsquo;expansion et \u00e0 la prosp\u00e9rit\u00e9 de votre entreprise. De plus, la fourniture de mod\u00e8les de messagerie personnalisables vous permet de individualiser vos rapports, de les aligner sur l&rsquo;identit\u00e9 de votre marque et de garantir que votre \u00e9quipe reste toujours inform\u00e9e. Simplifiez vos efforts de suivi des ventes et entreprenez un voyage de prise de d\u00e9cision bas\u00e9e sur les donn\u00e9es en exploitant les capacit\u00e9s formidables des rapports de messagerie num\u00e9riques faciles.<\/p>\n","protected":false},"featured_media":143619,"comment_status":"open","ping_status":"open","template":"","meta":[],"product_brand":[2523],"product_cat":[1183,1182,1181],"product_tag":[1255],"class_list":{"0":"post-116302","1":"product","2":"type-product","3":"status-publish","4":"has-post-thumbnail","6":"product_brand-easy-digital-downloads","7":"product_cat-administration","8":"product_cat-commerce-electronique-plugins","9":"product_cat-plugins","10":"product_tag-easy-digital-downloads","11":"member-discount","12":"discount-restricted","14":"first","15":"instock","16":"sale","17":"downloadable","18":"virtual","19":"sold-individually","20":"purchasable","21":"product-type-simple"},"_links":{"self":[{"href":"https:\/\/gpl-love.com\/fr\/wp-json\/wp\/v2\/product\/116302","targetHints":{"allow":["GET"]}}],"collection":[{"href":"https:\/\/gpl-love.com\/fr\/wp-json\/wp\/v2\/product"}],"about":[{"href":"https:\/\/gpl-love.com\/fr\/wp-json\/wp\/v2\/types\/product"}],"replies":[{"embeddable":true,"href":"https:\/\/gpl-love.com\/fr\/wp-json\/wp\/v2\/comments?post=116302"}],"wp:featuredmedia":[{"embeddable":true,"href":"https:\/\/gpl-love.com\/fr\/wp-json\/wp\/v2\/media\/143619"}],"wp:attachment":[{"href":"https:\/\/gpl-love.com\/fr\/wp-json\/wp\/v2\/media?parent=116302"}],"wp:term":[{"taxonomy":"product_brand","embeddable":true,"href":"https:\/\/gpl-love.com\/fr\/wp-json\/wp\/v2\/product_brand?post=116302"},{"taxonomy":"product_cat","embeddable":true,"href":"https:\/\/gpl-love.com\/fr\/wp-json\/wp\/v2\/product_cat?post=116302"},{"taxonomy":"product_tag","embeddable":true,"href":"https:\/\/gpl-love.com\/fr\/wp-json\/wp\/v2\/product_tag?post=116302"}],"curies":[{"name":"wp","href":"https:\/\/api.w.org\/{rel}","templated":true}]}}