{"id":116266,"date":"2026-03-06T00:00:00","date_gmt":"2026-03-05T23:00:00","guid":{"rendered":"http:\/\/gpl-love.com\/fr\/produit\/woocommerce-advanced-bulk-edit\/"},"modified":"2026-04-10T18:45:59","modified_gmt":"2026-04-10T16:45:59","slug":"woocommerce-advanced-bulk-edit","status":"publish","type":"product","link":"https:\/\/gpl-love.com\/fr\/produit\/woocommerce-advanced-bulk-edit\/","title":{"rendered":"WooCommerce Advanced Bulk Edit 6.1.2.2"},"content":{"rendered":"<h3>WooCommerce Advanced Bulk Edit Traits<\/h3>\n<p>Le plugin WooCommerce Advanced Bulk Edit est un outil incroyablement robuste qui offre une assistance inestimable aux propri\u00e9taires de magasins en ligne qui cherchent \u00e0 modifier efficacement une multitude de d\u00e9tails de produit en vrac. Ce plugin tr\u00e8s efficace est con\u00e7u sur mesure pour les individus qui privil\u00e9gient les techniques d&rsquo;\u00e9conomie de temps tout en g\u00e9rant avec diligence leur vitrine virtuelle. Gr\u00e2ce \u00e0 l&rsquo;utilisation de ce plugin avanc\u00e9, les utilisateurs ont la possibilit\u00e9 remarquable de modifier sans effort une gamme d&rsquo;attributs de produits tels que des titres, des descriptions, des prix, des cat\u00e9gories, des \u00e9tiquettes et un assortiment d&rsquo;autres d\u00e9tails complexes, qui peuvent \u00eatre ex\u00e9cut\u00e9s avec simplement avec simplement Quelques simples clics. Notamment, ce plugin poss\u00e8de une interface remarquablement conviviale et intuitive, ce qui le rend accessible aux utilisateurs de tous les niveaux de comp\u00e9tence. En se pr\u00e9voyant de cet outil puissant, les propri\u00e9taires de magasins en ligne sont autoris\u00e9s \u00e0 g\u00e9rer rapidement et efficacement leurs vastes catalogues de produits, leur offrant ainsi l&rsquo;occasion inestimable d&rsquo;allouer leur temps et leurs ressources pr\u00e9cieux \u00e0 d&rsquo;autres facettes pivots de leurs entreprises naissantes.<\/p>\n<ul>\n<li>Modifier efficacement et facilement plusieurs produits et variations de produits dans votre magasin WooCommerce<\/li>\n<li>Personnaliser les prix, les niveaux de stock, les attributs et plus encore en quelques clics<\/li>\n<li>Gagnez du temps et rationalisez vos processus de gestion des magasins en apportant des modifications en vrac \u00e0 la fois<\/li>\n<li>Des options de filtrage puissantes vous permettent de s\u00e9lectionner des produits ou des variations sp\u00e9cifiques pour modifier<\/li>\n<li>Pas besoin de saisie manuelle de donn\u00e9es ou de travaux de feuille de calcul fastidieux<\/li>\n<li>Prend en charge une large gamme de types de produits WooCommerce, y compris des produits simples, variables et group\u00e9s<\/li>\n<li>Int\u00e9gration transparente avec votre tableau de bord WooCommerce pour une exp\u00e9rience utilisateur fluide et intuitive<\/li>\n<li>Interface flexible et conviviale, avec des options de perte et de refonte des modifications ainsi que de l&rsquo;enregistrement des pr\u00e9r\u00e9glages d&rsquo;\u00e9dition pour une utilisation future<\/li>\n<li>Documentation compl\u00e8te et soutien r\u00e9actif \u00e0 tous les probl\u00e8mes qui peuvent survenir<\/li>\n<\/ul>\n","protected":false},"excerpt":{"rendered":"<p>WooCommerce Advanced Bulk Edit est fier comme un instrument extr\u00eamement puissant qui rationalise la proc\u00e9dure complexe de modifier simultan\u00e9ment une multitude de produits. Poss\u00e9dant ce plugin remarquable, vous \u00eates accord\u00e9 \u00e0 la capacit\u00e9 remarquable de r\u00e9viser sans effort les prix, les quantit\u00e9s en bourse, les descriptions de produits et divers autres attributs, en conservant par cons\u00e9quent une quantit\u00e9 importante de votre temps et de votre effort inestimables. De plus, dot\u00e9 d&rsquo;une interface \u00e0 la fois simple et instinctive, cet outil peut \u00eatre utilis\u00e9 efficacement, m\u00eame par des personnes qui ne connaissent pas bien le d\u00e9veloppement. Que vos exigences impliquent l&rsquo;ex\u00e9cution de r\u00e9glages mineurs ou entreprennent des modifications importantes, soyez assur\u00e9 que WooCommerce Advanced Edit facilitera de mani\u00e8re approfondie la gestion efficace de votre catalogue de produits complet, le tout dans les limites d&rsquo;une seule plate-forme centralis\u00e9e.<\/p>\n","protected":false},"featured_media":145794,"comment_status":"open","ping_status":"open","template":"","meta":[],"product_brand":[2435],"product_cat":[1183,1182,1181],"product_tag":[1231],"class_list":{"0":"post-116266","1":"product","2":"type-product","3":"status-publish","4":"has-post-thumbnail","6":"product_brand-codecanyon","7":"product_cat-administration","8":"product_cat-commerce-electronique-plugins","9":"product_cat-plugins","10":"product_tag-codecanyon","11":"member-discount","12":"discount-restricted","14":"first","15":"instock","16":"sale","17":"downloadable","18":"virtual","19":"sold-individually","20":"purchasable","21":"product-type-simple"},"_links":{"self":[{"href":"https:\/\/gpl-love.com\/fr\/wp-json\/wp\/v2\/product\/116266","targetHints":{"allow":["GET"]}}],"collection":[{"href":"https:\/\/gpl-love.com\/fr\/wp-json\/wp\/v2\/product"}],"about":[{"href":"https:\/\/gpl-love.com\/fr\/wp-json\/wp\/v2\/types\/product"}],"replies":[{"embeddable":true,"href":"https:\/\/gpl-love.com\/fr\/wp-json\/wp\/v2\/comments?post=116266"}],"wp:featuredmedia":[{"embeddable":true,"href":"https:\/\/gpl-love.com\/fr\/wp-json\/wp\/v2\/media\/145794"}],"wp:attachment":[{"href":"https:\/\/gpl-love.com\/fr\/wp-json\/wp\/v2\/media?parent=116266"}],"wp:term":[{"taxonomy":"product_brand","embeddable":true,"href":"https:\/\/gpl-love.com\/fr\/wp-json\/wp\/v2\/product_brand?post=116266"},{"taxonomy":"product_cat","embeddable":true,"href":"https:\/\/gpl-love.com\/fr\/wp-json\/wp\/v2\/product_cat?post=116266"},{"taxonomy":"product_tag","embeddable":true,"href":"https:\/\/gpl-love.com\/fr\/wp-json\/wp\/v2\/product_tag?post=116266"}],"curies":[{"name":"wp","href":"https:\/\/api.w.org\/{rel}","templated":true}]}}