{"id":116258,"date":"2024-04-21T00:00:00","date_gmt":"2024-04-20T22:00:00","guid":{"rendered":"http:\/\/gpl-love.com\/fr\/produit\/my-sticky-elements-pro-wordpress-plugin\/"},"modified":"2026-04-10T18:32:17","modified_gmt":"2026-04-10T16:32:17","slug":"my-sticky-elements-pro-wordpress-plugin","status":"publish","type":"product","link":"https:\/\/gpl-love.com\/fr\/produit\/my-sticky-elements-pro-wordpress-plugin\/","title":{"rendered":"My Sticky Elements Pro WordPress Plugin 2.0.7"},"content":{"rendered":"<h3>My Sticky Elements Pro WordPress Plugin Traits<\/h3>\n<p>Le Sticky Elements Pro que j&rsquo;ai est un plugin WordPress incroyablement robuste qui fournit une m\u00e9thode simple et tr\u00e8s efficace pour g\u00e9n\u00e9rer des \u00e9l\u00e9ments collants sur votre site Web. Ce plugin incroyable vous offre la possibilit\u00e9 de g\u00e9n\u00e9rer sans effort des menus collants, des en-t\u00eates, des pieds de page, des barres lat\u00e9rales et un \u00e9ventail d&rsquo;autres \u00e9l\u00e9ments. De plus, il poss\u00e8de une vaste s\u00e9lection d&rsquo;options de personnalisation qui vous permettent d&rsquo;adapter l&rsquo;apparence et l&rsquo;ambiance de vos \u00e9l\u00e9ments collants conform\u00e9ment \u00e0 la conception de votre site Web. De plus, le My Sticky Elements Pro englobe \u00e9galement un assortiment de fonctionnalit\u00e9s avanc\u00e9es, y compris les animations de d\u00e9filement, l&rsquo;affichage conditionnel et le contenu dynamique. Ce qui distingue ce plugin n&rsquo;est pas seulement sa nature conviviale, mais aussi sa r\u00e9activit\u00e9 et sa compatibilit\u00e9 compl\u00e8tes avec tous les principaux th\u00e8mes et plugins WordPress. En exploitant la puissance de My Sticky Elements Pro, vous avez la possibilit\u00e9 d&rsquo;am\u00e9liorer l&rsquo;exp\u00e9rience utilisateur de votre site Web et d&rsquo;\u00e9lever vos taux de conversion en hauteurs sans pr\u00e9c\u00e9dent.<\/p>\n<ul>\n<li>Cr\u00e9ez facilement des \u00e9l\u00e9ments collants personnalis\u00e9s sur n&rsquo;importe quelle page ou publication sur votre site Web WordPress<\/li>\n<li>Choisissez parmi une vari\u00e9t\u00e9 de types d&rsquo;\u00e9l\u00e9ments, y compris du texte, des images, des boutons et plus<\/li>\n<li>Personnalisez les param\u00e8tres d&rsquo;affichage des \u00e9l\u00e9ments, y compris la position, la largeur, la hauteur et la couleur<\/li>\n<li>D\u00e9finir les options de comportement de l&rsquo;\u00e9l\u00e9ment, comme si l&rsquo;\u00e9l\u00e9ment doit toujours \u00eatre visible ou appara\u00eetre sur un d\u00e9filement<\/li>\n<li>Ajouter des animations \u00e0 vos \u00e9l\u00e9ments collants pour un attrait visuel suppl\u00e9mentaire<\/li>\n<li>Contr\u00f4lez l&rsquo;index z de l&rsquo;\u00e9l\u00e9ment collant pour vous assurer qu&rsquo;il appara\u00eet au-dessus d&rsquo;un autre contenu<\/li>\n<li>Utilisez le widget inclus pour ajouter facilement votre \u00e9l\u00e9ment collant \u00e0 n&rsquo;importe quelle zone de widget de votre site Web<\/li>\n<li>La conception r\u00e9active garantit que vos \u00e9l\u00e9ments collants ont fi\u00e8re allure sur n&rsquo;importe quel appareil<\/li>\n<li>Aucune comp\u00e9tence de codage requise, utilisez l&rsquo;interface intuitive de glisser-d\u00e9poser pour cr\u00e9er vos \u00e9l\u00e9ments collants personnalis\u00e9s<\/li>\n<\/ul>\n","protected":false},"excerpt":{"rendered":"<p>My Sticky Elements Pro, un plugin WordPress incroyablement robuste et rempli de fonctionnalit\u00e9s, permet aux utilisateurs de g\u00e9n\u00e9rer sans effort des \u00e9l\u00e9ments collants sur leurs sites Web. Ces \u00e9l\u00e9ments peuvent aller des menus de navigation \u00e0 des boutons d&rsquo;appel \u00e0 l&rsquo;action, des banni\u00e8res promotionnelles et au-del\u00e0. Avec son interface glisser-d\u00e9poser ing\u00e9nieusement con\u00e7ue et une vaste s\u00e9lection d&rsquo;options de personnalisation, ce plugin facilite l&rsquo;am\u00e9lioration transparente de l&rsquo;exp\u00e9rience utilisateur et de l&rsquo;engagement sur votre site. Que vous vous identifiiez en tant que blogueur, marketing ou d\u00e9veloppeur Web, My Sticky Elements Pro est une n\u00e9cessit\u00e9 absolue, car il vous offre les outils indispensables requis pour fa\u00e7onner des sites Web qui non seulement d\u00e9gagent le professionnalisme mais offrent \u00e9galement des performances exceptionnelles.<\/p>\n","protected":false},"featured_media":144606,"comment_status":"open","ping_status":"open","template":"","meta":[],"product_brand":[2598],"product_cat":[1189,1181,1186],"product_tag":[2209],"class_list":{"0":"post-116258","1":"product","2":"type-product","3":"status-publish","4":"has-post-thumbnail","6":"product_brand-premio","7":"product_cat-personnalisation","8":"product_cat-plugins","9":"product_cat-wordpress-plugins","10":"product_tag-premio","11":"member-discount","12":"discount-restricted","14":"first","15":"instock","16":"sale","17":"downloadable","18":"virtual","19":"sold-individually","20":"purchasable","21":"product-type-simple"},"_links":{"self":[{"href":"https:\/\/gpl-love.com\/fr\/wp-json\/wp\/v2\/product\/116258","targetHints":{"allow":["GET"]}}],"collection":[{"href":"https:\/\/gpl-love.com\/fr\/wp-json\/wp\/v2\/product"}],"about":[{"href":"https:\/\/gpl-love.com\/fr\/wp-json\/wp\/v2\/types\/product"}],"replies":[{"embeddable":true,"href":"https:\/\/gpl-love.com\/fr\/wp-json\/wp\/v2\/comments?post=116258"}],"wp:featuredmedia":[{"embeddable":true,"href":"https:\/\/gpl-love.com\/fr\/wp-json\/wp\/v2\/media\/144606"}],"wp:attachment":[{"href":"https:\/\/gpl-love.com\/fr\/wp-json\/wp\/v2\/media?parent=116258"}],"wp:term":[{"taxonomy":"product_brand","embeddable":true,"href":"https:\/\/gpl-love.com\/fr\/wp-json\/wp\/v2\/product_brand?post=116258"},{"taxonomy":"product_cat","embeddable":true,"href":"https:\/\/gpl-love.com\/fr\/wp-json\/wp\/v2\/product_cat?post=116258"},{"taxonomy":"product_tag","embeddable":true,"href":"https:\/\/gpl-love.com\/fr\/wp-json\/wp\/v2\/product_tag?post=116258"}],"curies":[{"name":"wp","href":"https:\/\/api.w.org\/{rel}","templated":true}]}}