{"id":116256,"date":"2021-07-05T00:00:00","date_gmt":"2021-07-04T22:00:00","guid":{"rendered":"http:\/\/gpl-love.com\/fr\/produit\/botheme-startup-business-wordpress-theme\/"},"modified":"2026-03-20T22:57:19","modified_gmt":"2026-03-20T21:57:19","slug":"botheme-startup-business-wordpress-theme","status":"publish","type":"product","link":"https:\/\/gpl-love.com\/fr\/produit\/botheme-startup-business-wordpress-theme\/","title":{"rendered":"BoTheme Startup Business WordPress Theme 1.3.1"},"content":{"rendered":"<h3>BoTheme Startup Business WordPress Theme Traits<\/h3>\n<p>Le th\u00e8me WordPress de Bothereme Startup Business poss\u00e8de un \u00e9ventail impressionnant de fonctionnalit\u00e9s qui en font un choix id\u00e9al pour les startups et les petites entreprises. En vertu de son design \u00e9l\u00e9gant et contemporain, ce th\u00e8me est capable de donner \u00e0 votre site Web un air de distinction sans compromettre la convivialit\u00e9 des utilisateurs. Son vaste gamme d&rsquo;options de personnalisation comprend une multitude de dispositions de page d&rsquo;accueil, une vaste s\u00e9lection de sch\u00e9mas de couleurs et une vaste gamme de choix de polices. De plus, il est \u00e9quip\u00e9 d&rsquo;une gamme de pages pr\u00e9d\u00e9finies, telles que nous, les services et le portefeuille, facilitant ainsi la pr\u00e9sentation sans effort de votre entreprise et attirant un nouvel afflux de client\u00e8le. Incontestablement, le th\u00e8me WordPress de la startup Bothreme est pleinement r\u00e9actif et m\u00e9ticuleusement optimis\u00e9 pour les moteurs de recherche, garantissant ainsi que votre site Web conservera son attrait visuel et ses performances sup\u00e9rieures sur tous les appareils. Que vous soyez un entrepreneur en herbe ou un propri\u00e9taire d&rsquo;entreprise \u00e9tabli souhaitant \u00e9lever votre entreprise \u00e0 de nouveaux sommets, ce th\u00e8me est incontestablement comme un choix impeccable.<\/p>\n<ul>\n<li>Design moderne et r\u00e9actif parfait pour les nouvelles entreprises<\/li>\n<li>Page d&rsquo;accueil personnalisable avec sections pr\u00e9-con\u00e7ues pour une configuration facile<\/li>\n<li>Options d&rsquo;en-t\u00eate et de pied de page \u00e0 choisir<\/li>\n<li>Livr\u00e9 avec des plugins utiles, y compris le formulaire de contact 7 et WooCommerce<\/li>\n<li>Optimisation de SEO int\u00e9gr\u00e9e pour une meilleure visibilit\u00e9 des moteurs de recherche<\/li>\n<li>Installation de d\u00e9monstration en un clic pour le d\u00e9marrage rapide<\/li>\n<li>\u00c9quipe de support d\u00e9di\u00e9e disponible pour l&rsquo;aide<\/li>\n<li>Compatible avec tous les navigateurs et appareils modernes<\/li>\n<li>Traduction pr\u00eate pour une port\u00e9e mondiale<\/li>\n<li>R\u00e9guli\u00e8rement mis \u00e0 jour avec de nouvelles fonctionnalit\u00e9s et corrections de bogues.<\/li>\n<\/ul>\n","protected":false},"excerpt":{"rendered":"<p>Lib\u00e9rez le plein potentiel de votre startup avec le th\u00e8me WordPress Bottup Business BotheMeMe. Ce th\u00e8me est sp\u00e9cialement con\u00e7u pour les entrepreneurs qui souhaitent pr\u00e9senter leur startup de mani\u00e8re professionnelle. Il poss\u00e8de une conception rationalis\u00e9e enti\u00e8rement personnalisable, vous permettant de cr\u00e9er un site Web unique et engageant. Avec sa conception r\u00e9active, votre site aura fi\u00e8re allure sur tous les appareils, offrant une exp\u00e9rience transparente \u00e0 vos visiteurs. Il est \u00e9galement livr\u00e9 avec des fonctionnalit\u00e9s avanc\u00e9es telles que l&rsquo;optimisation du r\u00e9f\u00e9rencement, garantissant que votre startup obtient la visibilit\u00e9 dont il a besoin en ligne. Le th\u00e8me WordPress de la start-up Bothereme est convivial, ce qui facilite la configuration et la gestion de leur site Web, m\u00eame pour les individus non savoureux. Stimulez la pr\u00e9sence en ligne de votre startup avec ce th\u00e8me WordPress robuste et polyvalent.<\/p>\n","protected":false},"featured_media":143309,"comment_status":"open","ping_status":"open","template":"","meta":[],"product_brand":[2433],"product_cat":[1516,1212,1213],"product_tag":[1366],"class_list":{"0":"post-116256","1":"product","2":"type-product","3":"status-publish","4":"has-post-thumbnail","6":"product_brand-themeforest","7":"product_cat-entreprise","8":"product_cat-themes","9":"product_cat-wordpress-themes","10":"product_tag-themeforest","11":"member-discount","12":"discount-restricted","14":"first","15":"instock","16":"sale","17":"downloadable","18":"virtual","19":"sold-individually","20":"purchasable","21":"product-type-simple"},"_links":{"self":[{"href":"https:\/\/gpl-love.com\/fr\/wp-json\/wp\/v2\/product\/116256","targetHints":{"allow":["GET"]}}],"collection":[{"href":"https:\/\/gpl-love.com\/fr\/wp-json\/wp\/v2\/product"}],"about":[{"href":"https:\/\/gpl-love.com\/fr\/wp-json\/wp\/v2\/types\/product"}],"replies":[{"embeddable":true,"href":"https:\/\/gpl-love.com\/fr\/wp-json\/wp\/v2\/comments?post=116256"}],"wp:featuredmedia":[{"embeddable":true,"href":"https:\/\/gpl-love.com\/fr\/wp-json\/wp\/v2\/media\/143309"}],"wp:attachment":[{"href":"https:\/\/gpl-love.com\/fr\/wp-json\/wp\/v2\/media?parent=116256"}],"wp:term":[{"taxonomy":"product_brand","embeddable":true,"href":"https:\/\/gpl-love.com\/fr\/wp-json\/wp\/v2\/product_brand?post=116256"},{"taxonomy":"product_cat","embeddable":true,"href":"https:\/\/gpl-love.com\/fr\/wp-json\/wp\/v2\/product_cat?post=116256"},{"taxonomy":"product_tag","embeddable":true,"href":"https:\/\/gpl-love.com\/fr\/wp-json\/wp\/v2\/product_tag?post=116256"}],"curies":[{"name":"wp","href":"https:\/\/api.w.org\/{rel}","templated":true}]}}