{"id":116250,"date":"2022-03-06T00:00:00","date_gmt":"2022-03-05T23:00:00","guid":{"rendered":"http:\/\/gpl-love.com\/fr\/produit\/viralvideo-responsive-magazine-wordpress-theme\/"},"modified":"2026-04-10T18:45:05","modified_gmt":"2026-04-10T16:45:05","slug":"viralvideo-responsive-magazine-wordpress-theme","status":"publish","type":"product","link":"https:\/\/gpl-love.com\/fr\/produit\/viralvideo-responsive-magazine-wordpress-theme\/","title":{"rendered":"ViralVideo Responsive Magazine WordPress Theme 2.8"},"content":{"rendered":"<h3>ViralVideo Responsive Magazine WordPress Theme Traits<\/h3>\n<p>Viralvideo est un th\u00e8me WordPress exceptionnellement \u00e9l\u00e9gant et moderne qui a \u00e9t\u00e9 d\u00e9lib\u00e9r\u00e9ment con\u00e7u pour l&rsquo;utilisation exclusive de magazines en ligne qui mettent principalement l&rsquo;accent sur le contenu vid\u00e9o. Ce th\u00e8me se vante d&rsquo;\u00eatre pleinement r\u00e9actif, garantissant ainsi que votre site Web d\u00e9gagera une apparence visuellement \u00e9tonnante sur n&rsquo;importe quel appareil imaginable. De plus, l&rsquo;inclusion d&rsquo;une fonctionnalit\u00e9 de builder de pages glisser-d\u00e9coller conviviale dans ce th\u00e8me permet la cr\u00e9ation sans effort de dispositions personnalis\u00e9es, vous accordant ainsi la libert\u00e9 d&rsquo;int\u00e9grer de mani\u00e8re transparente le contenu vid\u00e9o captivant sur votre site. De plus, le th\u00e8me propose une vaste collection de mod\u00e8les pr\u00e9d\u00e9finis m\u00e9ticuleusement con\u00e7us pour r\u00e9pondre \u00e0 un \u00e9ventail de types de pages distincts, y compris les pages d&rsquo;accueil, les pages de cat\u00e9gorie et les pages de poste unique. En plus de ces caract\u00e9ristiques remarquables, Viralvideo pr\u00e9sente en outre un panneau d&rsquo;options de th\u00e8me extr\u00eamement puissant, vous permettant de personnaliser sans effort chaque aspect de la conception et de la fonctionnalit\u00e9 de votre site au contenu de votre c\u0153ur. Par cons\u00e9quent, on peut affirmer avec confiance que Viralvideo est le th\u00e8me ultime qui r\u00e9pond parfaitement aux besoins des personnes qui aspirent \u00e0 \u00e9tablir un magazine en ligne compl\u00e8tement professionnel qui tourne principalement autour du contenu vid\u00e9o captivant.<\/p>\n<ul>\n<li>Disposition enti\u00e8rement r\u00e9active, garantir que votre site Web a fi\u00e8re allure sur n&rsquo;importe quel appareil<\/li>\n<li>Prise en charge int\u00e9gr\u00e9e pour les arri\u00e8re-plans vid\u00e9o, vous permettant de cr\u00e9er des exp\u00e9riences visuelles \u00e9tonnantes pour vos visiteurs<\/li>\n<li>Page d&rsquo;accueil multiples et options de mise en page, vous donnant un contr\u00f4le complet sur l&rsquo;apparence de votre site<\/li>\n<li>Boutons de partage social int\u00e9gr\u00e9s, ce qui permet \u00e0 vos visiteurs de partager votre contenu et d&rsquo;augmenter votre port\u00e9e<\/li>\n<li>Comprend de puissantes options de personnalisation, vous permettant de changer facilement de couleurs, de polices et d&rsquo;autres \u00e9l\u00e9ments de conception pour correspondre \u00e0 votre marque<\/li>\n<li>Optimis\u00e9 pour le r\u00e9f\u00e9rencement, en vous assurant que votre contenu est facilement d\u00e9couverte par les moteurs de recherche et les visiteurs<\/li>\n<li>Construit sur la puissante plate-forme WordPress, vous donnant acc\u00e8s \u00e0 d&rsquo;innombrables plugins et extensions pour am\u00e9liorer les fonctionnalit\u00e9s de votre site<\/li>\n<li>Options de typographie avanc\u00e9es, vous permettant de choisir parmi une grande vari\u00e9t\u00e9 de polices pour donner \u00e0 votre site un aspect et une sensation uniques<\/li>\n<li>Comprend plusieurs zones de widget, vous permettant d&rsquo;ajouter facilement du contenu et des fonctionnalit\u00e9s personnalis\u00e9s \u00e0 votre site<\/li>\n<li>Documentation et soutien compl\u00e8tes, en vous assurant que vous pouvez rapidement et facilement mettre votre site op\u00e9rationnel avec un minimum de tracas.<\/li>\n<\/ul>\n","protected":false},"excerpt":{"rendered":"<p>Le th\u00e8me du magazine Viralvideo Responsive WordPress poss\u00e8de une conception de pointe qui r\u00e9pond sp\u00e9cifiquement aux besoins des blogueurs, des blogueurs vid\u00e9o et des sites Web de magazines en ligne. Sa disposition tr\u00e8s r\u00e9active est con\u00e7ue pour s&rsquo;adapter de mani\u00e8re transparente \u00e0 tous les appareils et tailles d&rsquo;\u00e9cran, y compris les affichages de r\u00e9tine haute r\u00e9solution. L&rsquo;une des caract\u00e9ristiques remarquables de ce th\u00e8me est son puissant constructeur de pages de glisser-d\u00e9poser, qui vous permet de cr\u00e9er sans effort des dispositions uniques et visuellement \u00e9tonnantes. Gr\u00e2ce aux formats de post personnalisables et aux options de th\u00e8me intuitif, la gestion et l&rsquo;organisation de votre contenu devient une t\u00e2che sans tracas. De plus, le th\u00e8me int\u00e8gre parfaitement les plateformes de m\u00e9dias sociaux en fournissant des boutons de partage social pratiques, facilitant ainsi un plus grand engagement des utilisateurs et conduisant plus de trafic vers votre site Web. De plus, le th\u00e8me propose une multitude de mod\u00e8les pr\u00e9-con\u00e7us, y compris une disposition de page de magasin et une disposition de playlist vid\u00e9o, pour vous aider \u00e0 \u00e9tendre votre pr\u00e9sence en ligne et \u00e0 atteindre efficacement votre public cible. Si vous \u00eates \u00e0 la recherche d&rsquo;un th\u00e8me WordPress non seulement flexible mais aussi tr\u00e8s polyvalent, capable de faire passer votre site Web au niveau sup\u00e9rieur, alors Viralvideo est sans aucun doute le choix parfait pour vous.<\/p>\n","protected":false},"featured_media":145720,"comment_status":"open","ping_status":"open","template":"","meta":[],"product_brand":[2433],"product_cat":[1242,1212,1213],"product_tag":[1366],"class_list":{"0":"post-116250","1":"product","2":"type-product","3":"status-publish","4":"has-post-thumbnail","6":"product_brand-themeforest","7":"product_cat-creatif","8":"product_cat-themes","9":"product_cat-wordpress-themes","10":"product_tag-themeforest","11":"member-discount","12":"discount-restricted","14":"first","15":"instock","16":"sale","17":"downloadable","18":"virtual","19":"sold-individually","20":"purchasable","21":"product-type-simple"},"_links":{"self":[{"href":"https:\/\/gpl-love.com\/fr\/wp-json\/wp\/v2\/product\/116250","targetHints":{"allow":["GET"]}}],"collection":[{"href":"https:\/\/gpl-love.com\/fr\/wp-json\/wp\/v2\/product"}],"about":[{"href":"https:\/\/gpl-love.com\/fr\/wp-json\/wp\/v2\/types\/product"}],"replies":[{"embeddable":true,"href":"https:\/\/gpl-love.com\/fr\/wp-json\/wp\/v2\/comments?post=116250"}],"wp:featuredmedia":[{"embeddable":true,"href":"https:\/\/gpl-love.com\/fr\/wp-json\/wp\/v2\/media\/145720"}],"wp:attachment":[{"href":"https:\/\/gpl-love.com\/fr\/wp-json\/wp\/v2\/media?parent=116250"}],"wp:term":[{"taxonomy":"product_brand","embeddable":true,"href":"https:\/\/gpl-love.com\/fr\/wp-json\/wp\/v2\/product_brand?post=116250"},{"taxonomy":"product_cat","embeddable":true,"href":"https:\/\/gpl-love.com\/fr\/wp-json\/wp\/v2\/product_cat?post=116250"},{"taxonomy":"product_tag","embeddable":true,"href":"https:\/\/gpl-love.com\/fr\/wp-json\/wp\/v2\/product_tag?post=116250"}],"curies":[{"name":"wp","href":"https:\/\/api.w.org\/{rel}","templated":true}]}}