{"id":116248,"date":"2023-05-11T00:00:00","date_gmt":"2023-05-10T22:00:00","guid":{"rendered":"http:\/\/gpl-love.com\/fr\/produit\/ecole-education-et-school-wordpress-theme\/"},"modified":"2026-03-20T23:02:45","modified_gmt":"2026-03-20T22:02:45","slug":"ecole-education-et-school-wordpress-theme","status":"publish","type":"product","link":"https:\/\/gpl-love.com\/fr\/produit\/ecole-education-et-school-wordpress-theme\/","title":{"rendered":"Ecole Education et School WordPress Theme 1.0.9"},"content":{"rendered":"<h3>Ecole Education et School WordPress Theme Traits<\/h3>\n<p>Ecole Education and School WordPress Th\u00e8me, un th\u00e8me polyvalent et personnalisable explicitement con\u00e7u pour des \u00e9tablissements d&rsquo;enseignement englobant les \u00e9coles, les universit\u00e9s et les cours en ligne, pr\u00e9sente un design moderne et propre int\u00e9gr\u00e9 \u00e0 une abondance d&rsquo;options personnalisables qui facilitent la cr\u00e9ation sans couture d&rsquo;un site Web distinctif et professionnel. Cela refl\u00e8te votre marque. B\u00e9n\u00e9ficiant d&rsquo;une interface conviviale et d&rsquo;un \u00e9diteur visuel intuitif, la t\u00e2che ardue de cr\u00e9er des pages et de personnaliser les mises en page est rendue sans effort. En outre, ce th\u00e8me englobe toutes les fonctionnalit\u00e9s indispensables qui ne sont pas requises pour un site Web \u00e9ducatif, englobant les listes de cours, les calendriers d&rsquo;\u00e9v\u00e9nements, les profils des enseignants et les fonctionnalit\u00e9s de blog. En somme, l&rsquo;\u00e9ducation Ecole et le th\u00e8me WordPress scolaire appara\u00eet sans aucun doute comme un choix exceptionnel pour tout \u00e9tablissement d&rsquo;enseignement aspirant \u00e0 forger une pr\u00e9sence en ligne convaincante et adente.<\/p>\n<ul>\n<li>Design moderne et \u00e9l\u00e9gant<\/li>\n<li>Disposition de page d&rsquo;accueil personnalisable<\/li>\n<li>Syst\u00e8me de gestion de l&rsquo;apprentissage int\u00e9gr\u00e9<\/li>\n<li>Int\u00e9gration avec des plugins populaires tels que WooCommerce et WPML<\/li>\n<li>R\u00e9actif et convivial<\/li>\n<li>Facile \u00e0 utiliser et \u00e0 naviguer pour les administrateurs et les \u00e9tudiants<\/li>\n<li>Mod\u00e8les de plusieurs pages pour divers types de pages scolaires, tels que les \u00e9v\u00e9nements et les enseignants<\/li>\n<li>Compatible avec tous les principaux navigateurs Web<\/li>\n<li>Importation de donn\u00e9es de d\u00e9monstration en un clic pour une configuration facile<\/li>\n<li>Documentation approfondie et soutien fournies.<\/li>\n<\/ul>\n","protected":false},"excerpt":{"rendered":"<p>Le th\u00e8me de l&rsquo;\u00e9ducation Ecole et de l&rsquo;\u00e9cole WordPress, \u00e9tant un th\u00e8me tr\u00e8s polyvalent et contemporain, a \u00e9t\u00e9 intelligemment con\u00e7u pour r\u00e9pondre aux besoins et pr\u00e9f\u00e9rences sp\u00e9cifiques des \u00e9tablissements d&rsquo;enseignement. Poss\u00e9dant un design \u00e9l\u00e9gant et poli, ce th\u00e8me s&rsquo;av\u00e8re \u00eatre un ajustement id\u00e9al pour un \u00e9ventail diversifi\u00e9 d&rsquo;\u00e9tablissements \u00e9ducatifs, englobant les \u00e9coles, les coll\u00e8ges, les universit\u00e9s et diverses autres organisations \u00e9ducatives. La gamme compl\u00e8te de fonctionnalit\u00e9s int\u00e9gr\u00e9es dans ce th\u00e8me remarquable comprend des dispositions de page d&rsquo;accueil personnalisables, un constructeur de pages convivial, plusieurs styles de menu, un calendrier des \u00e9v\u00e9nements efficaces et bien d&rsquo;autres. Ce qui distingue vraiment le th\u00e8me Ecole, c&rsquo;est sa r\u00e9activit\u00e9 compl\u00e8te, garantissant une adaptabilit\u00e9 transparente sur tous les appareils, son optimisation m\u00e9ticuleuse pour l&rsquo;optimisation des moteurs de recherche (SEO), am\u00e9liorant efficacement la visibilit\u00e9 en ligne, et son soutien inestimable pour plusieurs langues, facilitant ainsi la sensibilisation mondiale. Incontestablement, le th\u00e8me Ecole, avec son op\u00e9ration simple, appara\u00eet comme l&rsquo;instrument par excellence, renfor\u00e7ant la cr\u00e9ation d&rsquo;une repr\u00e9sentation en ligne exceptionnelle et sophistiqu\u00e9e pour votre \u00e9tablissement d&rsquo;enseignement estim\u00e9.<\/p>\n","protected":false},"featured_media":143664,"comment_status":"open","ping_status":"open","template":"","meta":[],"product_brand":[2433],"product_cat":[1242,1212,1213],"product_tag":[1366],"class_list":{"0":"post-116248","1":"product","2":"type-product","3":"status-publish","4":"has-post-thumbnail","6":"product_brand-themeforest","7":"product_cat-creatif","8":"product_cat-themes","9":"product_cat-wordpress-themes","10":"product_tag-themeforest","11":"member-discount","12":"discount-restricted","14":"first","15":"instock","16":"sale","17":"downloadable","18":"virtual","19":"sold-individually","20":"purchasable","21":"product-type-simple"},"_links":{"self":[{"href":"https:\/\/gpl-love.com\/fr\/wp-json\/wp\/v2\/product\/116248","targetHints":{"allow":["GET"]}}],"collection":[{"href":"https:\/\/gpl-love.com\/fr\/wp-json\/wp\/v2\/product"}],"about":[{"href":"https:\/\/gpl-love.com\/fr\/wp-json\/wp\/v2\/types\/product"}],"replies":[{"embeddable":true,"href":"https:\/\/gpl-love.com\/fr\/wp-json\/wp\/v2\/comments?post=116248"}],"wp:featuredmedia":[{"embeddable":true,"href":"https:\/\/gpl-love.com\/fr\/wp-json\/wp\/v2\/media\/143664"}],"wp:attachment":[{"href":"https:\/\/gpl-love.com\/fr\/wp-json\/wp\/v2\/media?parent=116248"}],"wp:term":[{"taxonomy":"product_brand","embeddable":true,"href":"https:\/\/gpl-love.com\/fr\/wp-json\/wp\/v2\/product_brand?post=116248"},{"taxonomy":"product_cat","embeddable":true,"href":"https:\/\/gpl-love.com\/fr\/wp-json\/wp\/v2\/product_cat?post=116248"},{"taxonomy":"product_tag","embeddable":true,"href":"https:\/\/gpl-love.com\/fr\/wp-json\/wp\/v2\/product_tag?post=116248"}],"curies":[{"name":"wp","href":"https:\/\/api.w.org\/{rel}","templated":true}]}}