{"id":116246,"date":"2021-07-05T00:00:00","date_gmt":"2021-07-04T22:00:00","guid":{"rendered":"http:\/\/gpl-love.com\/fr\/produit\/woocommerce-product-stats-et-related\/"},"modified":"2026-04-10T18:48:11","modified_gmt":"2026-04-10T16:48:11","slug":"woocommerce-product-stats-et-related","status":"publish","type":"product","link":"https:\/\/gpl-love.com\/fr\/produit\/woocommerce-product-stats-et-related\/","title":{"rendered":"WooCommerce Product Stats et Related 3.2"},"content":{"rendered":"<h3>WooCommerce Product Stats et Related Traits<\/h3>\n<p>Les statistiques de produits WooCommerce et le plugin associ\u00e9 sont sp\u00e9cifiquement con\u00e7ues pour les entrepreneurs qui exploitent des magasins en ligne et aspirent \u00e0 \u00e9lever leur entreprise \u00e0 de nouveaux sommets. Ce plugin robuste permet aux utilisateurs de se plonger dans les performances de leur produit et le comportement des clients, leur permettant ainsi de prendre des d\u00e9cisions bien inform\u00e9es concernant leurs efforts commerciaux. En int\u00e9grant de mani\u00e8re transparente ce plugin dans votre boutique en ligne, vous avez acc\u00e8s \u00e0 des statistiques compl\u00e8tes en temps r\u00e9el englobant les vues, les ventes et les revenus des produits. De plus, vous avez des informations inestimables concernant vos produits et cat\u00e9gories les plus performants. En d\u00e9poustant de ces avantages, vous obtenez des rapports complexes \u00e9lucidant les mod\u00e8les d&rsquo;achat de vos clients, les pr\u00e9f\u00e9rences de produits et un \u00e9ventail d&rsquo;autres informations pertinentes. En outre, les statistiques de produits WooCommerce et le plugin connexe recommandent de mani\u00e8re transparente des produits connexes \u00e0 vos clients estim\u00e9s en fonction de leur historique de navigation et d&rsquo;achat, augmentant ainsi exponentiellement vos chiffres de vente et am\u00e9liorant la satisfaction des clients. Ce plugin indispensable, caract\u00e9ris\u00e9 par son interface conviviale et ses fonctionnalit\u00e9s puissantes, est un outil essentiel pour tout propri\u00e9taire de magasin en ligne qui s&rsquo;efforce d&rsquo;\u00e9tendre ses op\u00e9rations commerciales.<\/p>\n<ul>\n<li>Statistiques de produits en temps r\u00e9el affich\u00e9es dans les widgets du tableau de bord<\/li>\n<li>Suivre les ventes et les revenus des produits individuels<\/li>\n<li>Afficher l&rsquo;inventaire des produits et les niveaux de stock<\/li>\n<li>Surveillez les avis des clients de vos produits<\/li>\n<li>Recevoir des notifications de faibles niveaux de stock et de besoins de r\u00e9approvisionnement<\/li>\n<li>Naviguer facilement sur les produits connexes et les possibilit\u00e9s de vente crois\u00e9e<\/li>\n<li>Am\u00e9liorer la gestion des produits et la prise de d\u00e9cision avec des informations bas\u00e9es sur les donn\u00e9es<\/li>\n<li>Compatible avec tous les th\u00e8mes et extensions WooCommerce<\/li>\n<li>Processus d&rsquo;installation et de configuration rapide et facile.<\/li>\n<\/ul>\n","protected":false},"excerpt":{"rendered":"<p>Les statistiques de produits WooCommerce et connexes sont un plugin indispensable et essentiel qui ne doit \u00eatre n\u00e9glig\u00e9 par aucune boutique en ligne qui utilise WooCommerce. Cet outil remarquable et puissant offre une vaste gamme de statistiques compl\u00e8tes concernant vos produits WooCommerce, vous permettant ainsi de prendre des d\u00e9cisions commerciales bien inform\u00e9es et judicieuses. En vous serant \u00e0 profiter d&rsquo;informations d\u00e9taill\u00e9es et complexes concernant les vues, les ventes et le comportement des clients, vous pouvez affiner sans effort et optimiser vos offres de produits, conduisant \u00e0 une am\u00e9lioration substantielle des ventes. En outre, ce plugin profite des suggestions pr\u00e9cieuses et pertinentes pour les produits connexes aux clients, augmentant ainsi davantage l&rsquo;exp\u00e9rience d&rsquo;achat globale et favorisant une plus grande propension \u00e0 des achats accrus. Pour r\u00e9sumer, l&rsquo;ajout de statistiques de produits WooCommerce et li\u00e9s \u00e0 tout magasin WooCommerce est une d\u00e9cision vraiment avantageuse et b\u00e9n\u00e9fique, car elle contribue effectivement \u00e0 la conduite du triomphe des entreprises et \u00e0 la promotion de la croissance exponentielle.<\/p>\n","protected":false},"featured_media":145994,"comment_status":"open","ping_status":"open","template":"","meta":[],"product_brand":[2435],"product_cat":[1183,1182,1181],"product_tag":[1231],"class_list":{"0":"post-116246","1":"product","2":"type-product","3":"status-publish","4":"has-post-thumbnail","6":"product_brand-codecanyon","7":"product_cat-administration","8":"product_cat-commerce-electronique-plugins","9":"product_cat-plugins","10":"product_tag-codecanyon","11":"member-discount","12":"discount-restricted","14":"first","15":"instock","16":"sale","17":"downloadable","18":"virtual","19":"sold-individually","20":"purchasable","21":"product-type-simple"},"_links":{"self":[{"href":"https:\/\/gpl-love.com\/fr\/wp-json\/wp\/v2\/product\/116246","targetHints":{"allow":["GET"]}}],"collection":[{"href":"https:\/\/gpl-love.com\/fr\/wp-json\/wp\/v2\/product"}],"about":[{"href":"https:\/\/gpl-love.com\/fr\/wp-json\/wp\/v2\/types\/product"}],"replies":[{"embeddable":true,"href":"https:\/\/gpl-love.com\/fr\/wp-json\/wp\/v2\/comments?post=116246"}],"wp:featuredmedia":[{"embeddable":true,"href":"https:\/\/gpl-love.com\/fr\/wp-json\/wp\/v2\/media\/145994"}],"wp:attachment":[{"href":"https:\/\/gpl-love.com\/fr\/wp-json\/wp\/v2\/media?parent=116246"}],"wp:term":[{"taxonomy":"product_brand","embeddable":true,"href":"https:\/\/gpl-love.com\/fr\/wp-json\/wp\/v2\/product_brand?post=116246"},{"taxonomy":"product_cat","embeddable":true,"href":"https:\/\/gpl-love.com\/fr\/wp-json\/wp\/v2\/product_cat?post=116246"},{"taxonomy":"product_tag","embeddable":true,"href":"https:\/\/gpl-love.com\/fr\/wp-json\/wp\/v2\/product_tag?post=116246"}],"curies":[{"name":"wp","href":"https:\/\/api.w.org\/{rel}","templated":true}]}}