{"id":116241,"date":"2025-04-16T00:00:00","date_gmt":"2025-04-15T22:00:00","guid":{"rendered":"http:\/\/gpl-love.com\/fr\/produit\/gravity-forms-webhooks-addon\/"},"modified":"2026-03-20T23:18:17","modified_gmt":"2026-03-20T22:18:17","slug":"gravity-forms-webhooks-addon","status":"publish","type":"product","link":"https:\/\/gpl-love.com\/fr\/produit\/gravity-forms-webhooks-addon\/","title":{"rendered":"Gravity Forms Webhooks AddOn 1.7.0"},"content":{"rendered":"<h3>Gravity Forms Webhooks AddOn Traits<\/h3>\n<p>L&rsquo;addon de webhooks des formulaires de gravit\u00e9 est un plugin exceptionnellement puissant qui sert \u00e0 faciliter l&rsquo;automatisation de votre flux de travail en int\u00e9grant de mani\u00e8re transparente vos formulaires de gravit\u00e9 avec une multitude d&rsquo;applications tierces. En d\u00e9ploiement de cet addon particulier, vous gagnez la possibilit\u00e9 de g\u00e9n\u00e9rer des webhooks sans effort qui sont rapidement d\u00e9clench\u00e9s lors de la survenue d&rsquo;une soumission de formulaire. Par cons\u00e9quent, vous pouvez exploiter ces donn\u00e9es inestimables pour rationaliser efficacement vos op\u00e9rations commerciales, englobant, mais sans s&rsquo;y limiter, des actions telles que la diffusion des notifications par e-mail, la mise \u00e0 jour m\u00e9ticuleuse de votre CRM, ou m\u00eame la cr\u00e9ation d&rsquo;un billet de support enti\u00e8rement nouveau. Remarquablement, le plugin lui-m\u00eame est caract\u00e9ris\u00e9 par sa nature conviviale, garantissant que son processus de configuration est un jeu d&rsquo;enfant. En outre, sa flexibilit\u00e9 inh\u00e9rente vous permet de personnaliser judicieusement une pl\u00e9thore d&rsquo;\u00e9l\u00e9ments essentiels, y compris l&rsquo;URL Webhook, la charge utile, les en-t\u00eates et la m\u00e9thode HTTP, le tout conform\u00e9ment \u00e0 vos sp\u00e9cifications et pr\u00e9requis uniques. En fin de compte, la gravit\u00e9 Forms Webhooks Addon sert de phare d&rsquo;efficacit\u00e9, travaillant avec diligence \u00e0 l&rsquo;optimisation de votre flux de travail dans une mesure consid\u00e9rable, effectuant ainsi la r\u00e9duction des t\u00e2ches manuelles tout en conservant simultan\u00e9ment le temps et les efforts.<\/p>\n<ul>\n<li>Permet aux utilisateurs des formulaires de gravit\u00e9 de s&rsquo;int\u00e9grer aux applications et services externes via webhooks<\/li>\n<li>Envoie des donn\u00e9es de soumission de formulaire au format JSON \u00e0 l&rsquo;URL sp\u00e9cifi\u00e9e<\/li>\n<li>Peut envoyer des donn\u00e9es sur la soumission des formulaires ou sur des \u00e9v\u00e9nements sp\u00e9cifiques tels que le re\u00e7u de paiement, l&rsquo;enregistrement des utilisateurs ou l&rsquo;abandon du formulaire<\/li>\n<li>\u00c9cran de param\u00e8tres facilement configurable via l&rsquo;\u00e9cran des param\u00e8tres des formulaires de gravit\u00e9<\/li>\n<li>Peut envoyer des en-t\u00eates HTTP personnalis\u00e9s avec la charge utile des donn\u00e9es<\/li>\n<li>Prend en charge le cryptage SSL \/ TLS pour la transmission de donn\u00e9es s\u00e9curis\u00e9e<\/li>\n<li>Fournit une journalisation d\u00e9taill\u00e9e et des rapports d&rsquo;erreurs pour un d\u00e9pannage facile<\/li>\n<li>Compatible avec une large gamme de plates-formes et services externes, notamment Zapier, Salesforce, MailChimp et bien d&rsquo;autres<\/li>\n<li>Aide \u00e0 automatiser les workflows et \u00e0 rationaliser la gestion des donn\u00e9es pour les entreprises de toutes tailles<\/li>\n<li>Offre une solution rentable et flexible pour int\u00e9grer les formulaires Web avec des syst\u00e8mes et applications externes<\/li>\n<\/ul>\n","protected":false},"excerpt":{"rendered":"<p>L&rsquo;addon de webhooks des formulaires Gravity, un outil tr\u00e8s puissant, sert de solution pivot pour int\u00e9grer de mani\u00e8re transparente vos donn\u00e9es de formulaires de gravit\u00e9 avec divers services tiers. En permettant la transmission des soumissions de formulaires via les demandes HTTP \u00e0 une URL pr\u00e9d\u00e9termin\u00e9e, vous pouvez incorporer sans effort vos formulaires dans votre syst\u00e8me de gestion de la relation client (CRM) pr\u00e9f\u00e9r\u00e9e, ou tout autre logiciel qui accepte facilement les demandes de webhook. Organis\u00e9 pour faciliter l&rsquo;optimisation de votre flux de travail et l&rsquo;automatisation de vos processus, cet addon s&rsquo;efforce de simplifier la proc\u00e9dure d&rsquo;int\u00e9gration complexe. Enti\u00e8rement compatible avec toutes les versions des formulaires de gravit\u00e9, l&rsquo;addon de webhooks est indiscutablement comme une ressource indispensable pour les personnes cherchant \u00e0 \u00e9tendre et \u00e0 affiner leurs op\u00e9rations commerciales.<\/p>\n","protected":false},"featured_media":144100,"comment_status":"open","ping_status":"open","template":"","meta":[],"product_brand":[2565],"product_cat":[1189,1181,1186],"product_tag":[1275],"class_list":{"0":"post-116241","1":"product","2":"type-product","3":"status-publish","4":"has-post-thumbnail","6":"product_brand-gravityforms","7":"product_cat-personnalisation","8":"product_cat-plugins","9":"product_cat-wordpress-plugins","10":"product_tag-gravityforms","11":"member-discount","12":"discount-restricted","14":"first","15":"instock","16":"sale","17":"downloadable","18":"virtual","19":"sold-individually","20":"purchasable","21":"product-type-simple"},"_links":{"self":[{"href":"https:\/\/gpl-love.com\/fr\/wp-json\/wp\/v2\/product\/116241","targetHints":{"allow":["GET"]}}],"collection":[{"href":"https:\/\/gpl-love.com\/fr\/wp-json\/wp\/v2\/product"}],"about":[{"href":"https:\/\/gpl-love.com\/fr\/wp-json\/wp\/v2\/types\/product"}],"replies":[{"embeddable":true,"href":"https:\/\/gpl-love.com\/fr\/wp-json\/wp\/v2\/comments?post=116241"}],"wp:featuredmedia":[{"embeddable":true,"href":"https:\/\/gpl-love.com\/fr\/wp-json\/wp\/v2\/media\/144100"}],"wp:attachment":[{"href":"https:\/\/gpl-love.com\/fr\/wp-json\/wp\/v2\/media?parent=116241"}],"wp:term":[{"taxonomy":"product_brand","embeddable":true,"href":"https:\/\/gpl-love.com\/fr\/wp-json\/wp\/v2\/product_brand?post=116241"},{"taxonomy":"product_cat","embeddable":true,"href":"https:\/\/gpl-love.com\/fr\/wp-json\/wp\/v2\/product_cat?post=116241"},{"taxonomy":"product_tag","embeddable":true,"href":"https:\/\/gpl-love.com\/fr\/wp-json\/wp\/v2\/product_tag?post=116241"}],"curies":[{"name":"wp","href":"https:\/\/api.w.org\/{rel}","templated":true}]}}