{"id":116239,"date":"2024-04-05T00:00:00","date_gmt":"2024-04-04T22:00:00","guid":{"rendered":"http:\/\/gpl-love.com\/fr\/produit\/gravity-forms-sendgrid-addon\/"},"modified":"2026-03-20T23:18:07","modified_gmt":"2026-03-20T22:18:07","slug":"gravity-forms-sendgrid-addon","status":"publish","type":"product","link":"https:\/\/gpl-love.com\/fr\/produit\/gravity-forms-sendgrid-addon\/","title":{"rendered":"Gravity Forms SendGrid Addon 1.6.0"},"content":{"rendered":"<h3>Gravity Forms SendGrid Addon Traits<\/h3>\n<p>Les formulaires Gravity SendGrid sont un outil incroyablement puissant, servant les entreprises dans le but de rationaliser et d&rsquo;am\u00e9liorer leurs efforts de communication par e-mail gr\u00e2ce \u00e0 l&rsquo;int\u00e9gration transparente des formulaires de gravit\u00e9 et de SendGrid. En utilisant cet addon, les utilisateurs ont la commodit\u00e9 de concevoir et de g\u00e9rer sans effort des mod\u00e8les de messagerie sur mesure, de mettre en \u0153uvre des porte-autores, de suivre m\u00e9ticuleusement les livraisons d&rsquo;e-mail et de surveiller vigilant les tarifs ouverts et de clics. En outre, cet addon poss\u00e8de une pl\u00e9thore de fonctionnalit\u00e9s avanc\u00e9es, comprenant la logique conditionnelle, des formulaires de plusieurs pages et des t\u00e9l\u00e9chargements de fichiers, permettant ainsi aux utilisateurs avec une domination ultime sur leurs campagnes de messagerie. Par cons\u00e9quent, avec l&rsquo;utilisation des formulaires de gravit\u00e9 SendGrid Addon, les entreprises sont capables de forger sans effort des liens avec leur public cible et de faire progresser efficacement leurs strat\u00e9gies de marketing globales.<\/p>\n<ul>\n<li>Int\u00e9gration transparente du service de messagerie SendGrid avec des formulaires de gravit\u00e9<\/li>\n<li>Notifications par e-mail instantan\u00e9es et correspondants d&rsquo;autores<\/li>\n<li>Processus de configuration et de configuration facile<\/li>\n<li>Possibilit\u00e9 de personnaliser les mod\u00e8les de messagerie \u00e0 des fins de marque<\/li>\n<li>Suivi en temps r\u00e9el et analyse pour les ouvertures, les clics et les conversions par e-mail<\/li>\n<li>Fonctionnalit\u00e9s avanc\u00e9es de livraison par e-mail telles que les listes de suppression et les rapports de spam<\/li>\n<li>Livraison d&rsquo;e-mail fiable avec les taux de livrabilit\u00e9 \u00e9lev\u00e9s de SendGrid<\/li>\n<li>Transmission s\u00e9curis\u00e9e des donn\u00e9es client avec cryptage int\u00e9gr\u00e9<\/li>\n<li>Int\u00e9gration avec les CRM populaires et les outils d&rsquo;automatisation marketing<\/li>\n<li>Acc\u00e8s \u00e0 l&rsquo;\u00e9quipe de support client de SendGrid pour une assistance technique<\/li>\n<\/ul>\n","protected":false},"excerpt":{"rendered":"<p>Les formulaires de gravit\u00e9 SendGrid Addon s&rsquo;av\u00e8re \u00eatre un outil incroyablement robuste et efficace qui int\u00e8gre de mani\u00e8re transparente vos formulaires de gravit\u00e9 avec les services de messagerie SendGrid tr\u00e8s acclam\u00e9s. Cet addon extraordinaire vous accorde la capacit\u00e9 in\u00e9gal\u00e9e \u00e0 exp\u00e9dier sans effort les notifications par e-mail, les newsletters et un large \u00e9ventail d&rsquo;autres messages essentiels directement \u00e0 partir de votre tableau de bord des formulaires de gravit\u00e9. En utilisant des fonctionnalit\u00e9s avanc\u00e9es telles que la segmentation de la liste de diffusion, la messagerie personnalis\u00e9e et l&rsquo;optimisation de la livraison, vous pouvez \u00eatre assur\u00e9 que vos messages atteindront sans aucun doute leurs destinataires pr\u00e9vus. Que vous soyez un propri\u00e9taire d&rsquo;entreprise \u00e0 petite \u00e9chelle, un professionnel du marketing ou m\u00eame un d\u00e9veloppeur qualifi\u00e9, la gravit\u00e9 Forms SendGrid Addon repr\u00e9sente un instrument absolument indispensable pour rationaliser vos campagnes d&rsquo;e-mail et finalement maximiser votre sensibilisation globale.<\/p>\n","protected":false},"featured_media":144089,"comment_status":"open","ping_status":"open","template":"","meta":[],"product_brand":[2565],"product_cat":[1207,1181,1186],"product_tag":[1275],"class_list":{"0":"post-116239","1":"product","2":"type-product","3":"status-publish","4":"has-post-thumbnail","6":"product_brand-gravityforms","7":"product_cat-commercialisation-wordpress-plugins","8":"product_cat-plugins","9":"product_cat-wordpress-plugins","10":"product_tag-gravityforms","11":"member-discount","12":"discount-restricted","14":"first","15":"instock","16":"sale","17":"downloadable","18":"virtual","19":"sold-individually","20":"purchasable","21":"product-type-simple"},"_links":{"self":[{"href":"https:\/\/gpl-love.com\/fr\/wp-json\/wp\/v2\/product\/116239","targetHints":{"allow":["GET"]}}],"collection":[{"href":"https:\/\/gpl-love.com\/fr\/wp-json\/wp\/v2\/product"}],"about":[{"href":"https:\/\/gpl-love.com\/fr\/wp-json\/wp\/v2\/types\/product"}],"replies":[{"embeddable":true,"href":"https:\/\/gpl-love.com\/fr\/wp-json\/wp\/v2\/comments?post=116239"}],"wp:featuredmedia":[{"embeddable":true,"href":"https:\/\/gpl-love.com\/fr\/wp-json\/wp\/v2\/media\/144089"}],"wp:attachment":[{"href":"https:\/\/gpl-love.com\/fr\/wp-json\/wp\/v2\/media?parent=116239"}],"wp:term":[{"taxonomy":"product_brand","embeddable":true,"href":"https:\/\/gpl-love.com\/fr\/wp-json\/wp\/v2\/product_brand?post=116239"},{"taxonomy":"product_cat","embeddable":true,"href":"https:\/\/gpl-love.com\/fr\/wp-json\/wp\/v2\/product_cat?post=116239"},{"taxonomy":"product_tag","embeddable":true,"href":"https:\/\/gpl-love.com\/fr\/wp-json\/wp\/v2\/product_tag?post=116239"}],"curies":[{"name":"wp","href":"https:\/\/api.w.org\/{rel}","templated":true}]}}